{"id":11312,"date":"2023-07-11T21:51:54","date_gmt":"2023-07-12T02:51:54","guid":{"rendered":"https:\/\/suite88.com\/cadeaux-de-remerciement\/"},"modified":"2024-10-14T14:09:36","modified_gmt":"2024-10-14T19:09:36","slug":"cadeaux-de-remerciement","status":"publish","type":"page","link":"https:\/\/suite88.com\/fr\/cadeaux-de-remerciement\/","title":{"rendered":"Cadeaux de remerciement"},"content":{"rendered":"\n\t<div id=\"gap-1395989073\" class=\"gap-element clearfix\" style=\"display:block; height:auto;\">\n\t\t\n<style>\n#gap-1395989073 {\n  padding-top: 30px;\n}\n<\/style>\n\t<\/div>\n\t\n\n<div class=\"container section-title-container\" ><h1 class=\"section-title section-title-center\"><b aria-hidden=\"true\"><\/b><span class=\"section-title-main\" style=\"color:rgb(188, 95, 4);\">cadeaux de remerciement<\/span><b aria-hidden=\"true\"><\/b><\/h1><\/div>\n\n<div class=\"row\"  id=\"row-2001663938\">\n\n\n\t<div id=\"col-1093187422\" class=\"col small-12 large-12\"  >\n\t\t\t\t<div class=\"col-inner\"  >\n\t\t\t\n\t\t\t\n\n<h3>Vous cherchez un cadeau de remerciement pour vos clients, un cadeau pour vos employ\u00e9s ou un cadeau de marque ? Nous avons quelque chose de sucr\u00e9 qui correspond \u00e0 votre budget.&nbsp; Choisissez votre chocolat et personnalisez votre cadeau avec une \u00e9tiquette, un ruban ou des chocolats de marque.&nbsp; Id\u00e9al pour les r\u00e9unions, conf\u00e9rences et autres \u00e9v\u00e9nements.<\/h3>\n<a href=\"mailto:info@suite88.com\" target=\"_blank\" class=\"button primary\" rel=\"noopener\" >\n\t\t<span>demander plus d&#039;informations<\/span>\n\t<\/a>\n\n\n\n\t\t<\/div>\n\t\t\t\t\t<\/div>\n\n\t\n\n<\/div>\n\t\n  \n    <div class=\"row  equalize-box large-columns-2 medium-columns- small-columns- row-xsmall\" >\n  <\/div>\n\n\n","protected":false},"excerpt":{"rendered":"","protected":false},"author":1,"featured_media":0,"parent":0,"menu_order":0,"comment_status":"closed","ping_status":"closed","template":"","meta":{"footnotes":""},"class_list":["post-11312","page","type-page","status-publish","hentry"],"yoast_head":"<!-- This site is optimized with the Yoast SEO Premium plugin v27.3 (Yoast SEO v27.3) - https:\/\/yoast.com\/product\/yoast-seo-premium-wordpress\/ -->\n<title>Cadeaux de remerciement &#8226; suite88.com<\/title>\n<meta name=\"description\" content=\"Vous cherchez un cadeau de remerciement pour vos clients, un cadeau pour vos employ\u00e9s ou un cadeau de marque ? Nous avons quelque chose de sucr\u00e9 qui correspond \u00e0 votre budget. Choisissez votre chocolat et personnalisez votre cadeau avec une \u00e9tiquette, un ruban ou des chocolats de marque. Id\u00e9al pour les r\u00e9unions, conf\u00e9rences et autres \u00e9v\u00e9nements.\" \/>\n<meta name=\"robots\" content=\"index, follow, max-snippet:-1, max-image-preview:large, max-video-preview:-1\" \/>\n<link rel=\"canonical\" href=\"https:\/\/suite88.com\/fr\/cadeaux-de-remerciement\/\" \/>\n<meta property=\"og:locale\" content=\"fr_FR\" \/>\n<meta property=\"og:type\" content=\"article\" \/>\n<meta property=\"og:title\" content=\"Cadeaux de remerciement\" \/>\n<meta property=\"og:description\" content=\"Vous cherchez un cadeau de remerciement pour vos clients, un cadeau pour vos employ\u00e9s ou un cadeau de marque ? Nous avons quelque chose de sucr\u00e9 qui correspond \u00e0 votre budget. Choisissez votre chocolat et personnalisez votre cadeau avec une \u00e9tiquette, un ruban ou des chocolats de marque. Id\u00e9al pour les r\u00e9unions, conf\u00e9rences et autres \u00e9v\u00e9nements.\" \/>\n<meta property=\"og:url\" content=\"https:\/\/suite88.com\/fr\/cadeaux-de-remerciement\/\" \/>\n<meta property=\"og:site_name\" content=\"suite88.com\" \/>\n<meta property=\"article:publisher\" content=\"https:\/\/www.facebook.com\/suite88\" \/>\n<meta property=\"article:modified_time\" content=\"2024-10-14T19:09:36+00:00\" \/>\n<meta property=\"og:image\" content=\"https:\/\/suite88.com\/wp-content\/uploads\/2023\/09\/logo-1200x675-1.png\" \/>\n\t<meta property=\"og:image:width\" content=\"1200\" \/>\n\t<meta property=\"og:image:height\" content=\"675\" \/>\n\t<meta property=\"og:image:type\" content=\"image\/png\" \/>\n<meta name=\"twitter:card\" content=\"summary_large_image\" \/>\n<meta name=\"twitter:label1\" content=\"Dur\u00e9e de lecture estim\u00e9e\" \/>\n\t<meta name=\"twitter:data1\" content=\"1 minute\" \/>\n<script type=\"application\/ld+json\" class=\"yoast-schema-graph\">{\"@context\":\"https:\\\/\\\/schema.org\",\"@graph\":[{\"@type\":\"WebPage\",\"@id\":\"https:\\\/\\\/suite88.com\\\/fr\\\/cadeaux-de-remerciement\\\/\",\"url\":\"https:\\\/\\\/suite88.com\\\/fr\\\/cadeaux-de-remerciement\\\/\",\"name\":\"Cadeaux de remerciement &#8226; suite88.com\",\"isPartOf\":{\"@id\":\"https:\\\/\\\/suite88.com\\\/fr\\\/#website\"},\"datePublished\":\"2023-07-12T02:51:54+00:00\",\"dateModified\":\"2024-10-14T19:09:36+00:00\",\"description\":\"Vous cherchez un cadeau de remerciement pour vos clients, un cadeau pour vos employ\u00e9s ou un cadeau de marque ? Nous avons quelque chose de sucr\u00e9 qui correspond \u00e0 votre budget. Choisissez votre chocolat et personnalisez votre cadeau avec une \u00e9tiquette, un ruban ou des chocolats de marque. Id\u00e9al pour les r\u00e9unions, conf\u00e9rences et autres \u00e9v\u00e9nements.\",\"breadcrumb\":{\"@id\":\"https:\\\/\\\/suite88.com\\\/fr\\\/cadeaux-de-remerciement\\\/#breadcrumb\"},\"inLanguage\":\"fr-FR\",\"potentialAction\":[{\"@type\":\"ReadAction\",\"target\":[\"https:\\\/\\\/suite88.com\\\/fr\\\/cadeaux-de-remerciement\\\/\"]}]},{\"@type\":\"BreadcrumbList\",\"@id\":\"https:\\\/\\\/suite88.com\\\/fr\\\/cadeaux-de-remerciement\\\/#breadcrumb\",\"itemListElement\":[{\"@type\":\"ListItem\",\"position\":1,\"name\":\"Home\",\"item\":\"https:\\\/\\\/suite88.com\\\/fr\\\/\"},{\"@type\":\"ListItem\",\"position\":2,\"name\":\"Cadeaux de remerciement\"}]},{\"@type\":\"WebSite\",\"@id\":\"https:\\\/\\\/suite88.com\\\/fr\\\/#website\",\"url\":\"https:\\\/\\\/suite88.com\\\/fr\\\/\",\"name\":\"Suite 88 Chocolatier\",\"description\":\"Fine Belgian chocolate\",\"publisher\":{\"@id\":\"https:\\\/\\\/suite88.com\\\/fr\\\/#organization\"},\"potentialAction\":[{\"@type\":\"SearchAction\",\"target\":{\"@type\":\"EntryPoint\",\"urlTemplate\":\"https:\\\/\\\/suite88.com\\\/fr\\\/?s={search_term_string}\"},\"query-input\":{\"@type\":\"PropertyValueSpecification\",\"valueRequired\":true,\"valueName\":\"search_term_string\"}}],\"inLanguage\":\"fr-FR\"},{\"@type\":\"Organization\",\"@id\":\"https:\\\/\\\/suite88.com\\\/fr\\\/#organization\",\"name\":\"Suite 88 Chocolatier\",\"alternateName\":\"Suite 88\",\"url\":\"https:\\\/\\\/suite88.com\\\/fr\\\/\",\"logo\":{\"@type\":\"ImageObject\",\"inLanguage\":\"fr-FR\",\"@id\":\"https:\\\/\\\/suite88.com\\\/fr\\\/#\\\/schema\\\/logo\\\/image\\\/\",\"url\":\"https:\\\/\\\/suite88.com\\\/wp-content\\\/uploads\\\/2021\\\/04\\\/Suite-88-logo.png\",\"contentUrl\":\"https:\\\/\\\/suite88.com\\\/wp-content\\\/uploads\\\/2021\\\/04\\\/Suite-88-logo.png\",\"width\":1536,\"height\":1496,\"caption\":\"Suite 88 Chocolatier\"},\"image\":{\"@id\":\"https:\\\/\\\/suite88.com\\\/fr\\\/#\\\/schema\\\/logo\\\/image\\\/\"},\"sameAs\":[\"https:\\\/\\\/www.facebook.com\\\/suite88\",\"https:\\\/\\\/www.instagram.com\\\/suite88\\\/\",\"https:\\\/\\\/www.pinterest.ca\\\/suite88\\\/\"]}]}<\/script>\n<!-- \/ Yoast SEO Premium plugin. -->","yoast_head_json":{"title":"Cadeaux de remerciement &#8226; suite88.com","description":"Vous cherchez un cadeau de remerciement pour vos clients, un cadeau pour vos employ\u00e9s ou un cadeau de marque ? Nous avons quelque chose de sucr\u00e9 qui correspond \u00e0 votre budget. Choisissez votre chocolat et personnalisez votre cadeau avec une \u00e9tiquette, un ruban ou des chocolats de marque. Id\u00e9al pour les r\u00e9unions, conf\u00e9rences et autres \u00e9v\u00e9nements.","robots":{"index":"index","follow":"follow","max-snippet":"max-snippet:-1","max-image-preview":"max-image-preview:large","max-video-preview":"max-video-preview:-1"},"canonical":"https:\/\/suite88.com\/fr\/cadeaux-de-remerciement\/","og_locale":"fr_FR","og_type":"article","og_title":"Cadeaux de remerciement","og_description":"Vous cherchez un cadeau de remerciement pour vos clients, un cadeau pour vos employ\u00e9s ou un cadeau de marque ? Nous avons quelque chose de sucr\u00e9 qui correspond \u00e0 votre budget. Choisissez votre chocolat et personnalisez votre cadeau avec une \u00e9tiquette, un ruban ou des chocolats de marque. Id\u00e9al pour les r\u00e9unions, conf\u00e9rences et autres \u00e9v\u00e9nements.","og_url":"https:\/\/suite88.com\/fr\/cadeaux-de-remerciement\/","og_site_name":"suite88.com","article_publisher":"https:\/\/www.facebook.com\/suite88","article_modified_time":"2024-10-14T19:09:36+00:00","og_image":[{"width":1200,"height":675,"url":"https:\/\/suite88.com\/wp-content\/uploads\/2023\/09\/logo-1200x675-1.png","type":"image\/png"}],"twitter_card":"summary_large_image","twitter_misc":{"Dur\u00e9e de lecture estim\u00e9e":"1 minute"},"schema":{"@context":"https:\/\/schema.org","@graph":[{"@type":"WebPage","@id":"https:\/\/suite88.com\/fr\/cadeaux-de-remerciement\/","url":"https:\/\/suite88.com\/fr\/cadeaux-de-remerciement\/","name":"Cadeaux de remerciement &#8226; suite88.com","isPartOf":{"@id":"https:\/\/suite88.com\/fr\/#website"},"datePublished":"2023-07-12T02:51:54+00:00","dateModified":"2024-10-14T19:09:36+00:00","description":"Vous cherchez un cadeau de remerciement pour vos clients, un cadeau pour vos employ\u00e9s ou un cadeau de marque ? Nous avons quelque chose de sucr\u00e9 qui correspond \u00e0 votre budget. Choisissez votre chocolat et personnalisez votre cadeau avec une \u00e9tiquette, un ruban ou des chocolats de marque. Id\u00e9al pour les r\u00e9unions, conf\u00e9rences et autres \u00e9v\u00e9nements.","breadcrumb":{"@id":"https:\/\/suite88.com\/fr\/cadeaux-de-remerciement\/#breadcrumb"},"inLanguage":"fr-FR","potentialAction":[{"@type":"ReadAction","target":["https:\/\/suite88.com\/fr\/cadeaux-de-remerciement\/"]}]},{"@type":"BreadcrumbList","@id":"https:\/\/suite88.com\/fr\/cadeaux-de-remerciement\/#breadcrumb","itemListElement":[{"@type":"ListItem","position":1,"name":"Home","item":"https:\/\/suite88.com\/fr\/"},{"@type":"ListItem","position":2,"name":"Cadeaux de remerciement"}]},{"@type":"WebSite","@id":"https:\/\/suite88.com\/fr\/#website","url":"https:\/\/suite88.com\/fr\/","name":"Suite 88 Chocolatier","description":"Fine Belgian chocolate","publisher":{"@id":"https:\/\/suite88.com\/fr\/#organization"},"potentialAction":[{"@type":"SearchAction","target":{"@type":"EntryPoint","urlTemplate":"https:\/\/suite88.com\/fr\/?s={search_term_string}"},"query-input":{"@type":"PropertyValueSpecification","valueRequired":true,"valueName":"search_term_string"}}],"inLanguage":"fr-FR"},{"@type":"Organization","@id":"https:\/\/suite88.com\/fr\/#organization","name":"Suite 88 Chocolatier","alternateName":"Suite 88","url":"https:\/\/suite88.com\/fr\/","logo":{"@type":"ImageObject","inLanguage":"fr-FR","@id":"https:\/\/suite88.com\/fr\/#\/schema\/logo\/image\/","url":"https:\/\/suite88.com\/wp-content\/uploads\/2021\/04\/Suite-88-logo.png","contentUrl":"https:\/\/suite88.com\/wp-content\/uploads\/2021\/04\/Suite-88-logo.png","width":1536,"height":1496,"caption":"Suite 88 Chocolatier"},"image":{"@id":"https:\/\/suite88.com\/fr\/#\/schema\/logo\/image\/"},"sameAs":["https:\/\/www.facebook.com\/suite88","https:\/\/www.instagram.com\/suite88\/","https:\/\/www.pinterest.ca\/suite88\/"]}]}},"_links":{"self":[{"href":"https:\/\/suite88.com\/fr\/wp-json\/wp\/v2\/pages\/11312","targetHints":{"allow":["GET"]}}],"collection":[{"href":"https:\/\/suite88.com\/fr\/wp-json\/wp\/v2\/pages"}],"about":[{"href":"https:\/\/suite88.com\/fr\/wp-json\/wp\/v2\/types\/page"}],"author":[{"embeddable":true,"href":"https:\/\/suite88.com\/fr\/wp-json\/wp\/v2\/users\/1"}],"replies":[{"embeddable":true,"href":"https:\/\/suite88.com\/fr\/wp-json\/wp\/v2\/comments?post=11312"}],"version-history":[{"count":3,"href":"https:\/\/suite88.com\/fr\/wp-json\/wp\/v2\/pages\/11312\/revisions"}],"predecessor-version":[{"id":12140,"href":"https:\/\/suite88.com\/fr\/wp-json\/wp\/v2\/pages\/11312\/revisions\/12140"}],"wp:attachment":[{"href":"https:\/\/suite88.com\/fr\/wp-json\/wp\/v2\/media?parent=11312"}],"curies":[{"name":"wp","href":"https:\/\/api.w.org\/{rel}","templated":true}]}}