{"id":2161,"date":"2020-09-05T16:57:28","date_gmt":"2020-09-05T16:57:28","guid":{"rendered":"http:\/\/acvdevelopment.com\/notre-histoire\/"},"modified":"2025-11-03T21:37:43","modified_gmt":"2025-11-04T02:37:43","slug":"notre-histoire","status":"publish","type":"page","link":"https:\/\/suite88.com\/fr\/notre-histoire\/","title":{"rendered":"Notre histoire"},"content":{"rendered":"\n  <div class=\"banner-grid-wrapper\">\n  <div id=\"banner-grid-474379064\" class=\"banner-grid row row-grid row-xsmall\" data-packery-options=\"\">\n                      \n\n<div class=\"col grid-col large-7 grid-col-2-3\" ><div class=\"col-inner\">\n\n\t<div class=\"img has-hover x md-x lg-x y md-y lg-y\" id=\"image_2118180029\">\n\t\t\t\t\t\t\t\t<div class=\"img-inner image-zoom dark\" >\n\t\t\t<img loading=\"lazy\" decoding=\"async\" width=\"1019\" height=\"778\" src=\"https:\/\/suite88.com\/wp-content\/uploads\/2020\/10\/young-Ashley.jpg\" class=\"attachment-large size-large\" alt=\"jeune chef Ashley\" srcset=\"https:\/\/suite88.com\/wp-content\/uploads\/2020\/10\/young-Ashley.jpg 1019w, https:\/\/suite88.com\/wp-content\/uploads\/2020\/10\/young-Ashley-524x400.jpg 524w, https:\/\/suite88.com\/wp-content\/uploads\/2020\/10\/young-Ashley-768x586.jpg 768w, https:\/\/suite88.com\/wp-content\/uploads\/2020\/10\/young-Ashley-800x611.jpg 800w\" sizes=\"auto, (max-width: 1019px) 100vw, 1019px\" \/>\t\t\t\t\t\t\n\t\t\t\t\t<\/div>\n\t\t\t\t\t\t\t\t\n<style>\n#image_2118180029 {\n  width: 100%;\n}\n<\/style>\n\t<\/div>\n\t\n\n\n<\/div><\/div>\n<div class=\"col grid-col large-7 grid-col-1-3\" ><div class=\"col-inner\">\n\n\n  <div class=\"banner has-hover\" id=\"banner-1084633470\">\n          <div class=\"banner-inner fill\">\n        <div class=\"banner-bg fill\" >\n                                                \n                    <\/div>\n\t\t\n        <div class=\"banner-layers container\">\n            <div class=\"fill banner-link\"><\/div>            \n\n   <div id=\"text-box-869269552\" class=\"text-box banner-layer x50 md-x50 lg-x50 y50 md-y50 lg-y50 res-text\">\n                                <div class=\"text-box-content text dark\">\n              \n              <div class=\"text-inner text-center\">\n                  \n\n<h2 class=\"uppercase\"><strong>pour l&#8217;amour du chocolat !<\/strong><\/h2>\n\n              <\/div>\n           <\/div>\n                            \n<style>\n#text-box-869269552 {\n  width: 65%;\n}\n#text-box-869269552 .text-box-content {\n  font-size: 100%;\n}\n<\/style>\n    <\/div>\n \n\n        <\/div>\n      <\/div>\n\n            \n<style>\n#banner-1084633470 {\n  padding-top: 500px;\n}\n<\/style>\n  <\/div>\n\n\n\n<\/div><\/div>\n<div class=\"col grid-col large-5 grid-col-1\" ><div class=\"col-inner\">\n\n\t<div class=\"img has-hover x md-x lg-x y md-y lg-y\" id=\"image_983769602\">\n\t\t\t\t\t\t\t\t<div class=\"img-inner image-zoom dark\" >\n\t\t\t<img loading=\"lazy\" decoding=\"async\" width=\"935\" height=\"750\" src=\"https:\/\/suite88.com\/wp-content\/uploads\/2020\/10\/Ashley.jpg\" class=\"attachment-large size-large\" alt=\"Chef Ashley Mosca\" srcset=\"https:\/\/suite88.com\/wp-content\/uploads\/2020\/10\/Ashley.jpg 935w, https:\/\/suite88.com\/wp-content\/uploads\/2020\/10\/Ashley-499x400.jpg 499w, https:\/\/suite88.com\/wp-content\/uploads\/2020\/10\/Ashley-768x616.jpg 768w, https:\/\/suite88.com\/wp-content\/uploads\/2020\/10\/Ashley-800x642.jpg 800w\" sizes=\"auto, (max-width: 935px) 100vw, 935px\" \/>\t\t\t\t\t\t\n\t\t\t\t\t<\/div>\n\t\t\t\t\t\t\t\t\n<style>\n#image_983769602 {\n  width: 100%;\n}\n<\/style>\n\t<\/div>\n\t\n\n\n<\/div><\/div>\n\n            <\/div>\n    <style>\n    #banner-grid-474379064 .grid-col-1{height: 600px}\n    #banner-grid-474379064 .grid-col-1-2{height: 300px}\n    #banner-grid-474379064 .grid-col-1-3{height:200px}\n    #banner-grid-474379064 .grid-col-2-3{height: 400px}\n    #banner-grid-474379064 .grid-col-1-4{height: 150px}\n    #banner-grid-474379064 .grid-col-3-4{height: 450px}\n\n\n    \n    \n\n  <\/style>\n    <\/div>\n  \n\t<div id=\"gap-178758026\" class=\"gap-element clearfix\" style=\"display:block; height:auto;\">\n\t\t\n<style>\n#gap-178758026 {\n  padding-top: 30px;\n}\n<\/style>\n\t<\/div>\n\t\n\n<p style=\"text-align: left;\">Suite 88 Chocolatier est fier d&#8217;apporter des chocolats artisanaux \u00e0 Montr\u00e9al depuis plus de 20 ans. Notre amour du chocolat nous incite \u00e0 rechercher les meilleurs ingr\u00e9dients et les meilleures combinaisons de saveurs, car nous pensons que la qualit\u00e9 de chaque ingr\u00e9dient compte. Les chocolats sont fabriqu\u00e9s \u00e0 la main en petites quantit\u00e9s dans notre atelier par notre chef chocolati\u00e8re Ashley Mosca. Ashley a suivi une formation au prestigieux Cordon Bleu d&#8217;Ottawa et met ses mains habiles et son palais au service de notre \u00e9quipe depuis 2008. Elle et notre \u00e9quipe adorent parcourir le monde \u00e0 la recherche des nouvelles tendances et saveurs \u00e0 rapporter et \u00e0 faire d\u00e9guster aux Montr\u00e9alais !<\/p>\n<p style=\"text-align: left;\">\u00ab Je suis tomb\u00e9e amoureuse du chocolat quand j&#8217;\u00e9tais petite fille. Qui ne l&#8217;a pas fait ? J&#8217;ai toujours aim\u00e9 cuisiner, faire de la p\u00e2tisserie et tester de nouvelles recettes. Quand j&#8217;ai d\u00fb choisir ma carri\u00e8re, la d\u00e9cision a \u00e9t\u00e9 facile \u00e0 prendre : je voulais faire des desserts ! Apr\u00e8s mon premier cours sur le chocolat au Cordon Bleu, j&#8217;ai su que \u00e7a allait \u00eatre ma sp\u00e9cialit\u00e9.  La fa\u00e7on dont le chocolat bougeait, changeait et se transformait&#8230; J&#8217;\u00e9tais en admiration. J&#8217;apprenais aupr\u00e8s de grands chefs, dont le ma\u00eetre ouvrier de France Christian Faure, et j&#8217;aimais chaque instant.<\/p>\n<p style=\"text-align: left;\">Ashley s&#8217;est associ\u00e9e \u00e0 l&#8217;experte en marketing Anna Valenti et, ensemble, elles ont d\u00e9velopp\u00e9 et \u00e9largi la port\u00e9e de Suite 88 dans la r\u00e9gion de Montr\u00e9al. Le chocolat est la nourriture des dieux, alors qu&#8217;attendez-vous ?<\/p>\n\n","protected":false},"excerpt":{"rendered":"","protected":false},"author":1,"featured_media":0,"parent":0,"menu_order":0,"comment_status":"closed","ping_status":"closed","template":"","meta":{"footnotes":""},"class_list":["post-2161","page","type-page","status-publish","hentry"],"yoast_head":"<!-- This site is optimized with the Yoast SEO Premium plugin v27.2 (Yoast SEO v27.2) - https:\/\/yoast.com\/product\/yoast-seo-premium-wordpress\/ -->\n<title>Notre histoire &#8226; suite88.com<\/title>\n<meta name=\"robots\" content=\"index, follow, max-snippet:-1, max-image-preview:large, max-video-preview:-1\" \/>\n<link rel=\"canonical\" href=\"https:\/\/suite88.com\/fr\/notre-histoire\/\" \/>\n<meta property=\"og:locale\" content=\"fr_FR\" \/>\n<meta property=\"og:type\" content=\"article\" \/>\n<meta property=\"og:title\" content=\"Notre histoire\" \/>\n<meta property=\"og:url\" content=\"https:\/\/suite88.com\/fr\/notre-histoire\/\" \/>\n<meta property=\"og:site_name\" content=\"suite88.com\" \/>\n<meta property=\"article:publisher\" content=\"https:\/\/www.facebook.com\/suite88\" \/>\n<meta property=\"article:modified_time\" content=\"2025-11-04T02:37:43+00:00\" \/>\n<meta property=\"og:image\" content=\"https:\/\/suite88.com\/wp-content\/uploads\/2023\/09\/logo-1200x675-1.png\" \/>\n\t<meta property=\"og:image:width\" content=\"1200\" \/>\n\t<meta property=\"og:image:height\" content=\"675\" \/>\n\t<meta property=\"og:image:type\" content=\"image\/png\" \/>\n<meta name=\"twitter:card\" content=\"summary_large_image\" \/>\n<meta name=\"twitter:label1\" content=\"Dur\u00e9e de lecture estim\u00e9e\" \/>\n\t<meta name=\"twitter:data1\" content=\"2 minutes\" \/>\n<script type=\"application\/ld+json\" class=\"yoast-schema-graph\">{\"@context\":\"https:\/\/schema.org\",\"@graph\":[{\"@type\":\"WebPage\",\"@id\":\"https:\/\/suite88.com\/fr\/notre-histoire\/\",\"url\":\"https:\/\/suite88.com\/fr\/notre-histoire\/\",\"name\":\"Notre histoire &#8226; suite88.com\",\"isPartOf\":{\"@id\":\"https:\/\/suite88.com\/fr\/#website\"},\"datePublished\":\"2020-09-05T16:57:28+00:00\",\"dateModified\":\"2025-11-04T02:37:43+00:00\",\"breadcrumb\":{\"@id\":\"https:\/\/suite88.com\/fr\/notre-histoire\/#breadcrumb\"},\"inLanguage\":\"fr-FR\",\"potentialAction\":[{\"@type\":\"ReadAction\",\"target\":[\"https:\/\/suite88.com\/fr\/notre-histoire\/\"]}]},{\"@type\":\"BreadcrumbList\",\"@id\":\"https:\/\/suite88.com\/fr\/notre-histoire\/#breadcrumb\",\"itemListElement\":[{\"@type\":\"ListItem\",\"position\":1,\"name\":\"Home\",\"item\":\"https:\/\/suite88.com\/fr\/\"},{\"@type\":\"ListItem\",\"position\":2,\"name\":\"Notre histoire\"}]},{\"@type\":\"WebSite\",\"@id\":\"https:\/\/suite88.com\/fr\/#website\",\"url\":\"https:\/\/suite88.com\/fr\/\",\"name\":\"Suite 88 Chocolatier\",\"description\":\"Fine Belgian chocolate\",\"publisher\":{\"@id\":\"https:\/\/suite88.com\/fr\/#organization\"},\"potentialAction\":[{\"@type\":\"SearchAction\",\"target\":{\"@type\":\"EntryPoint\",\"urlTemplate\":\"https:\/\/suite88.com\/fr\/?s={search_term_string}\"},\"query-input\":{\"@type\":\"PropertyValueSpecification\",\"valueRequired\":true,\"valueName\":\"search_term_string\"}}],\"inLanguage\":\"fr-FR\"},{\"@type\":\"Organization\",\"@id\":\"https:\/\/suite88.com\/fr\/#organization\",\"name\":\"Suite 88 Chocolatier\",\"alternateName\":\"Suite 88\",\"url\":\"https:\/\/suite88.com\/fr\/\",\"logo\":{\"@type\":\"ImageObject\",\"inLanguage\":\"fr-FR\",\"@id\":\"https:\/\/suite88.com\/fr\/#\/schema\/logo\/image\/\",\"url\":\"https:\/\/suite88.com\/wp-content\/uploads\/2021\/04\/Suite-88-logo.png\",\"contentUrl\":\"https:\/\/suite88.com\/wp-content\/uploads\/2021\/04\/Suite-88-logo.png\",\"width\":1536,\"height\":1496,\"caption\":\"Suite 88 Chocolatier\"},\"image\":{\"@id\":\"https:\/\/suite88.com\/fr\/#\/schema\/logo\/image\/\"},\"sameAs\":[\"https:\/\/www.facebook.com\/suite88\",\"https:\/\/www.instagram.com\/suite88\/\",\"https:\/\/www.pinterest.ca\/suite88\/\"]}]}<\/script>\n<!-- \/ Yoast SEO Premium plugin. -->","yoast_head_json":{"title":"Notre histoire &#8226; suite88.com","robots":{"index":"index","follow":"follow","max-snippet":"max-snippet:-1","max-image-preview":"max-image-preview:large","max-video-preview":"max-video-preview:-1"},"canonical":"https:\/\/suite88.com\/fr\/notre-histoire\/","og_locale":"fr_FR","og_type":"article","og_title":"Notre histoire","og_url":"https:\/\/suite88.com\/fr\/notre-histoire\/","og_site_name":"suite88.com","article_publisher":"https:\/\/www.facebook.com\/suite88","article_modified_time":"2025-11-04T02:37:43+00:00","og_image":[{"width":1200,"height":675,"url":"https:\/\/suite88.com\/wp-content\/uploads\/2023\/09\/logo-1200x675-1.png","type":"image\/png"}],"twitter_card":"summary_large_image","twitter_misc":{"Dur\u00e9e de lecture estim\u00e9e":"2 minutes"},"schema":{"@context":"https:\/\/schema.org","@graph":[{"@type":"WebPage","@id":"https:\/\/suite88.com\/fr\/notre-histoire\/","url":"https:\/\/suite88.com\/fr\/notre-histoire\/","name":"Notre histoire &#8226; suite88.com","isPartOf":{"@id":"https:\/\/suite88.com\/fr\/#website"},"datePublished":"2020-09-05T16:57:28+00:00","dateModified":"2025-11-04T02:37:43+00:00","breadcrumb":{"@id":"https:\/\/suite88.com\/fr\/notre-histoire\/#breadcrumb"},"inLanguage":"fr-FR","potentialAction":[{"@type":"ReadAction","target":["https:\/\/suite88.com\/fr\/notre-histoire\/"]}]},{"@type":"BreadcrumbList","@id":"https:\/\/suite88.com\/fr\/notre-histoire\/#breadcrumb","itemListElement":[{"@type":"ListItem","position":1,"name":"Home","item":"https:\/\/suite88.com\/fr\/"},{"@type":"ListItem","position":2,"name":"Notre histoire"}]},{"@type":"WebSite","@id":"https:\/\/suite88.com\/fr\/#website","url":"https:\/\/suite88.com\/fr\/","name":"Suite 88 Chocolatier","description":"Fine Belgian chocolate","publisher":{"@id":"https:\/\/suite88.com\/fr\/#organization"},"potentialAction":[{"@type":"SearchAction","target":{"@type":"EntryPoint","urlTemplate":"https:\/\/suite88.com\/fr\/?s={search_term_string}"},"query-input":{"@type":"PropertyValueSpecification","valueRequired":true,"valueName":"search_term_string"}}],"inLanguage":"fr-FR"},{"@type":"Organization","@id":"https:\/\/suite88.com\/fr\/#organization","name":"Suite 88 Chocolatier","alternateName":"Suite 88","url":"https:\/\/suite88.com\/fr\/","logo":{"@type":"ImageObject","inLanguage":"fr-FR","@id":"https:\/\/suite88.com\/fr\/#\/schema\/logo\/image\/","url":"https:\/\/suite88.com\/wp-content\/uploads\/2021\/04\/Suite-88-logo.png","contentUrl":"https:\/\/suite88.com\/wp-content\/uploads\/2021\/04\/Suite-88-logo.png","width":1536,"height":1496,"caption":"Suite 88 Chocolatier"},"image":{"@id":"https:\/\/suite88.com\/fr\/#\/schema\/logo\/image\/"},"sameAs":["https:\/\/www.facebook.com\/suite88","https:\/\/www.instagram.com\/suite88\/","https:\/\/www.pinterest.ca\/suite88\/"]}]}},"_links":{"self":[{"href":"https:\/\/suite88.com\/fr\/wp-json\/wp\/v2\/pages\/2161","targetHints":{"allow":["GET"]}}],"collection":[{"href":"https:\/\/suite88.com\/fr\/wp-json\/wp\/v2\/pages"}],"about":[{"href":"https:\/\/suite88.com\/fr\/wp-json\/wp\/v2\/types\/page"}],"author":[{"embeddable":true,"href":"https:\/\/suite88.com\/fr\/wp-json\/wp\/v2\/users\/1"}],"replies":[{"embeddable":true,"href":"https:\/\/suite88.com\/fr\/wp-json\/wp\/v2\/comments?post=2161"}],"version-history":[{"count":54,"href":"https:\/\/suite88.com\/fr\/wp-json\/wp\/v2\/pages\/2161\/revisions"}],"predecessor-version":[{"id":12392,"href":"https:\/\/suite88.com\/fr\/wp-json\/wp\/v2\/pages\/2161\/revisions\/12392"}],"wp:attachment":[{"href":"https:\/\/suite88.com\/fr\/wp-json\/wp\/v2\/media?parent=2161"}],"curies":[{"name":"wp","href":"https:\/\/api.w.org\/{rel}","templated":true}]}}