{"id":2271,"date":"2020-09-08T03:56:41","date_gmt":"2020-09-08T03:56:41","guid":{"rendered":"http:\/\/acvdevelopment.com\/termes-et-conditions\/"},"modified":"2020-09-08T04:11:59","modified_gmt":"2020-09-08T04:11:59","slug":"termes-et-conditions","status":"publish","type":"page","link":"https:\/\/suite88.com\/fr\/termes-et-conditions\/","title":{"rendered":"Termes et conditions"},"content":{"rendered":"\n<div class=\"container section-title-container\" ><h3 class=\"section-title section-title-center\"><b aria-hidden=\"true\"><\/b><span class=\"section-title-main\" >Termes et conditions<\/span><b aria-hidden=\"true\"><\/b><\/h3><\/div>\n\n<p>Veuillez lire ces conditions avant d&#8217;utiliser ce site web.<\/p>\n<p>Bienvenue \u00e0 la page web de suite 88 chocolatier inc. (\u00ab Suite 88 \u00bb). Veuillez lire attentivement cette convention (la \u00ab convention \u00bb), qui s\u2019appliquera \u00e0 l\u2019utilisation de cette page web, ainsi qu\u2019\u00e0 l\u2019achat de tous les produits qui vous seront vendus \u00e0 partir de cette page web. En utilisant cette page web, vous attestez que vous avez examin\u00e9 et que vous comprenez les conditions pr\u00e9vues aux pr\u00e9sentes, et que vous acceptez, sans restriction ni condition, d\u2019\u00eatre li\u00e9 par celles-ci.<\/p>\n<p>Puisque les modalit\u00e9s de cette convention peuvent \u00eatre modifi\u00e9es, \u00e0 la discr\u00e9tion exclusive de Suite 88, sans que vous en soyez avis\u00e9, nous vous conseillons de visiter cette page web de temps \u00e0 autre, afin de vous tenir au courant des changements. Votre utilisation continue de cette page web attestera votre consentement \u00e0 tout changement.<\/p>\n<p>1: Politique de protection de la vie priv\u00e9e : l\u2019utilisation de cette page web est assujettie \u00e0 la politique de confidentialit\u00e9 de Suite 88. En acc\u00e9dant \u00e0 cette page web, vous consentez avoir lu non seulement cette convention, mais aussi la politique de confidentialit\u00e9 et \u00eatre li\u00e9 par celles-ci.<\/p>\n<p>2: L\u2019utilisation de cette page web : vous reconnaissez et garantissez que toute information que vous publiez sur cette page web ou que vous y transmettez ou soumettez : i) n\u2019enfreint pas vos droits; ii) n\u2019enfreint pas les droits d\u2019un tiers, plus sp\u00e9cifiquement, sans en exclure d\u2019autres, les droits de propri\u00e9t\u00e9 intellectuelle, ou tout autre droit confidentiel ou de propri\u00e9t\u00e9; iii) ne constitue pas une infraction criminelle ou encourt une responsabilit\u00e9 civile. De plus, vous reconnaissez et garantissez qu\u2019en toute connaissance de cause, vous ne publierez pas, ne transmettrez pas et ne soumettrez pas de l\u2019information de quelque nature que ce soit qui causera pr\u00e9judice \u00e0 la page web, ou \u00e0 tout autre usager.<\/p>\n<p>Vos droits d\u2019acc\u00e9der \u00e0 cette page web peuvent \u00eatre r\u00e9sili\u00e9s ou limit\u00e9s \u00e0 tout moment, \u00e0 la discr\u00e9tion exclusive de Suite 88. Suite 88 n\u2019est pas tenue de vous aviser \u00e0 l\u2019avance d\u2019une telle r\u00e9siliation ou de vous fournir des explications \u00e0 cet \u00e9gard. Cette r\u00e9siliation sera en plus des autres droits que Suite 88 choisira d\u2019appliquer.<\/p>\n<p>3: Compte client : vous \u00eates responsable d\u2019assurer la s\u00e9curit\u00e9 de votre compte client sur cette page web. Si des accusations sont d\u00e9pos\u00e9es ou des dommages sont r\u00e9clam\u00e9es en raison de votre manque d\u2019attention raisonnable en ce qui a trait \u00e0 votre compte client ou votre mot de passe, vous acceptez d\u2019\u00eatre reconnu comme la seule et unique personne responsable.<\/p>\n<p>4: Droits d\u2019auteur et marques de commerce : tout mat\u00e9riel affich\u00e9 sur ce site web ou accessible \u00e0 partir de ce site web appartient \u00e0 Suite 88 et aux tiers fournisseurs. Ces \u00e9l\u00e9ments sont prot\u00e9g\u00e9s par les lois applicables sur le droit d\u2019auteur et des marques de commerce au Canada et ailleurs. Par la pr\u00e9sente, vous convenez de ne pas imprimer, copier, reproduire, publier, transmettre ou distribuer le contenu de ce site web ou encore faire tout usage similaire de celui-ci, y compris mais non de fa\u00e7on limitative, le contenu textuel, graphique, audio ou vid\u00e9o, ainsi que le code. Nonobstant ce qui pr\u00e9c\u00e8de, vous pouvez acc\u00e9der \u00e0 ce site web et effectuer une seule copie du mat\u00e9riel dans le cadre d\u2019un usage personnel et non pas, dans le cadre d\u2019un usage commercial. Rien dans cette convention ne doit \u00eatre interpr\u00e9t\u00e9 comme une licence vous permettant d\u2019en faire un tout autre usage, sauf dans un cadre d\u2019un usage personnel.<\/p>\n<p>5: Liens : cette page web peut contenir des liens vers d\u2019autres pages web qui sont exploit\u00e9es par des tiers, et qui ne sont pas contr\u00f4l\u00e9es par Suite 88. Suite 88 n\u2019en est pas responsable de ces pages hyperli\u00e9es et n\u2019assume express\u00e9ment aucune responsabilit\u00e9 avec ces pages hyperli\u00e9es, auxquelles vous acc\u00e9dez \u00e0 vos propres risques. De plus, suite 88 ne fait aucune repr\u00e9sentation, garantie ou condition concernant les pages web hyperli\u00e9es ou leurs contenus.<\/p>\n<p>6: Commandes et paiement : lorsque vous passez une commande sur cette page web, votre commande sera consid\u00e9r\u00e9e comme une offre \u00e0 Suite 88. Suite 88 se r\u00e9serve le droit de refuser votre commande \u00e0 tout moment ou pour quelque raison que ce soit, y compris mais non de fa\u00e7on limitative : i) la disponibilit\u00e9 des produits dans votre r\u00e9gion (suite 88 se r\u00e9serve express\u00e9ment le droit de r\u00e9viser ou de cesser, en tout temps, la disponibilit\u00e9 de l\u2019un quelconque de ses produits); et ii) si les produits sont incorrectement d\u00e9crits ou tarif\u00e9s sur la page web. Si votre commande est annul\u00e9e ou refus\u00e9e, vous recevrez un courriel le confirmant. De plus, si votre commande est refus\u00e9e ou annul\u00e9e suite au paiement, suite 88 vous remboursera le montant int\u00e9gral pay\u00e9.<\/p>\n<p>Le tiers fournisseur de service de carte de cr\u00e9dit doit approuver tout achat effectu\u00e9 avec une carte de cr\u00e9dit.<\/p>\n<p>Vous acceptez de ne pas revendre les produits achet\u00e9s aux termes de cette convention, ni de transf\u00e9rer vos droits en vertu des pr\u00e9sentes, sans le consentement pr\u00e9alable \u00e9crit de Suite 88.<\/p>\n<p>7: Politique de retour : si un de nos produits n\u2019est pas \u00e0 la hauteur de vos attentes, nous aimerions le savoir. Par cons\u00e9quent, veuillez envoyer un courriel directement \u00e0 info@suite88.com, en y incluant le num\u00e9ro de votre commande ainsi que la raison du retour. Nous \u00e9changerons ou rembourserons votre achat avec grand plaisir dans un d\u00e9lai de trente (30) jours apr\u00e8s la r\u00e9ception de la marchandise retourn\u00e9e. Veuillez noter que les remboursements seront seulement cr\u00e9dit\u00e9s sur la carte de cr\u00e9dit utilis\u00e9e lors de l\u2019achat initial.<\/p>\n<p>8: Clause de non-responsabilit\u00e9: dans toute la mesure du possible aux termes de la loi, l\u2019utilisation de cette page web est faite \u00e0 vos propres risques, et par la pr\u00e9sente, Suite 88 renonce express\u00e9ment \u00e0 toute repr\u00e9sentation ou garantie (expresse, implicite ou l\u00e9gale) concernant cette page web et votre achat d\u2019un de nos produits en veru des pr\u00e9sentes. Cette page web est fournie \u00ab telle quelle \u00bb, elle peut comporter des erreurs, inexactitudes, virus et bogues et pourrait ne pas \u00eatre \u00e0 jour; par cons\u00e9quent, il ne faut pas s\u2019y fier. Plus particuli\u00e8rement, Suite 88 ne garantit pas que la description du produit ou le tarif soient exacts. Cette exclusion s\u2019applique, mais non de fa\u00e7on limitative, aux garanties de qualit\u00e9 marchande ou d\u2019adaptation \u00e0 un usage particulier. Si vous t\u00e9l\u00e9chargez queque contenu que ce soit de cette page web, vous le faites \u00e0 vos propres risques.<\/p>\n<p>9: Limitation de responsabilit\u00e9 : par la pr\u00e9sente, vous renoncez \u00e0 tous recours, \u00e0 toutes garanties ou responsabilit\u00e9s d\u00e9coulant de la loi ou autrement. En aucun cas Suite 88, ses dirigeants, repr\u00e9sentants et employ\u00e9s ne seront responsables envers vous de tous dommages que ce soit, y compris mais non de fa\u00e7on limitative, les dommages directs, indirects, sp\u00e9ciaux, cons\u00e9cutifs, accessoires, punitifs ou autres. Suite 88, ses dirigeants, repr\u00e9sentants et employ\u00e9s ne seront pas responsables de pertes de profits, de pertes d\u2019exploitation, de donn\u00e9es ou de tous dommages r\u00e9li\u00e9s aux ordinateurs. Par la pr\u00e9sente, Suite 88 exclut toute responsabilit\u00e9 quant \u00e0 la transmission de virus ou de bogues. Cette limitation int\u00e9grale s\u2019appliquera m\u00eame si Suite 88, ses dirigeants, repr\u00e9sentants ou employ\u00e9s \u00e9taient inform\u00e9s de la survenance possible des dommages susmentionn\u00e9s. La responsabilit\u00e9 maximale de Suite 88 ne peut d\u00e9passer, en aucun cas, le montant pay\u00e9 par l\u2019acheteur pour le produit. Cette limitation est un \u00e9l\u00e9ment essentiel de cette convention entre Suite 88 et vous.<\/p>\n<p>10: indemnisation : vous convenez d\u2019indemniser suite 88, ses dirigeants, administrateurs, employ\u00e9s ou mandataires contre toute action, y compris les frais juridiques raisonnables, caus\u00e9e par votre mauvais usage du site web ou la violation d\u2019une disposition de cette convention.<\/p>\n<p>11: Dispositions g\u00e9n\u00e9rales : cette page web, tout usage de cette page web et tout diff\u00e9rend en d\u00e9coulant ou qui est li\u00e9 aux produits achet\u00e9s sur cette page sont r\u00e9gis et interpr\u00e9t\u00e9s selon les lois applicables de la province de Qu\u00e9bec, sans r\u00e9f\u00e9rence aux principes de conflits de loi. Suite 88 et vous acceptez la comp\u00e9tence exclusive de la province de Qu\u00e9bec.<\/p>\n<p>Cette convention et la politique de protection de la vie priv\u00e9e constituent l\u2019entente compl\u00e8te entre les partis et il n\u2019existe aucune autre convention ou repr\u00e9sentation verbale ou \u00e9crite concernant l\u2019objet vis\u00e9 par les pr\u00e9sentes.<\/p>\n<p>Si une disposition de ces modalit\u00e9s d\u2019utilisation est jug\u00e9e invalide ou inex\u00e9cutable, cette disposition sera supprim\u00e9e de la convention, mais cela n\u2019influera aucunement sur la validit\u00e9 des autres dispositions.<\/p>\n<p> <\/p>\n","protected":false},"excerpt":{"rendered":"<p>Veuillez lire ces conditions avant d&#8217;utiliser ce site web. Bienvenue \u00e0 la page web de suite 88 chocolatier inc. (\u00ab Suite 88 \u00bb). Veuillez lire attentivement cette convention (la \u00ab convention \u00bb), qui s\u2019appliquera \u00e0 l\u2019utilisation de cette page web, ainsi qu\u2019\u00e0 l\u2019achat de tous les produits qui vous seront vendus \u00e0 partir de cette [&#8230;]\n","protected":false},"author":1,"featured_media":0,"parent":0,"menu_order":0,"comment_status":"closed","ping_status":"closed","template":"","meta":{"footnotes":""},"class_list":["post-2271","page","type-page","status-publish","hentry"],"yoast_head":"<!-- This site is optimized with the Yoast SEO Premium plugin v27.3 (Yoast SEO v27.3) - https:\/\/yoast.com\/product\/yoast-seo-premium-wordpress\/ -->\n<title>Termes et conditions &#8226; suite88.com<\/title>\n<meta name=\"robots\" content=\"index, follow, max-snippet:-1, max-image-preview:large, max-video-preview:-1\" \/>\n<link rel=\"canonical\" href=\"https:\/\/suite88.com\/fr\/termes-et-conditions\/\" \/>\n<meta property=\"og:locale\" content=\"fr_FR\" \/>\n<meta property=\"og:type\" content=\"article\" \/>\n<meta property=\"og:title\" content=\"Termes et conditions\" \/>\n<meta property=\"og:description\" content=\"Veuillez lire ces conditions avant d&#8217;utiliser ce site web. Bienvenue \u00e0 la page web de suite 88 chocolatier inc. (\u00ab Suite 88 \u00bb). Veuillez lire attentivement cette convention (la \u00ab convention \u00bb), qui s\u2019appliquera \u00e0 l\u2019utilisation de cette page web, ainsi qu\u2019\u00e0 l\u2019achat de tous les produits qui vous seront vendus \u00e0 partir de cette [...]\" \/>\n<meta property=\"og:url\" content=\"https:\/\/suite88.com\/fr\/termes-et-conditions\/\" \/>\n<meta property=\"og:site_name\" content=\"suite88.com\" \/>\n<meta property=\"article:publisher\" content=\"https:\/\/www.facebook.com\/suite88\" \/>\n<meta property=\"article:modified_time\" content=\"2020-09-08T04:11:59+00:00\" \/>\n<meta property=\"og:image\" content=\"https:\/\/suite88.com\/wp-content\/uploads\/2023\/09\/logo-1200x675-1.png\" \/>\n\t<meta property=\"og:image:width\" content=\"1200\" \/>\n\t<meta property=\"og:image:height\" content=\"675\" \/>\n\t<meta property=\"og:image:type\" content=\"image\/png\" \/>\n<meta name=\"twitter:card\" content=\"summary_large_image\" \/>\n<meta name=\"twitter:label1\" content=\"Dur\u00e9e de lecture estim\u00e9e\" \/>\n\t<meta name=\"twitter:data1\" content=\"7 minutes\" \/>\n<script type=\"application\/ld+json\" class=\"yoast-schema-graph\">{\"@context\":\"https:\\\/\\\/schema.org\",\"@graph\":[{\"@type\":\"WebPage\",\"@id\":\"https:\\\/\\\/suite88.com\\\/fr\\\/termes-et-conditions\\\/\",\"url\":\"https:\\\/\\\/suite88.com\\\/fr\\\/termes-et-conditions\\\/\",\"name\":\"Termes et conditions &#8226; suite88.com\",\"isPartOf\":{\"@id\":\"https:\\\/\\\/suite88.com\\\/fr\\\/#website\"},\"datePublished\":\"2020-09-08T03:56:41+00:00\",\"dateModified\":\"2020-09-08T04:11:59+00:00\",\"breadcrumb\":{\"@id\":\"https:\\\/\\\/suite88.com\\\/fr\\\/termes-et-conditions\\\/#breadcrumb\"},\"inLanguage\":\"fr-FR\",\"potentialAction\":[{\"@type\":\"ReadAction\",\"target\":[\"https:\\\/\\\/suite88.com\\\/fr\\\/termes-et-conditions\\\/\"]}]},{\"@type\":\"BreadcrumbList\",\"@id\":\"https:\\\/\\\/suite88.com\\\/fr\\\/termes-et-conditions\\\/#breadcrumb\",\"itemListElement\":[{\"@type\":\"ListItem\",\"position\":1,\"name\":\"Home\",\"item\":\"https:\\\/\\\/suite88.com\\\/fr\\\/\"},{\"@type\":\"ListItem\",\"position\":2,\"name\":\"Termes et conditions\"}]},{\"@type\":\"WebSite\",\"@id\":\"https:\\\/\\\/suite88.com\\\/fr\\\/#website\",\"url\":\"https:\\\/\\\/suite88.com\\\/fr\\\/\",\"name\":\"Suite 88 Chocolatier\",\"description\":\"Fine Belgian chocolate\",\"publisher\":{\"@id\":\"https:\\\/\\\/suite88.com\\\/fr\\\/#organization\"},\"potentialAction\":[{\"@type\":\"SearchAction\",\"target\":{\"@type\":\"EntryPoint\",\"urlTemplate\":\"https:\\\/\\\/suite88.com\\\/fr\\\/?s={search_term_string}\"},\"query-input\":{\"@type\":\"PropertyValueSpecification\",\"valueRequired\":true,\"valueName\":\"search_term_string\"}}],\"inLanguage\":\"fr-FR\"},{\"@type\":\"Organization\",\"@id\":\"https:\\\/\\\/suite88.com\\\/fr\\\/#organization\",\"name\":\"Suite 88 Chocolatier\",\"alternateName\":\"Suite 88\",\"url\":\"https:\\\/\\\/suite88.com\\\/fr\\\/\",\"logo\":{\"@type\":\"ImageObject\",\"inLanguage\":\"fr-FR\",\"@id\":\"https:\\\/\\\/suite88.com\\\/fr\\\/#\\\/schema\\\/logo\\\/image\\\/\",\"url\":\"https:\\\/\\\/suite88.com\\\/wp-content\\\/uploads\\\/2021\\\/04\\\/Suite-88-logo.png\",\"contentUrl\":\"https:\\\/\\\/suite88.com\\\/wp-content\\\/uploads\\\/2021\\\/04\\\/Suite-88-logo.png\",\"width\":1536,\"height\":1496,\"caption\":\"Suite 88 Chocolatier\"},\"image\":{\"@id\":\"https:\\\/\\\/suite88.com\\\/fr\\\/#\\\/schema\\\/logo\\\/image\\\/\"},\"sameAs\":[\"https:\\\/\\\/www.facebook.com\\\/suite88\",\"https:\\\/\\\/www.instagram.com\\\/suite88\\\/\",\"https:\\\/\\\/www.pinterest.ca\\\/suite88\\\/\"]}]}<\/script>\n<!-- \/ Yoast SEO Premium plugin. -->","yoast_head_json":{"title":"Termes et conditions &#8226; suite88.com","robots":{"index":"index","follow":"follow","max-snippet":"max-snippet:-1","max-image-preview":"max-image-preview:large","max-video-preview":"max-video-preview:-1"},"canonical":"https:\/\/suite88.com\/fr\/termes-et-conditions\/","og_locale":"fr_FR","og_type":"article","og_title":"Termes et conditions","og_description":"Veuillez lire ces conditions avant d&#8217;utiliser ce site web. Bienvenue \u00e0 la page web de suite 88 chocolatier inc. (\u00ab Suite 88 \u00bb). Veuillez lire attentivement cette convention (la \u00ab convention \u00bb), qui s\u2019appliquera \u00e0 l\u2019utilisation de cette page web, ainsi qu\u2019\u00e0 l\u2019achat de tous les produits qui vous seront vendus \u00e0 partir de cette [...]","og_url":"https:\/\/suite88.com\/fr\/termes-et-conditions\/","og_site_name":"suite88.com","article_publisher":"https:\/\/www.facebook.com\/suite88","article_modified_time":"2020-09-08T04:11:59+00:00","og_image":[{"width":1200,"height":675,"url":"https:\/\/suite88.com\/wp-content\/uploads\/2023\/09\/logo-1200x675-1.png","type":"image\/png"}],"twitter_card":"summary_large_image","twitter_misc":{"Dur\u00e9e de lecture estim\u00e9e":"7 minutes"},"schema":{"@context":"https:\/\/schema.org","@graph":[{"@type":"WebPage","@id":"https:\/\/suite88.com\/fr\/termes-et-conditions\/","url":"https:\/\/suite88.com\/fr\/termes-et-conditions\/","name":"Termes et conditions &#8226; suite88.com","isPartOf":{"@id":"https:\/\/suite88.com\/fr\/#website"},"datePublished":"2020-09-08T03:56:41+00:00","dateModified":"2020-09-08T04:11:59+00:00","breadcrumb":{"@id":"https:\/\/suite88.com\/fr\/termes-et-conditions\/#breadcrumb"},"inLanguage":"fr-FR","potentialAction":[{"@type":"ReadAction","target":["https:\/\/suite88.com\/fr\/termes-et-conditions\/"]}]},{"@type":"BreadcrumbList","@id":"https:\/\/suite88.com\/fr\/termes-et-conditions\/#breadcrumb","itemListElement":[{"@type":"ListItem","position":1,"name":"Home","item":"https:\/\/suite88.com\/fr\/"},{"@type":"ListItem","position":2,"name":"Termes et conditions"}]},{"@type":"WebSite","@id":"https:\/\/suite88.com\/fr\/#website","url":"https:\/\/suite88.com\/fr\/","name":"Suite 88 Chocolatier","description":"Fine Belgian chocolate","publisher":{"@id":"https:\/\/suite88.com\/fr\/#organization"},"potentialAction":[{"@type":"SearchAction","target":{"@type":"EntryPoint","urlTemplate":"https:\/\/suite88.com\/fr\/?s={search_term_string}"},"query-input":{"@type":"PropertyValueSpecification","valueRequired":true,"valueName":"search_term_string"}}],"inLanguage":"fr-FR"},{"@type":"Organization","@id":"https:\/\/suite88.com\/fr\/#organization","name":"Suite 88 Chocolatier","alternateName":"Suite 88","url":"https:\/\/suite88.com\/fr\/","logo":{"@type":"ImageObject","inLanguage":"fr-FR","@id":"https:\/\/suite88.com\/fr\/#\/schema\/logo\/image\/","url":"https:\/\/suite88.com\/wp-content\/uploads\/2021\/04\/Suite-88-logo.png","contentUrl":"https:\/\/suite88.com\/wp-content\/uploads\/2021\/04\/Suite-88-logo.png","width":1536,"height":1496,"caption":"Suite 88 Chocolatier"},"image":{"@id":"https:\/\/suite88.com\/fr\/#\/schema\/logo\/image\/"},"sameAs":["https:\/\/www.facebook.com\/suite88","https:\/\/www.instagram.com\/suite88\/","https:\/\/www.pinterest.ca\/suite88\/"]}]}},"_links":{"self":[{"href":"https:\/\/suite88.com\/fr\/wp-json\/wp\/v2\/pages\/2271","targetHints":{"allow":["GET"]}}],"collection":[{"href":"https:\/\/suite88.com\/fr\/wp-json\/wp\/v2\/pages"}],"about":[{"href":"https:\/\/suite88.com\/fr\/wp-json\/wp\/v2\/types\/page"}],"author":[{"embeddable":true,"href":"https:\/\/suite88.com\/fr\/wp-json\/wp\/v2\/users\/1"}],"replies":[{"embeddable":true,"href":"https:\/\/suite88.com\/fr\/wp-json\/wp\/v2\/comments?post=2271"}],"version-history":[{"count":3,"href":"https:\/\/suite88.com\/fr\/wp-json\/wp\/v2\/pages\/2271\/revisions"}],"predecessor-version":[{"id":2274,"href":"https:\/\/suite88.com\/fr\/wp-json\/wp\/v2\/pages\/2271\/revisions\/2274"}],"wp:attachment":[{"href":"https:\/\/suite88.com\/fr\/wp-json\/wp\/v2\/media?parent=2271"}],"curies":[{"name":"wp","href":"https:\/\/api.w.org\/{rel}","templated":true}]}}