{"id":2278,"date":"2020-09-08T04:30:03","date_gmt":"2020-09-08T04:30:03","guid":{"rendered":"http:\/\/acvdevelopment.com\/politique-de-confidentialite\/"},"modified":"2020-09-08T04:36:41","modified_gmt":"2020-09-08T04:36:41","slug":"politique-de-confidentialite","status":"publish","type":"page","link":"https:\/\/suite88.com\/fr\/politique-de-confidentialite\/","title":{"rendered":"Politique de Confidentialit\u00e9"},"content":{"rendered":"\n<div class=\"container section-title-container\" ><h3 class=\"section-title section-title-center\"><b aria-hidden=\"true\"><\/b><span class=\"section-title-main\" >Politique de Confidentialit\u00e9<\/span><b aria-hidden=\"true\"><\/b><\/h3><\/div>\n\n<p>La protection de vos renseignements personnels est importante pour 9352-0088 Quebec Inc (ci-apr\u00e8s appel\u00e9 \u00ab Suite 88 \u00bb), et c\u2019est pourquoi nous faisons tout en notre possible pour prot\u00e9ger ceux que vous devez nous fournir afin d\u2019acc\u00e9der \u00e0 certaines pages de notre site web. et c\u2019est pourquoi nous faisons tout en notre possible pour prot\u00e9ger ceux que vous devez nous fournir afin d\u2019acc\u00e9der \u00e0 certaines pages de notre site web. La pr\u00e9sente politique de confidentialit\u00e9 vous aidera \u00e0 comprendre comment suite 88 recueille, utilise et divulgue vos renseignements personnels.<\/p>\n<p>En acc\u00e9dant \u00e0 ce site web, vous consentez, dans les limites couvertes par la pr\u00e9sente politique, \u00e0 la cueillette et \u00e0 l\u2019utilisation de vos renseignements par Suite 88.<\/p>\n<p>Puisque les modalit\u00e9s de cette convention peuvent \u00eatre modifi\u00e9es, \u00e0 la discr\u00e9tion exclusive de Suite 88, sans que vous en soyez avis\u00e9, nous vous conseillons de visiter cette page web de temps \u00e0 autre, afin de vous tenir au courant des changements. Votre utilisation continue de cette page web attestera votre consentement \u00e0 tout changement.<\/p>\n<p>Type de renseignements recueillis et leur usage: Suite 88 recueille des renseignements afin de faciliter pour nos clients leur navigation sur notre site web. Nous recueillons deux types de renseignements:<\/p>\n<ol>\n<li>1. 1) renseignements statistiques anonymes: lorsque vous acc\u00e9dez \u00e0 notre site web, Suite 88 recueillera automatiquement, \u00e0 votre insu et sans votre consentement, certains renseignements anonymes (ci-apr\u00e8s appel\u00e9s \u00ab renseignements anonymes \u00bb). Ce type de cueillette est effectu\u00e9 sur la plupart des sites web, et ne permet pas l\u2019identification personnelle. Par exemple, Suite 88 utilise des t\u00e9moins (cookies), lesquels ne contiennent aucun renseignement permettant de vous identifier, mais des renseignements \u00e0 des fins statistiques. Il vous est possible en tout temps de ne plus \u00eatre assujetti aux t\u00e9moins en modifiant la configuration de votre ordinateur. Toutefois, certaines caract\u00e9ristiques de notre site web pourraient ne plus fonctionner, ou certaines fonctions pourraient s\u2019en trouver limit\u00e9es.<\/li>\n<li> Information of a personal nature: to use some of the functions on our webpage, you will be asked to provide personal information from which you can be identified (hereinafter referred to as &#8220;personal information&#8221;). On vous demandera votre consentement avant de recueillir des renseignements personnels. Les raisons pour lesquelles nous recueillons des renseignements de cette nature sont les suivantes:<\/li>\n<\/ol>\n<ul>\n<li>\u2022 Traiter, livrer et facturer votre commande et faire un suivi des transactions;<\/li>\n<li>\u2022 Faciliter vos achats avec nos fournisseurs de services affili\u00e9s;<\/li>\n<li>\u2022 Anticiper et r\u00e9soudre de possibles probl\u00e8mes de service \u00e0 la client\u00e8le;<\/li>\n<li>\u2022 Vous mettre au courant des derniers changements au sujet de nos services ou de nos produits, ainsi que de nos nouvelles promotions.<\/li>\n<\/ul>\n<p>Suite 88 reconna\u00eet express\u00e9ment que les renseignements personnels recueillis ne seront pas utilis\u00e9s \u00e0 d\u2019autres fins, \u00e0 moins d&#8217;obtenir votre consentement ou d&#8217;y \u00eatre oblig\u00e9 par la loi. Les renseignements personnels recueillis varieront selon votre utilisation du site web, mais pourront inclure votre nom, adresse, adresse courriel, num\u00e9ro de carte de cr\u00e9dit, dossier de cr\u00e9dit et num\u00e9ro de t\u00e9l\u00e9phone.<\/p>\n<ul>\n<li> Withdrawal of consent: we will not collect any personal information from you without your knowledge and consent. Vous pouvez en tout temps retirer votre consentement en faisant parvenir votre demande \u00e9crite \u00e0 info@suite88.com. Sur r\u00e9ception de votre demande, nous cesserons d\u2019utiliser vos renseignements personnels suivant un pr\u00e9avis raisonnable qui variera selon le type et l\u2019usage de renseignements recueillis. Vous recevrez ensuite une confirmation par courriel vous faisant part des implications d\u00e9coulant de cette r\u00e9siliation.<\/li>\n<li> Partage de renseignements: Suite 88 utilisera vos renseignements personnels pour les seuls usages d\u00e9crits dans le pr\u00e9sent document. De plus, Suite 88 s\u2019engage \u00e0 ne pas vendre, \u00e9changer ou divulger \u00e0 tierces parties les renseignements personnels recueillis sur ce site web, sauf les exceptions suivantes:<\/li>\n<li>\u2022 Fournisseurs de services affili\u00e9s: Suite 88 pourrait partager vos renseignements personnels avec de tierces parties avec lesquelles nous sommes affili\u00e9s afin de vous offrir un meilleur service. Par exemple, nous pourrions partager votre num\u00e9ro de carte de cr\u00e9dit avec notre fournisseur de services bancaires afin de traiter votre paiement. Lorsque Suite 88 utilise les services d\u2019un fournisseur de services affili\u00e9, il est attendu que ces tierces parties se conforment \u00e0 la pr\u00e9sente politique et \u00e0 toutes les lois applicables en mati\u00e8re de confidentialit\u00e9.<\/li>\n<li>\u2022 Lorsque la loi l\u2019exige: Suite 88 pourrait partager les renseignements personnels recueillis lorsque la loi l\u2019exige, sp\u00e9cialement en r\u00e9ponse \u00e0 une demande provenant des autorit\u00e9s gouvernementale lorsque ces demandes sont conformes aux exigences l\u00e9gales.<\/li>\n<li>\u2022 Protection de vos renseignements: nous prenons tr\u00e8s s\u00e9rieusement la responsabilit\u00e9 de prot\u00e9ger les renseignements que vous nous confiez. De ce fait, nous y limitons l\u2019acc\u00e8s et nous utilisons des technologies de pointe afin de prot\u00e9ger vos renseignements personnels contre les intrusions malveillantes. Il faut toutefois noter bien que nous faisons tout en notre pouvoir pour prot\u00e9ger vos renseignements, aucun protocole de s\u00e9curit\u00e9 n\u2019est efficace \u00e0 100%. Si une violation de vos renseignements personnels survenait, nous vous en aviserions dans les meilleurs d\u00e9lais .<\/li>\n<li>\u2022 Droit de v\u00e9rification des renseignements: vous avez le droit de consulter vos renseignements personnels recueillis par Suite 88. Si vous d\u00e9siriez vous pr\u00e9valoir de ce droit, envoyez votre requ\u00eate \u00e0 info@suite88.com. Nous nous r\u00e9servons le droit de r\u00e9clamer des frais administratifs raisonnables afin d\u2019acc\u00e9der \u00e0 vos renseignements. Enfants de moins de 13 ans: la protection des renseignements personnels des enfants nous tenant \u00e0 c\u0153ur, nous ne recueillons pas sciemment leurs renseignements personnels.<\/li>\n<li>\u2022 Divers: la pr\u00e9sente politique de confidentialit\u00e9 devra \u00eatre r\u00e9gie et interpr\u00e9t\u00e9e selon les lois de la province de Qu\u00e9bec, sans \u00e9gard aux principes sur les conflits de lois. Suite 88 et vous acceptez la comp\u00e9tence exclusive de la province de Qu\u00e9bec.<\/li>\n<\/ul>\n<p>La pr\u00e9sente politique de confidentialit\u00e9 ainsi que les conditions d\u2019utilisations) constituent l\u2019entente compl\u00e8te entre les partis et il n\u2019existe aucune autre convention ou repr\u00e9sentation verbale ou \u00e9crite concernant l\u2019objet vis\u00e9 par les pr\u00e9sentes.<\/p>\n<p> <\/p>\n\n","protected":false},"excerpt":{"rendered":"<p>La protection de vos renseignements personnels est importante pour 9352-0088 Quebec Inc (ci-apr\u00e8s appel\u00e9 \u00ab Suite 88 \u00bb), et c\u2019est pourquoi nous faisons tout en notre possible pour prot\u00e9ger ceux que vous devez nous fournir afin d\u2019acc\u00e9der \u00e0 certaines pages de notre site web. et c\u2019est pourquoi nous faisons tout en notre possible pour prot\u00e9ger [&#8230;]\n","protected":false},"author":1,"featured_media":0,"parent":0,"menu_order":0,"comment_status":"closed","ping_status":"closed","template":"","meta":{"footnotes":""},"class_list":["post-2278","page","type-page","status-publish","hentry"],"yoast_head":"<!-- This site is optimized with the Yoast SEO Premium plugin v27.2 (Yoast SEO v27.2) - https:\/\/yoast.com\/product\/yoast-seo-premium-wordpress\/ -->\n<title>Politique de Confidentialit\u00e9 &#8226; suite88.com<\/title>\n<meta name=\"robots\" content=\"index, follow, max-snippet:-1, max-image-preview:large, max-video-preview:-1\" \/>\n<link rel=\"canonical\" href=\"https:\/\/suite88.com\/fr\/politique-de-confidentialite\/\" \/>\n<meta property=\"og:locale\" content=\"fr_FR\" \/>\n<meta property=\"og:type\" content=\"article\" \/>\n<meta property=\"og:title\" content=\"Politique de Confidentialit\u00e9\" \/>\n<meta property=\"og:description\" content=\"La protection de vos renseignements personnels est importante pour 9352-0088 Quebec Inc (ci-apr\u00e8s appel\u00e9 \u00ab Suite 88 \u00bb), et c\u2019est pourquoi nous faisons tout en notre possible pour prot\u00e9ger ceux que vous devez nous fournir afin d\u2019acc\u00e9der \u00e0 certaines pages de notre site web. et c\u2019est pourquoi nous faisons tout en notre possible pour prot\u00e9ger [...]\" \/>\n<meta property=\"og:url\" content=\"https:\/\/suite88.com\/fr\/politique-de-confidentialite\/\" \/>\n<meta property=\"og:site_name\" content=\"suite88.com\" \/>\n<meta property=\"article:publisher\" content=\"https:\/\/www.facebook.com\/suite88\" \/>\n<meta property=\"article:modified_time\" content=\"2020-09-08T04:36:41+00:00\" \/>\n<meta property=\"og:image\" content=\"https:\/\/suite88.com\/wp-content\/uploads\/2023\/09\/logo-1200x675-1.png\" \/>\n\t<meta property=\"og:image:width\" content=\"1200\" \/>\n\t<meta property=\"og:image:height\" content=\"675\" \/>\n\t<meta property=\"og:image:type\" content=\"image\/png\" \/>\n<meta name=\"twitter:card\" content=\"summary_large_image\" \/>\n<meta name=\"twitter:label1\" content=\"Dur\u00e9e de lecture estim\u00e9e\" \/>\n\t<meta name=\"twitter:data1\" content=\"5 minutes\" \/>\n<script type=\"application\/ld+json\" class=\"yoast-schema-graph\">{\"@context\":\"https:\/\/schema.org\",\"@graph\":[{\"@type\":\"WebPage\",\"@id\":\"https:\/\/suite88.com\/fr\/politique-de-confidentialite\/\",\"url\":\"https:\/\/suite88.com\/fr\/politique-de-confidentialite\/\",\"name\":\"Politique de Confidentialit\u00e9 &#8226; suite88.com\",\"isPartOf\":{\"@id\":\"https:\/\/suite88.com\/fr\/#website\"},\"datePublished\":\"2020-09-08T04:30:03+00:00\",\"dateModified\":\"2020-09-08T04:36:41+00:00\",\"breadcrumb\":{\"@id\":\"https:\/\/suite88.com\/fr\/politique-de-confidentialite\/#breadcrumb\"},\"inLanguage\":\"fr-FR\",\"potentialAction\":[{\"@type\":\"ReadAction\",\"target\":[\"https:\/\/suite88.com\/fr\/politique-de-confidentialite\/\"]}]},{\"@type\":\"BreadcrumbList\",\"@id\":\"https:\/\/suite88.com\/fr\/politique-de-confidentialite\/#breadcrumb\",\"itemListElement\":[{\"@type\":\"ListItem\",\"position\":1,\"name\":\"Home\",\"item\":\"https:\/\/suite88.com\/fr\/\"},{\"@type\":\"ListItem\",\"position\":2,\"name\":\"Politique de Confidentialit\u00e9\"}]},{\"@type\":\"WebSite\",\"@id\":\"https:\/\/suite88.com\/fr\/#website\",\"url\":\"https:\/\/suite88.com\/fr\/\",\"name\":\"Suite 88 Chocolatier\",\"description\":\"Fine Belgian chocolate\",\"publisher\":{\"@id\":\"https:\/\/suite88.com\/fr\/#organization\"},\"potentialAction\":[{\"@type\":\"SearchAction\",\"target\":{\"@type\":\"EntryPoint\",\"urlTemplate\":\"https:\/\/suite88.com\/fr\/?s={search_term_string}\"},\"query-input\":{\"@type\":\"PropertyValueSpecification\",\"valueRequired\":true,\"valueName\":\"search_term_string\"}}],\"inLanguage\":\"fr-FR\"},{\"@type\":\"Organization\",\"@id\":\"https:\/\/suite88.com\/fr\/#organization\",\"name\":\"Suite 88 Chocolatier\",\"alternateName\":\"Suite 88\",\"url\":\"https:\/\/suite88.com\/fr\/\",\"logo\":{\"@type\":\"ImageObject\",\"inLanguage\":\"fr-FR\",\"@id\":\"https:\/\/suite88.com\/fr\/#\/schema\/logo\/image\/\",\"url\":\"https:\/\/suite88.com\/wp-content\/uploads\/2021\/04\/Suite-88-logo.png\",\"contentUrl\":\"https:\/\/suite88.com\/wp-content\/uploads\/2021\/04\/Suite-88-logo.png\",\"width\":1536,\"height\":1496,\"caption\":\"Suite 88 Chocolatier\"},\"image\":{\"@id\":\"https:\/\/suite88.com\/fr\/#\/schema\/logo\/image\/\"},\"sameAs\":[\"https:\/\/www.facebook.com\/suite88\",\"https:\/\/www.instagram.com\/suite88\/\",\"https:\/\/www.pinterest.ca\/suite88\/\"]}]}<\/script>\n<!-- \/ Yoast SEO Premium plugin. -->","yoast_head_json":{"title":"Politique de Confidentialit\u00e9 &#8226; suite88.com","robots":{"index":"index","follow":"follow","max-snippet":"max-snippet:-1","max-image-preview":"max-image-preview:large","max-video-preview":"max-video-preview:-1"},"canonical":"https:\/\/suite88.com\/fr\/politique-de-confidentialite\/","og_locale":"fr_FR","og_type":"article","og_title":"Politique de Confidentialit\u00e9","og_description":"La protection de vos renseignements personnels est importante pour 9352-0088 Quebec Inc (ci-apr\u00e8s appel\u00e9 \u00ab Suite 88 \u00bb), et c\u2019est pourquoi nous faisons tout en notre possible pour prot\u00e9ger ceux que vous devez nous fournir afin d\u2019acc\u00e9der \u00e0 certaines pages de notre site web. et c\u2019est pourquoi nous faisons tout en notre possible pour prot\u00e9ger [...]","og_url":"https:\/\/suite88.com\/fr\/politique-de-confidentialite\/","og_site_name":"suite88.com","article_publisher":"https:\/\/www.facebook.com\/suite88","article_modified_time":"2020-09-08T04:36:41+00:00","og_image":[{"width":1200,"height":675,"url":"https:\/\/suite88.com\/wp-content\/uploads\/2023\/09\/logo-1200x675-1.png","type":"image\/png"}],"twitter_card":"summary_large_image","twitter_misc":{"Dur\u00e9e de lecture estim\u00e9e":"5 minutes"},"schema":{"@context":"https:\/\/schema.org","@graph":[{"@type":"WebPage","@id":"https:\/\/suite88.com\/fr\/politique-de-confidentialite\/","url":"https:\/\/suite88.com\/fr\/politique-de-confidentialite\/","name":"Politique de Confidentialit\u00e9 &#8226; suite88.com","isPartOf":{"@id":"https:\/\/suite88.com\/fr\/#website"},"datePublished":"2020-09-08T04:30:03+00:00","dateModified":"2020-09-08T04:36:41+00:00","breadcrumb":{"@id":"https:\/\/suite88.com\/fr\/politique-de-confidentialite\/#breadcrumb"},"inLanguage":"fr-FR","potentialAction":[{"@type":"ReadAction","target":["https:\/\/suite88.com\/fr\/politique-de-confidentialite\/"]}]},{"@type":"BreadcrumbList","@id":"https:\/\/suite88.com\/fr\/politique-de-confidentialite\/#breadcrumb","itemListElement":[{"@type":"ListItem","position":1,"name":"Home","item":"https:\/\/suite88.com\/fr\/"},{"@type":"ListItem","position":2,"name":"Politique de Confidentialit\u00e9"}]},{"@type":"WebSite","@id":"https:\/\/suite88.com\/fr\/#website","url":"https:\/\/suite88.com\/fr\/","name":"Suite 88 Chocolatier","description":"Fine Belgian chocolate","publisher":{"@id":"https:\/\/suite88.com\/fr\/#organization"},"potentialAction":[{"@type":"SearchAction","target":{"@type":"EntryPoint","urlTemplate":"https:\/\/suite88.com\/fr\/?s={search_term_string}"},"query-input":{"@type":"PropertyValueSpecification","valueRequired":true,"valueName":"search_term_string"}}],"inLanguage":"fr-FR"},{"@type":"Organization","@id":"https:\/\/suite88.com\/fr\/#organization","name":"Suite 88 Chocolatier","alternateName":"Suite 88","url":"https:\/\/suite88.com\/fr\/","logo":{"@type":"ImageObject","inLanguage":"fr-FR","@id":"https:\/\/suite88.com\/fr\/#\/schema\/logo\/image\/","url":"https:\/\/suite88.com\/wp-content\/uploads\/2021\/04\/Suite-88-logo.png","contentUrl":"https:\/\/suite88.com\/wp-content\/uploads\/2021\/04\/Suite-88-logo.png","width":1536,"height":1496,"caption":"Suite 88 Chocolatier"},"image":{"@id":"https:\/\/suite88.com\/fr\/#\/schema\/logo\/image\/"},"sameAs":["https:\/\/www.facebook.com\/suite88","https:\/\/www.instagram.com\/suite88\/","https:\/\/www.pinterest.ca\/suite88\/"]}]}},"_links":{"self":[{"href":"https:\/\/suite88.com\/fr\/wp-json\/wp\/v2\/pages\/2278","targetHints":{"allow":["GET"]}}],"collection":[{"href":"https:\/\/suite88.com\/fr\/wp-json\/wp\/v2\/pages"}],"about":[{"href":"https:\/\/suite88.com\/fr\/wp-json\/wp\/v2\/types\/page"}],"author":[{"embeddable":true,"href":"https:\/\/suite88.com\/fr\/wp-json\/wp\/v2\/users\/1"}],"replies":[{"embeddable":true,"href":"https:\/\/suite88.com\/fr\/wp-json\/wp\/v2\/comments?post=2278"}],"version-history":[{"count":6,"href":"https:\/\/suite88.com\/fr\/wp-json\/wp\/v2\/pages\/2278\/revisions"}],"predecessor-version":[{"id":2285,"href":"https:\/\/suite88.com\/fr\/wp-json\/wp\/v2\/pages\/2278\/revisions\/2285"}],"wp:attachment":[{"href":"https:\/\/suite88.com\/fr\/wp-json\/wp\/v2\/media?parent=2278"}],"curies":[{"name":"wp","href":"https:\/\/api.w.org\/{rel}","templated":true}]}}