{"id":2370,"date":"2020-09-29T01:46:45","date_gmt":"2020-09-29T01:46:45","guid":{"rendered":"http:\/\/acvdevelopment.com\/politique-dexpedition\/"},"modified":"2025-04-14T12:04:13","modified_gmt":"2025-04-14T17:04:13","slug":"politique-dexpedition","status":"publish","type":"page","link":"https:\/\/suite88.com\/fr\/politique-dexpedition\/","title":{"rendered":"Politique d\u2019exp\u00e9dition"},"content":{"rendered":"\n<div class=\"container section-title-container\" ><h3 class=\"section-title section-title-center\"><b aria-hidden=\"true\"><\/b><span class=\"section-title-main\" >Politique d\u2019exp\u00e9dition<\/span><b aria-hidden=\"true\"><\/b><\/h3><\/div>\n\n<div class=\"container section-title-container\" ><h3 class=\"section-title section-title-normal\"><b aria-hidden=\"true\"><\/b><span class=\"section-title-main\" >Canada<\/span><b aria-hidden=\"true\"><\/b><\/h3><\/div>\n\n<div class=\"row row-small align-center row-solid\"  id=\"row-350730628\">\n\n\n\t<div id=\"col-666876130\" class=\"col medium-2 small-6 large-2\"  >\n\t\t\t\t<div class=\"col-inner\"  >\n\t\t\t\n\t\t\t\n\n<h3>COMMANDE<\/h3>\n<p><strong>Moins de 100 $<\/strong><\/p>\n<p><strong> 100 $ et plus<\/strong><\/p>\n\n\t\t<\/div>\n\t\t\t\t\t<\/div>\n\n\t\n\n\t<div id=\"col-492321060\" class=\"col medium-3 small-6 large-3\"  >\n\t\t\t\t<div class=\"col-inner\"  >\n\t\t\t\n\t\t\t\n\n<h3>TAUX<\/h3>\n<p>20,00 $ <\/p>\n<p>LIVRAISON GRATUITE<\/p>\n\n\t\t<\/div>\n\t\t\t\t\t<\/div>\n\n\t\n\n\t<div id=\"col-870718325\" class=\"col medium-2 small-6 large-2\"  >\n\t\t\t\t<div class=\"col-inner\"  >\n\t\t\t\n\t\t\t\n\n<h3>TRANSPORTEUR<\/h3>\n<p>Postes Canada<\/p>\n<p>Postes Canada<\/p>\n\n\t\t<\/div>\n\t\t\t\t\n<style>\n#col-870718325 > .col-inner {\n  padding: 0px 0px 0px px;\n  margin: 0px 0px 0px 9;\n}\n<\/style>\n\t<\/div>\n\n\t\n\n\t<div id=\"col-384843859\" class=\"col medium-4 small-6 large-4\"  >\n\t\t\t\t<div class=\"col-inner\"  >\n\t\t\t\n\t\t\t\n\n<h3>TEMPS DE LIVRAISON ESTIM\u00c9<\/h3>\n<p>1-4 jours ouvrables<\/p>\n<p>1-4 jours ouvrables<\/p>\n\n\t\t<\/div>\n\t\t\t\t\t<\/div>\n\n\t\n\n<\/div>\n\t<div id=\"gap-1288530138\" class=\"gap-element clearfix\" style=\"display:block; height:auto;\">\n\t\t\n<style>\n#gap-1288530138 {\n  padding-top: 30px;\n}\n<\/style>\n\t<\/div>\n\t\n\n<div class=\"accordion\">\n\n\t<div id=\"accordion-1185155308\" class=\"accordion-item\">\n\t\t<a id=\"accordion-1185155308-label\" class=\"accordion-title plain\" href=\"#accordion-item-d\u00c9lais-de-livraison\" aria-expanded=\"false\" aria-controls=\"accordion-1185155308-content\">\n\t\t\t<button class=\"toggle\" aria-label=\"Basculer\"><i class=\"icon-angle-down\" aria-hidden=\"true\"><\/i><\/button>\n\t\t\t<span>D\u00c9LAIS DE LIVRAISON<\/span>\n\t\t<\/a>\n\t\t<div id=\"accordion-1185155308-content\" class=\"accordion-inner\" aria-labelledby=\"accordion-1185155308-label\">\n\t\t\t\n\n<p>En raison de la fragilit\u00e9 de nombre de nos produits, nous nous effor\u00e7ons d&#8217;\u00e9viter les temp\u00e9ratures extr\u00eamement chaudes ou froides. C&#8217;est pourquoi nous exp\u00e9dions au Canada du lundi au jeudi d&#8217;octobre \u00e0 avril et du lundi au mercredi de mai \u00e0 septembre.<\/p>\n<p>En cas de fortes chaleurs, nous incluons des packs de glace et des mat\u00e9riaux d&#8217;emballage r\u00e9sistants \u00e0 la chaleur.<\/p>\n\n\n\t\t<\/div>\n\t<\/div>\n\t\n\t<div id=\"accordion-1212358070\" class=\"accordion-item\">\n\t\t<a id=\"accordion-1212358070-label\" class=\"accordion-title plain\" href=\"#accordion-item-restrictions-d\u2019exp\u00c9dition\" aria-expanded=\"false\" aria-controls=\"accordion-1212358070-content\">\n\t\t\t<button class=\"toggle\" aria-label=\"Basculer\"><i class=\"icon-angle-down\" aria-hidden=\"true\"><\/i><\/button>\n\t\t\t<span>RESTRICTIONS D\u2019EXP\u00c9DITION<\/span>\n\t\t<\/a>\n\t\t<div id=\"accordion-1212358070-content\" class=\"accordion-inner\" aria-labelledby=\"accordion-1212358070-label\">\n\t\t\t\n\n<p>D\u00e9sol\u00e9, nous ne livrons pas aux bo\u00eetes postales.<\/p>\n\n\t\t<\/div>\n\t<\/div>\n\t\n\t<div id=\"accordion-3480772462\" class=\"accordion-item\">\n\t\t<a id=\"accordion-3480772462-label\" class=\"accordion-title plain\" href=\"#accordion-item-paquets-manquants-ou-perdus\" aria-expanded=\"false\" aria-controls=\"accordion-3480772462-content\">\n\t\t\t<button class=\"toggle\" aria-label=\"Basculer\"><i class=\"icon-angle-down\" aria-hidden=\"true\"><\/i><\/button>\n\t\t\t<span>PAQUETS MANQUANTS OU PERDUS<\/span>\n\t\t<\/a>\n\t\t<div id=\"accordion-3480772462-content\" class=\"accordion-inner\" aria-labelledby=\"accordion-3480772462-label\">\n\t\t\t\n\n<p>Si un colis est perdu pendant l&#8217;exp\u00e9dition, Suite 88 Chocolatier r\u00e9exp\u00e9diera la commande sans frais pour le client. Un colis est consid\u00e9r\u00e9 comme perdu apr\u00e8s 15 jours de pr\u00e9sence dans le syst\u00e8me postal.<\/p>\n<p>Si votre colis nous est retourn\u00e9 en raison d&#8217;une adresse incorrecte ou incompl\u00e8te, vous devez payer tous les frais de livraison pour relivrer votre commande \u00e0 une adresse corrig\u00e9e. Nous ne sommes pas responsables de la perte de votre commande si l&#8217;adresse fournie lors du paiement est incompl\u00e8te ou incorrecte.<\/p>\n\n\t\t<\/div>\n\t<\/div>\n\t\n\t<div id=\"accordion-3432974771\" class=\"accordion-item\">\n\t\t<a id=\"accordion-3432974771-label\" class=\"accordion-title plain\" href=\"#accordion-item-retours-et-\u00c9changes\" aria-expanded=\"false\" aria-controls=\"accordion-3432974771-content\">\n\t\t\t<button class=\"toggle\" aria-label=\"Basculer\"><i class=\"icon-angle-down\" aria-hidden=\"true\"><\/i><\/button>\n\t\t\t<span>RETOURS ET \u00c9CHANGES<\/span>\n\t\t<\/a>\n\t\t<div id=\"accordion-3432974771-content\" class=\"accordion-inner\" aria-labelledby=\"accordion-3432974771-label\">\n\t\t\t\n\n<p>Pour des raisons de sant\u00e9, nous n&#8217;acceptons pas les retours sur nos produits.<\/p>\n<p>Si, pour quelque raison que ce soit, vous n&#8217;\u00eates pas satisfait de notre produit, nous vous encourageons \u00e0 nous contacter \u00e0 l&#8217;adresse <a href=\"mailto:info@suite88.com\">info@suite88.com<\/a> et nous ferons de notre mieux pour vous aider.<br><br><br><\/p>\n\n\t\t<\/div>\n\t<\/div>\n\t\n\n<\/div>\n\n","protected":false},"excerpt":{"rendered":"","protected":false},"author":1,"featured_media":0,"parent":0,"menu_order":0,"comment_status":"closed","ping_status":"closed","template":"","meta":{"footnotes":""},"class_list":["post-2370","page","type-page","status-publish","hentry"],"yoast_head":"<!-- This site is optimized with the Yoast SEO Premium plugin v27.3 (Yoast SEO v27.3) - https:\/\/yoast.com\/product\/yoast-seo-premium-wordpress\/ -->\n<title>Politique d\u2019exp\u00e9dition &#8226; suite88.com<\/title>\n<meta name=\"robots\" content=\"index, follow, max-snippet:-1, max-image-preview:large, max-video-preview:-1\" \/>\n<link rel=\"canonical\" href=\"https:\/\/suite88.com\/fr\/politique-dexpedition\/\" \/>\n<meta property=\"og:locale\" content=\"fr_FR\" \/>\n<meta property=\"og:type\" content=\"article\" \/>\n<meta property=\"og:title\" content=\"Politique d\u2019exp\u00e9dition\" \/>\n<meta property=\"og:url\" content=\"https:\/\/suite88.com\/fr\/politique-dexpedition\/\" \/>\n<meta property=\"og:site_name\" content=\"suite88.com\" \/>\n<meta property=\"article:publisher\" content=\"https:\/\/www.facebook.com\/suite88\" \/>\n<meta property=\"article:modified_time\" content=\"2025-04-14T17:04:13+00:00\" \/>\n<meta property=\"og:image\" content=\"https:\/\/suite88.com\/wp-content\/uploads\/2023\/09\/logo-1200x675-1.png\" \/>\n\t<meta property=\"og:image:width\" content=\"1200\" \/>\n\t<meta property=\"og:image:height\" content=\"675\" \/>\n\t<meta property=\"og:image:type\" content=\"image\/png\" \/>\n<meta name=\"twitter:card\" content=\"summary_large_image\" \/>\n<meta name=\"twitter:label1\" content=\"Dur\u00e9e de lecture estim\u00e9e\" \/>\n\t<meta name=\"twitter:data1\" content=\"2 minutes\" \/>\n<script type=\"application\/ld+json\" class=\"yoast-schema-graph\">{\"@context\":\"https:\\\/\\\/schema.org\",\"@graph\":[{\"@type\":\"WebPage\",\"@id\":\"https:\\\/\\\/suite88.com\\\/fr\\\/politique-dexpedition\\\/\",\"url\":\"https:\\\/\\\/suite88.com\\\/fr\\\/politique-dexpedition\\\/\",\"name\":\"Politique d\u2019exp\u00e9dition &#8226; suite88.com\",\"isPartOf\":{\"@id\":\"https:\\\/\\\/suite88.com\\\/fr\\\/#website\"},\"datePublished\":\"2020-09-29T01:46:45+00:00\",\"dateModified\":\"2025-04-14T17:04:13+00:00\",\"breadcrumb\":{\"@id\":\"https:\\\/\\\/suite88.com\\\/fr\\\/politique-dexpedition\\\/#breadcrumb\"},\"inLanguage\":\"fr-FR\",\"potentialAction\":[{\"@type\":\"ReadAction\",\"target\":[\"https:\\\/\\\/suite88.com\\\/fr\\\/politique-dexpedition\\\/\"]}]},{\"@type\":\"BreadcrumbList\",\"@id\":\"https:\\\/\\\/suite88.com\\\/fr\\\/politique-dexpedition\\\/#breadcrumb\",\"itemListElement\":[{\"@type\":\"ListItem\",\"position\":1,\"name\":\"Home\",\"item\":\"https:\\\/\\\/suite88.com\\\/fr\\\/\"},{\"@type\":\"ListItem\",\"position\":2,\"name\":\"Politique d\u2019exp\u00e9dition\"}]},{\"@type\":\"WebSite\",\"@id\":\"https:\\\/\\\/suite88.com\\\/fr\\\/#website\",\"url\":\"https:\\\/\\\/suite88.com\\\/fr\\\/\",\"name\":\"Suite 88 Chocolatier\",\"description\":\"Fine Belgian chocolate\",\"publisher\":{\"@id\":\"https:\\\/\\\/suite88.com\\\/fr\\\/#organization\"},\"potentialAction\":[{\"@type\":\"SearchAction\",\"target\":{\"@type\":\"EntryPoint\",\"urlTemplate\":\"https:\\\/\\\/suite88.com\\\/fr\\\/?s={search_term_string}\"},\"query-input\":{\"@type\":\"PropertyValueSpecification\",\"valueRequired\":true,\"valueName\":\"search_term_string\"}}],\"inLanguage\":\"fr-FR\"},{\"@type\":\"Organization\",\"@id\":\"https:\\\/\\\/suite88.com\\\/fr\\\/#organization\",\"name\":\"Suite 88 Chocolatier\",\"alternateName\":\"Suite 88\",\"url\":\"https:\\\/\\\/suite88.com\\\/fr\\\/\",\"logo\":{\"@type\":\"ImageObject\",\"inLanguage\":\"fr-FR\",\"@id\":\"https:\\\/\\\/suite88.com\\\/fr\\\/#\\\/schema\\\/logo\\\/image\\\/\",\"url\":\"https:\\\/\\\/suite88.com\\\/wp-content\\\/uploads\\\/2021\\\/04\\\/Suite-88-logo.png\",\"contentUrl\":\"https:\\\/\\\/suite88.com\\\/wp-content\\\/uploads\\\/2021\\\/04\\\/Suite-88-logo.png\",\"width\":1536,\"height\":1496,\"caption\":\"Suite 88 Chocolatier\"},\"image\":{\"@id\":\"https:\\\/\\\/suite88.com\\\/fr\\\/#\\\/schema\\\/logo\\\/image\\\/\"},\"sameAs\":[\"https:\\\/\\\/www.facebook.com\\\/suite88\",\"https:\\\/\\\/www.instagram.com\\\/suite88\\\/\",\"https:\\\/\\\/www.pinterest.ca\\\/suite88\\\/\"]}]}<\/script>\n<!-- \/ Yoast SEO Premium plugin. -->","yoast_head_json":{"title":"Politique d\u2019exp\u00e9dition &#8226; suite88.com","robots":{"index":"index","follow":"follow","max-snippet":"max-snippet:-1","max-image-preview":"max-image-preview:large","max-video-preview":"max-video-preview:-1"},"canonical":"https:\/\/suite88.com\/fr\/politique-dexpedition\/","og_locale":"fr_FR","og_type":"article","og_title":"Politique d\u2019exp\u00e9dition","og_url":"https:\/\/suite88.com\/fr\/politique-dexpedition\/","og_site_name":"suite88.com","article_publisher":"https:\/\/www.facebook.com\/suite88","article_modified_time":"2025-04-14T17:04:13+00:00","og_image":[{"width":1200,"height":675,"url":"https:\/\/suite88.com\/wp-content\/uploads\/2023\/09\/logo-1200x675-1.png","type":"image\/png"}],"twitter_card":"summary_large_image","twitter_misc":{"Dur\u00e9e de lecture estim\u00e9e":"2 minutes"},"schema":{"@context":"https:\/\/schema.org","@graph":[{"@type":"WebPage","@id":"https:\/\/suite88.com\/fr\/politique-dexpedition\/","url":"https:\/\/suite88.com\/fr\/politique-dexpedition\/","name":"Politique d\u2019exp\u00e9dition &#8226; suite88.com","isPartOf":{"@id":"https:\/\/suite88.com\/fr\/#website"},"datePublished":"2020-09-29T01:46:45+00:00","dateModified":"2025-04-14T17:04:13+00:00","breadcrumb":{"@id":"https:\/\/suite88.com\/fr\/politique-dexpedition\/#breadcrumb"},"inLanguage":"fr-FR","potentialAction":[{"@type":"ReadAction","target":["https:\/\/suite88.com\/fr\/politique-dexpedition\/"]}]},{"@type":"BreadcrumbList","@id":"https:\/\/suite88.com\/fr\/politique-dexpedition\/#breadcrumb","itemListElement":[{"@type":"ListItem","position":1,"name":"Home","item":"https:\/\/suite88.com\/fr\/"},{"@type":"ListItem","position":2,"name":"Politique d\u2019exp\u00e9dition"}]},{"@type":"WebSite","@id":"https:\/\/suite88.com\/fr\/#website","url":"https:\/\/suite88.com\/fr\/","name":"Suite 88 Chocolatier","description":"Fine Belgian chocolate","publisher":{"@id":"https:\/\/suite88.com\/fr\/#organization"},"potentialAction":[{"@type":"SearchAction","target":{"@type":"EntryPoint","urlTemplate":"https:\/\/suite88.com\/fr\/?s={search_term_string}"},"query-input":{"@type":"PropertyValueSpecification","valueRequired":true,"valueName":"search_term_string"}}],"inLanguage":"fr-FR"},{"@type":"Organization","@id":"https:\/\/suite88.com\/fr\/#organization","name":"Suite 88 Chocolatier","alternateName":"Suite 88","url":"https:\/\/suite88.com\/fr\/","logo":{"@type":"ImageObject","inLanguage":"fr-FR","@id":"https:\/\/suite88.com\/fr\/#\/schema\/logo\/image\/","url":"https:\/\/suite88.com\/wp-content\/uploads\/2021\/04\/Suite-88-logo.png","contentUrl":"https:\/\/suite88.com\/wp-content\/uploads\/2021\/04\/Suite-88-logo.png","width":1536,"height":1496,"caption":"Suite 88 Chocolatier"},"image":{"@id":"https:\/\/suite88.com\/fr\/#\/schema\/logo\/image\/"},"sameAs":["https:\/\/www.facebook.com\/suite88","https:\/\/www.instagram.com\/suite88\/","https:\/\/www.pinterest.ca\/suite88\/"]}]}},"_links":{"self":[{"href":"https:\/\/suite88.com\/fr\/wp-json\/wp\/v2\/pages\/2370","targetHints":{"allow":["GET"]}}],"collection":[{"href":"https:\/\/suite88.com\/fr\/wp-json\/wp\/v2\/pages"}],"about":[{"href":"https:\/\/suite88.com\/fr\/wp-json\/wp\/v2\/types\/page"}],"author":[{"embeddable":true,"href":"https:\/\/suite88.com\/fr\/wp-json\/wp\/v2\/users\/1"}],"replies":[{"embeddable":true,"href":"https:\/\/suite88.com\/fr\/wp-json\/wp\/v2\/comments?post=2370"}],"version-history":[{"count":128,"href":"https:\/\/suite88.com\/fr\/wp-json\/wp\/v2\/pages\/2370\/revisions"}],"predecessor-version":[{"id":12363,"href":"https:\/\/suite88.com\/fr\/wp-json\/wp\/v2\/pages\/2370\/revisions\/12363"}],"wp:attachment":[{"href":"https:\/\/suite88.com\/fr\/wp-json\/wp\/v2\/media?parent=2370"}],"curies":[{"name":"wp","href":"https:\/\/api.w.org\/{rel}","templated":true}]}}