{"id":906,"date":"2020-02-22T03:34:00","date_gmt":"2020-02-22T03:34:00","guid":{"rendered":"http:\/\/acvdevelopment.com\/entreprise\/"},"modified":"2023-07-11T22:10:40","modified_gmt":"2023-07-12T03:10:40","slug":"entreprise","status":"publish","type":"page","link":"https:\/\/suite88.com\/fr\/entreprise\/","title":{"rendered":"Corporatif"},"content":{"rendered":"\n<div class=\"container section-title-container\" ><h2 class=\"section-title section-title-center\"><b aria-hidden=\"true\"><\/b><span class=\"section-title-main\" style=\"color:rgb(188, 95, 4);\">Corporate<\/span><b aria-hidden=\"true\"><\/b><\/h2><\/div>\n\n  <div class=\"banner-grid-wrapper\">\n  <div id=\"banner-grid-1674993612\" class=\"banner-grid row row-grid hide-for-medium row-xsmall\" data-packery-options=\"\">\n                      \n\n<div class=\"col grid-col large-8 grid-col-2-3\" ><div class=\"col-inner\">\n\n\n  <div class=\"banner has-hover bg-zoom\" id=\"banner-495525255\">\n          <div class=\"banner-inner fill\">\n        <div class=\"banner-bg fill\" >\n            <img loading=\"lazy\" decoding=\"async\" width=\"1502\" height=\"1003\" src=\"https:\/\/suite88.com\/wp-content\/uploads\/2020\/10\/handshake.jpg\" class=\"bg attachment-original size-original\" alt=\"handshake\" \/>                                    \n                    <\/div>\n\t\t\n        <div class=\"banner-layers container\">\n            <div class=\"fill banner-link\"><\/div>            \n\n   <div id=\"text-box-1818323853\" class=\"text-box banner-layer x85 md-x85 lg-x85 y50 md-y50 lg-y50 res-text\">\n                                <div class=\"text-box-content text dark\">\n              \n              <div class=\"text-inner text-center\">\n                  \n\n<h3 class=\"uppercase\"><strong>make your next meeting memorable<\/strong><\/p>\n\n              <\/div>\n           <\/div>\n                            \n<style>\n#text-box-1818323853 {\n  width: 60%;\n}\n#text-box-1818323853 .text-box-content {\n  font-size: 100%;\n}\n<\/style>\n    <\/div>\n \n\n        <\/div>\n      <\/div>\n\n              <div class=\"height-fix is-invisible\"><img loading=\"lazy\" decoding=\"async\" width=\"1502\" height=\"1003\" src=\"https:\/\/suite88.com\/wp-content\/uploads\/2020\/10\/handshake.jpg\" class=\"attachment-original size-original\" alt=\"handshake\" srcset=\"https:\/\/suite88.com\/wp-content\/uploads\/2020\/10\/handshake.jpg 1502w, https:\/\/suite88.com\/wp-content\/uploads\/2020\/10\/handshake-1500x1002.jpg 1500w, https:\/\/suite88.com\/wp-content\/uploads\/2020\/10\/handshake-599x400.jpg 599w, https:\/\/suite88.com\/wp-content\/uploads\/2020\/10\/handshake-1198x800.jpg 1198w, https:\/\/suite88.com\/wp-content\/uploads\/2020\/10\/handshake-768x513.jpg 768w\" sizes=\"auto, (max-width: 1502px) 100vw, 1502px\" \/><\/div>\n              <\/div>\n\n\n\n<\/div><\/div>\n<div class=\"col grid-col large-4 grid-col-1-2\" ><div class=\"col-inner\">\n\n\t<div class=\"img has-hover x md-x lg-x y md-y lg-y\" id=\"image_389993024\">\n\t\t\t\t\t\t\t\t<div class=\"img-inner image-zoom dark\" >\n\t\t\t<img loading=\"lazy\" decoding=\"async\" width=\"640\" height=\"800\" src=\"https:\/\/suite88.com\/wp-content\/uploads\/2020\/06\/platters-for-catering-block-640x800.jpg\" class=\"attachment-large size-large\" alt=\"traiteur - plateaux\" srcset=\"https:\/\/suite88.com\/wp-content\/uploads\/2020\/06\/platters-for-catering-block-640x800.jpg 640w, https:\/\/suite88.com\/wp-content\/uploads\/2020\/06\/platters-for-catering-block-320x400.jpg 320w, https:\/\/suite88.com\/wp-content\/uploads\/2020\/06\/platters-for-catering-block-768x960.jpg 768w, https:\/\/suite88.com\/wp-content\/uploads\/2020\/06\/platters-for-catering-block-510x638.jpg 510w, https:\/\/suite88.com\/wp-content\/uploads\/2020\/06\/platters-for-catering-block.jpg 800w\" sizes=\"auto, (max-width: 640px) 100vw, 640px\" \/>\t\t\t\t\t\t\n\t\t\t\t\t<\/div>\n\t\t\t\t\t\t\t\t\n<style>\n#image_389993024 {\n  width: 100%;\n}\n<\/style>\n\t<\/div>\n\t\n\n\n<\/div><\/div>\n<div class=\"col grid-col large-4 grid-col-1-2\" ><div class=\"col-inner\">\n\n\t<div class=\"img has-hover x md-x lg-x y md-y lg-y\" id=\"image_1586722747\">\n\t\t\t\t\t\t\t\t<div class=\"img-inner image-zoom dark\" >\n\t\t\t<img loading=\"lazy\" decoding=\"async\" width=\"1020\" height=\"641\" src=\"https:\/\/suite88.com\/wp-content\/uploads\/2020\/10\/gifts-1273x800.jpg\" class=\"attachment-large size-large\" alt=\"chocolate gifts\" srcset=\"https:\/\/suite88.com\/wp-content\/uploads\/2020\/10\/gifts-1273x800.jpg 1273w, https:\/\/suite88.com\/wp-content\/uploads\/2020\/10\/gifts-1500x943.jpg 1500w, https:\/\/suite88.com\/wp-content\/uploads\/2020\/10\/gifts-637x400.jpg 637w, https:\/\/suite88.com\/wp-content\/uploads\/2020\/10\/gifts-768x483.jpg 768w, https:\/\/suite88.com\/wp-content\/uploads\/2020\/10\/gifts-1536x965.jpg 1536w, https:\/\/suite88.com\/wp-content\/uploads\/2020\/10\/gifts-95x60.jpg 95w, https:\/\/suite88.com\/wp-content\/uploads\/2020\/10\/gifts-143x90.jpg 143w, https:\/\/suite88.com\/wp-content\/uploads\/2020\/10\/gifts.jpg 1800w\" sizes=\"auto, (max-width: 1020px) 100vw, 1020px\" \/>\t\t\t\t\t\t\n\t\t\t\t\t<\/div>\n\t\t\t\t\t\t\t\t\n<style>\n#image_1586722747 {\n  width: 100%;\n}\n<\/style>\n\t<\/div>\n\t\n\n\n<\/div><\/div>\n<div class=\"col grid-col large-8 grid-col-1-3\" data-animate=\"none\"><div class=\"col-inner box-shadow-2-hover\">\n\n\t<div class=\"img has-hover x md-x lg-x y md-y lg-y\" id=\"image_640220678\">\n\t\t\t\t\t\t\t\t<div class=\"img-inner box-shadow-2-hover dark\" >\n\t\t\t<img loading=\"lazy\" decoding=\"async\" width=\"1020\" height=\"534\" src=\"https:\/\/suite88.com\/wp-content\/uploads\/2020\/10\/GP-cars-2.png\" class=\"attachment-large size-large\" alt=\"grand prix cars\" srcset=\"https:\/\/suite88.com\/wp-content\/uploads\/2020\/10\/GP-cars-2.png 1200w, https:\/\/suite88.com\/wp-content\/uploads\/2020\/10\/GP-cars-2-764x400.png 764w, https:\/\/suite88.com\/wp-content\/uploads\/2020\/10\/GP-cars-2-768x402.png 768w, https:\/\/suite88.com\/wp-content\/uploads\/2020\/10\/GP-cars-2-800x419.png 800w\" sizes=\"auto, (max-width: 1020px) 100vw, 1020px\" \/>\t\t\t\t\t\t\n\t\t\t\t\t<\/div>\n\t\t\t\t\t\t\t\t\n<style>\n#image_640220678 {\n  width: 100%;\n}\n<\/style>\n\t<\/div>\n\t\n\n\n<\/div><\/div>\n\n            <\/div>\n    <style>\n    #banner-grid-1674993612 .grid-col-1{height: 600px}\n    #banner-grid-1674993612 .grid-col-1-2{height: 300px}\n    #banner-grid-1674993612 .grid-col-1-3{height:200px}\n    #banner-grid-1674993612 .grid-col-2-3{height: 400px}\n    #banner-grid-1674993612 .grid-col-1-4{height: 150px}\n    #banner-grid-1674993612 .grid-col-3-4{height: 450px}\n\n\n    \n    \n\n  <\/style>\n    <\/div>\n  \n\n  <div class=\"banner has-hover show-for-medium\" id=\"banner-694210710\">\n          <div class=\"banner-inner fill\">\n        <div class=\"banner-bg fill\" >\n            <img loading=\"lazy\" decoding=\"async\" width=\"1020\" height=\"681\" src=\"https:\/\/suite88.com\/wp-content\/uploads\/2020\/10\/handshake-1198x800.jpg\" class=\"bg attachment-large size-large\" alt=\"handshake\" \/>                                    \n                    <\/div>\n\t\t\n        <div class=\"banner-layers container\">\n            <div class=\"fill banner-link\"><\/div>            \n\n   <div id=\"text-box-1803048042\" class=\"text-box banner-layer x50 md-x50 lg-x50 y50 md-y50 lg-y50 res-text\">\n                                <div class=\"text-box-content text dark\">\n              \n              <div class=\"text-inner text-center\">\n                  \n\n<h3 class=\"uppercase\"><strong>make your next meeting memorable<\/strong><\/h3>\n<p>Looking for thank you gifts, gift boxes or platters of chocolates and desserts? We&#8217;ve got you covered!<\/p>\n\n              <\/div>\n           <\/div>\n                            \n<style>\n#text-box-1803048042 {\n  width: 60%;\n}\n#text-box-1803048042 .text-box-content {\n  font-size: 100%;\n}\n<\/style>\n    <\/div>\n \n\n        <\/div>\n      <\/div>\n\n            \n<style>\n#banner-694210710 {\n  padding-top: 500px;\n}\n<\/style>\n  <\/div>\n\n\n<div class=\"row\"  id=\"row-437645576\">\n\n\n\t<div id=\"col-1813298564\" class=\"col medium-6 small-12 large-6\"  >\n\t\t\t\t<div class=\"col-inner\"  >\n\t\t\t\n\t\t\t\n\n\t<div class=\"box has-hover   has-hover box-text-bottom\" >\n\n\t\t<div class=\"box-image\" >\n\t\t\t<a href=\"https:\/\/suite88.com\/corporate-gifts\/\" >\t\t\t<div class=\"image-zoom image-cover\" style=\"padding-top:400px;\">\n\t\t\t\t<img loading=\"lazy\" decoding=\"async\" width=\"1202\" height=\"1137\" src=\"https:\/\/suite88.com\/wp-content\/uploads\/2020\/11\/corp-with-tags-1.jpg\" class=\"attachment- size-\" alt=\"cadeaux chocolat\u00e9s personnalis\u00e9s avec \u00e9tiquettes\" srcset=\"https:\/\/suite88.com\/wp-content\/uploads\/2020\/11\/corp-with-tags-1.jpg 1202w, https:\/\/suite88.com\/wp-content\/uploads\/2020\/11\/corp-with-tags-1-423x400.jpg 423w, https:\/\/suite88.com\/wp-content\/uploads\/2020\/11\/corp-with-tags-1-846x800.jpg 846w, https:\/\/suite88.com\/wp-content\/uploads\/2020\/11\/corp-with-tags-1-768x726.jpg 768w, https:\/\/suite88.com\/wp-content\/uploads\/2020\/11\/corp-with-tags-1-800x757.jpg 800w, https:\/\/suite88.com\/wp-content\/uploads\/2020\/11\/corp-with-tags-1-63x60.jpg 63w, https:\/\/suite88.com\/wp-content\/uploads\/2020\/11\/corp-with-tags-1-95x90.jpg 95w\" sizes=\"auto, (max-width: 1202px) 100vw, 1202px\" \/>\t\t\t\t\t\t\t\t\t\t\t<\/div>\n\t\t\t<\/a>\t\t<\/div>\n\n\t\t<div class=\"box-text text-center\" >\n\t\t\t<div class=\"box-text-inner\">\n\t\t\t\t\n\n<h4>CORPORATE GIFTS<\/h4>\n<p>Celebrate your clients. Build relationships and show your appreciation with the gift of chocolate.\u00a0 Keep your brand top of mind with branded boxes.<\/p>\n\n\t\t\t<\/div>\n\t\t<\/div>\n\t<\/div>\n\t\n\n\t\t<\/div>\n\t\t\t\t\t<\/div>\n\n\t\n\n\t<div id=\"col-1376937368\" class=\"col medium-6 small-12 large-6\"  >\n\t\t\t\t<div class=\"col-inner\"  >\n\t\t\t\n\t\t\t\n\n\t<div class=\"box has-hover   has-hover box-text-bottom\" >\n\n\t\t<div class=\"box-image\" >\n\t\t\t<a href=\"https:\/\/suite88.com\/catering\/\" >\t\t\t<div class=\"image-zoom image-cover\" style=\"padding-top:400px;\">\n\t\t\t\t<img loading=\"lazy\" decoding=\"async\" width=\"1500\" height=\"1500\" src=\"https:\/\/suite88.com\/wp-content\/uploads\/2020\/03\/strawberry-platter.jpg\" class=\"attachment- size-\" alt=\"chocolate covered strawberries platter\" srcset=\"https:\/\/suite88.com\/wp-content\/uploads\/2020\/03\/strawberry-platter.jpg 1500w, https:\/\/suite88.com\/wp-content\/uploads\/2020\/03\/strawberry-platter-500x500.jpg 500w, https:\/\/suite88.com\/wp-content\/uploads\/2020\/03\/strawberry-platter-100x100.jpg 100w, https:\/\/suite88.com\/wp-content\/uploads\/2020\/03\/strawberry-platter-800x800.jpg 800w, https:\/\/suite88.com\/wp-content\/uploads\/2020\/03\/strawberry-platter-400x400.jpg 400w, https:\/\/suite88.com\/wp-content\/uploads\/2020\/03\/strawberry-platter-300x300.jpg 300w, https:\/\/suite88.com\/wp-content\/uploads\/2020\/03\/strawberry-platter-768x768.jpg 768w\" sizes=\"auto, (max-width: 1500px) 100vw, 1500px\" \/>\t\t\t\t\t\t\t\t\t\t\t<\/div>\n\t\t\t<\/a>\t\t<\/div>\n\n\t\t<div class=\"box-text text-center\" >\n\t\t\t<div class=\"box-text-inner\">\n\t\t\t\t\n\n<h4>CATERING<\/h4>\n<p>Chocolates, brownies and more.\u00a0 Satisfy the sweet tooth of all the attendees at your next meeting.<\/p>\n\n\t\t\t<\/div>\n\t\t<\/div>\n\t<\/div>\n\t\n\n\t\t<\/div>\n\t\t\t\t\t<\/div>\n\n\t\n\n<\/div>\n\n","protected":false},"excerpt":{"rendered":"","protected":false},"author":1,"featured_media":0,"parent":0,"menu_order":0,"comment_status":"closed","ping_status":"closed","template":"page-blank.php","meta":{"footnotes":""},"class_list":["post-906","page","type-page","status-publish","hentry"],"yoast_head":"<!-- This site is optimized with the Yoast SEO Premium plugin v27.3 (Yoast SEO v27.3) - https:\/\/yoast.com\/product\/yoast-seo-premium-wordpress\/ -->\n<title>Corporatif &#8226; suite88.com<\/title>\n<meta name=\"robots\" content=\"index, follow, max-snippet:-1, max-image-preview:large, max-video-preview:-1\" \/>\n<link rel=\"canonical\" href=\"https:\/\/suite88.com\/fr\/entreprise\/\" \/>\n<meta property=\"og:locale\" content=\"fr_FR\" \/>\n<meta property=\"og:type\" content=\"article\" \/>\n<meta property=\"og:title\" content=\"Corporatif\" \/>\n<meta property=\"og:url\" content=\"https:\/\/suite88.com\/fr\/entreprise\/\" \/>\n<meta property=\"og:site_name\" content=\"suite88.com\" \/>\n<meta property=\"article:publisher\" content=\"https:\/\/www.facebook.com\/suite88\" \/>\n<meta property=\"article:modified_time\" content=\"2023-07-12T03:10:40+00:00\" \/>\n<meta property=\"og:image\" content=\"https:\/\/suite88.com\/wp-content\/uploads\/2023\/09\/logo-1200x675-1.png\" \/>\n\t<meta property=\"og:image:width\" content=\"1200\" \/>\n\t<meta property=\"og:image:height\" content=\"675\" \/>\n\t<meta property=\"og:image:type\" content=\"image\/png\" \/>\n<meta name=\"twitter:card\" content=\"summary_large_image\" \/>\n<meta name=\"twitter:label1\" content=\"Dur\u00e9e de lecture estim\u00e9e\" \/>\n\t<meta name=\"twitter:data1\" content=\"1 minute\" \/>\n<script type=\"application\/ld+json\" class=\"yoast-schema-graph\">{\"@context\":\"https:\\\/\\\/schema.org\",\"@graph\":[{\"@type\":\"WebPage\",\"@id\":\"https:\\\/\\\/suite88.com\\\/fr\\\/entreprise\\\/\",\"url\":\"https:\\\/\\\/suite88.com\\\/fr\\\/entreprise\\\/\",\"name\":\"Corporatif &#8226; suite88.com\",\"isPartOf\":{\"@id\":\"https:\\\/\\\/suite88.com\\\/fr\\\/#website\"},\"datePublished\":\"2020-02-22T03:34:00+00:00\",\"dateModified\":\"2023-07-12T03:10:40+00:00\",\"breadcrumb\":{\"@id\":\"https:\\\/\\\/suite88.com\\\/fr\\\/entreprise\\\/#breadcrumb\"},\"inLanguage\":\"fr-FR\",\"potentialAction\":[{\"@type\":\"ReadAction\",\"target\":[\"https:\\\/\\\/suite88.com\\\/fr\\\/entreprise\\\/\"]}]},{\"@type\":\"BreadcrumbList\",\"@id\":\"https:\\\/\\\/suite88.com\\\/fr\\\/entreprise\\\/#breadcrumb\",\"itemListElement\":[{\"@type\":\"ListItem\",\"position\":1,\"name\":\"Home\",\"item\":\"https:\\\/\\\/suite88.com\\\/fr\\\/\"},{\"@type\":\"ListItem\",\"position\":2,\"name\":\"Corporatif\"}]},{\"@type\":\"WebSite\",\"@id\":\"https:\\\/\\\/suite88.com\\\/fr\\\/#website\",\"url\":\"https:\\\/\\\/suite88.com\\\/fr\\\/\",\"name\":\"Suite 88 Chocolatier\",\"description\":\"Fine Belgian chocolate\",\"publisher\":{\"@id\":\"https:\\\/\\\/suite88.com\\\/fr\\\/#organization\"},\"potentialAction\":[{\"@type\":\"SearchAction\",\"target\":{\"@type\":\"EntryPoint\",\"urlTemplate\":\"https:\\\/\\\/suite88.com\\\/fr\\\/?s={search_term_string}\"},\"query-input\":{\"@type\":\"PropertyValueSpecification\",\"valueRequired\":true,\"valueName\":\"search_term_string\"}}],\"inLanguage\":\"fr-FR\"},{\"@type\":\"Organization\",\"@id\":\"https:\\\/\\\/suite88.com\\\/fr\\\/#organization\",\"name\":\"Suite 88 Chocolatier\",\"alternateName\":\"Suite 88\",\"url\":\"https:\\\/\\\/suite88.com\\\/fr\\\/\",\"logo\":{\"@type\":\"ImageObject\",\"inLanguage\":\"fr-FR\",\"@id\":\"https:\\\/\\\/suite88.com\\\/fr\\\/#\\\/schema\\\/logo\\\/image\\\/\",\"url\":\"https:\\\/\\\/suite88.com\\\/wp-content\\\/uploads\\\/2021\\\/04\\\/Suite-88-logo.png\",\"contentUrl\":\"https:\\\/\\\/suite88.com\\\/wp-content\\\/uploads\\\/2021\\\/04\\\/Suite-88-logo.png\",\"width\":1536,\"height\":1496,\"caption\":\"Suite 88 Chocolatier\"},\"image\":{\"@id\":\"https:\\\/\\\/suite88.com\\\/fr\\\/#\\\/schema\\\/logo\\\/image\\\/\"},\"sameAs\":[\"https:\\\/\\\/www.facebook.com\\\/suite88\",\"https:\\\/\\\/www.instagram.com\\\/suite88\\\/\",\"https:\\\/\\\/www.pinterest.ca\\\/suite88\\\/\"]}]}<\/script>\n<!-- \/ Yoast SEO Premium plugin. -->","yoast_head_json":{"title":"Corporatif &#8226; suite88.com","robots":{"index":"index","follow":"follow","max-snippet":"max-snippet:-1","max-image-preview":"max-image-preview:large","max-video-preview":"max-video-preview:-1"},"canonical":"https:\/\/suite88.com\/fr\/entreprise\/","og_locale":"fr_FR","og_type":"article","og_title":"Corporatif","og_url":"https:\/\/suite88.com\/fr\/entreprise\/","og_site_name":"suite88.com","article_publisher":"https:\/\/www.facebook.com\/suite88","article_modified_time":"2023-07-12T03:10:40+00:00","og_image":[{"width":1200,"height":675,"url":"https:\/\/suite88.com\/wp-content\/uploads\/2023\/09\/logo-1200x675-1.png","type":"image\/png"}],"twitter_card":"summary_large_image","twitter_misc":{"Dur\u00e9e de lecture estim\u00e9e":"1 minute"},"schema":{"@context":"https:\/\/schema.org","@graph":[{"@type":"WebPage","@id":"https:\/\/suite88.com\/fr\/entreprise\/","url":"https:\/\/suite88.com\/fr\/entreprise\/","name":"Corporatif &#8226; suite88.com","isPartOf":{"@id":"https:\/\/suite88.com\/fr\/#website"},"datePublished":"2020-02-22T03:34:00+00:00","dateModified":"2023-07-12T03:10:40+00:00","breadcrumb":{"@id":"https:\/\/suite88.com\/fr\/entreprise\/#breadcrumb"},"inLanguage":"fr-FR","potentialAction":[{"@type":"ReadAction","target":["https:\/\/suite88.com\/fr\/entreprise\/"]}]},{"@type":"BreadcrumbList","@id":"https:\/\/suite88.com\/fr\/entreprise\/#breadcrumb","itemListElement":[{"@type":"ListItem","position":1,"name":"Home","item":"https:\/\/suite88.com\/fr\/"},{"@type":"ListItem","position":2,"name":"Corporatif"}]},{"@type":"WebSite","@id":"https:\/\/suite88.com\/fr\/#website","url":"https:\/\/suite88.com\/fr\/","name":"Suite 88 Chocolatier","description":"Fine Belgian chocolate","publisher":{"@id":"https:\/\/suite88.com\/fr\/#organization"},"potentialAction":[{"@type":"SearchAction","target":{"@type":"EntryPoint","urlTemplate":"https:\/\/suite88.com\/fr\/?s={search_term_string}"},"query-input":{"@type":"PropertyValueSpecification","valueRequired":true,"valueName":"search_term_string"}}],"inLanguage":"fr-FR"},{"@type":"Organization","@id":"https:\/\/suite88.com\/fr\/#organization","name":"Suite 88 Chocolatier","alternateName":"Suite 88","url":"https:\/\/suite88.com\/fr\/","logo":{"@type":"ImageObject","inLanguage":"fr-FR","@id":"https:\/\/suite88.com\/fr\/#\/schema\/logo\/image\/","url":"https:\/\/suite88.com\/wp-content\/uploads\/2021\/04\/Suite-88-logo.png","contentUrl":"https:\/\/suite88.com\/wp-content\/uploads\/2021\/04\/Suite-88-logo.png","width":1536,"height":1496,"caption":"Suite 88 Chocolatier"},"image":{"@id":"https:\/\/suite88.com\/fr\/#\/schema\/logo\/image\/"},"sameAs":["https:\/\/www.facebook.com\/suite88","https:\/\/www.instagram.com\/suite88\/","https:\/\/www.pinterest.ca\/suite88\/"]}]}},"_links":{"self":[{"href":"https:\/\/suite88.com\/fr\/wp-json\/wp\/v2\/pages\/906","targetHints":{"allow":["GET"]}}],"collection":[{"href":"https:\/\/suite88.com\/fr\/wp-json\/wp\/v2\/pages"}],"about":[{"href":"https:\/\/suite88.com\/fr\/wp-json\/wp\/v2\/types\/page"}],"author":[{"embeddable":true,"href":"https:\/\/suite88.com\/fr\/wp-json\/wp\/v2\/users\/1"}],"replies":[{"embeddable":true,"href":"https:\/\/suite88.com\/fr\/wp-json\/wp\/v2\/comments?post=906"}],"version-history":[{"count":80,"href":"https:\/\/suite88.com\/fr\/wp-json\/wp\/v2\/pages\/906\/revisions"}],"predecessor-version":[{"id":11349,"href":"https:\/\/suite88.com\/fr\/wp-json\/wp\/v2\/pages\/906\/revisions\/11349"}],"wp:attachment":[{"href":"https:\/\/suite88.com\/fr\/wp-json\/wp\/v2\/media?parent=906"}],"curies":[{"name":"wp","href":"https:\/\/api.w.org\/{rel}","templated":true}]}}