{"id":2242,"date":"2020-02-07T23:04:42","date_gmt":"2020-02-08T04:04:42","guid":{"rendered":"http:\/\/acvdevelopment.com\/product\/mosaiques-9-piece\/"},"modified":"2026-01-09T16:32:36","modified_gmt":"2026-01-09T21:32:36","slug":"mosaiques-9-piece","status":"publish","type":"product","link":"https:\/\/suite88.com\/fr\/produit\/mosaiques-9-piece\/","title":{"rendered":"Mosa\u00efques &#8211; 9 morceaux"},"content":{"rendered":"","protected":false},"excerpt":{"rendered":"<p>Presque trop beaux pour \u00eatre mang\u00e9s, mais ce serait vraiment dommage de s&#8217;en priver !<\/p>\n<p>9 chocolats par bo\u00eete : 1 de chaque saveur.<\/p>\n<p>caramel \u00e0 la fleur de sel, espresso, cr\u00e8me d&#8217;\u00e9rable, pralin\u00e9 croquant, caramel \u00e0 la framboise, caramel au beurre croquant, sabl\u00e9 au citron, pralin\u00e9 aux noisettes et cr\u00e8me au miel.<\/p>\n","protected":false},"featured_media":2311,"comment_status":"closed","ping_status":"closed","template":"","meta":[],"product_brand":[],"product_cat":[160,224,79],"product_tag":[],"class_list":{"0":"post-2242","1":"product","2":"type-product","3":"status-publish","4":"has-post-thumbnail","6":"product_cat-boites-de-chocolats","7":"product_cat-boites-de-chocolats-assortis","8":"product_cat-chocolats","10":"first","11":"instock","12":"taxable","13":"shipping-taxable","14":"purchasable","15":"product-type-simple"},"yoast_head":"<!-- This site is optimized with the Yoast SEO Premium plugin v27.3 (Yoast SEO v27.3) - https:\/\/yoast.com\/product\/yoast-seo-premium-wordpress\/ -->\n<title>Mosa\u00efques - 9 morceaux &#8226; suite88.com<\/title>\n<meta name=\"robots\" content=\"index, follow, max-snippet:-1, max-image-preview:large, max-video-preview:-1\" \/>\n<link rel=\"canonical\" href=\"https:\/\/suite88.com\/fr\/produit\/mosaiques-9-piece\/\" \/>\n<meta property=\"og:locale\" content=\"fr_FR\" \/>\n<meta property=\"og:type\" content=\"article\" \/>\n<meta property=\"og:title\" content=\"Mosa\u00efques - 9 morceaux\" \/>\n<meta property=\"og:description\" content=\"Presque trop beaux pour \u00eatre mang\u00e9s, mais ce serait vraiment dommage de s&#039;en priver ! 9 chocolats par bo\u00eete : 1 de chaque saveur. caramel \u00e0 la fleur de sel, espresso, cr\u00e8me d&#039;\u00e9rable, pralin\u00e9 croquant, caramel \u00e0 la framboise, caramel au beurre croquant, sabl\u00e9 au citron, pralin\u00e9 aux noisettes et cr\u00e8me au miel.\" \/>\n<meta property=\"og:url\" content=\"https:\/\/suite88.com\/fr\/produit\/mosaiques-9-piece\/\" \/>\n<meta property=\"og:site_name\" content=\"suite88.com\" \/>\n<meta property=\"article:publisher\" content=\"https:\/\/www.facebook.com\/suite88\" \/>\n<meta property=\"article:modified_time\" content=\"2026-01-09T21:32:36+00:00\" \/>\n<meta property=\"og:image\" content=\"https:\/\/suite88.com\/wp-content\/uploads\/2020\/02\/9-pc-mosaics2.jpg\" \/>\n\t<meta property=\"og:image:width\" content=\"1500\" \/>\n\t<meta property=\"og:image:height\" content=\"1500\" \/>\n\t<meta property=\"og:image:type\" content=\"image\/jpeg\" \/>\n<meta name=\"twitter:card\" content=\"summary_large_image\" \/>\n<meta name=\"twitter:label1\" content=\"Prix\" \/>\n\t<meta name=\"twitter:data1\" content=\"&#036;24,15\" \/>\n\t<meta name=\"twitter:label2\" content=\"Disponibilit\u00e9\" \/>\n\t<meta name=\"twitter:data2\" content=\"En stock\" \/>\n<script type=\"application\/ld+json\" class=\"yoast-schema-graph\">{\"@context\":\"https:\\\/\\\/schema.org\",\"@graph\":[{\"@type\":\"WebPage\",\"@id\":\"https:\\\/\\\/suite88.com\\\/fr\\\/produit\\\/mosaiques-9-piece\\\/\",\"url\":\"https:\\\/\\\/suite88.com\\\/fr\\\/produit\\\/mosaiques-9-piece\\\/\",\"name\":\"Mosa\u00efques - 9 morceaux &#8226; suite88.com\",\"isPartOf\":{\"@id\":\"https:\\\/\\\/suite88.com\\\/fr\\\/#website\"},\"primaryImageOfPage\":{\"@id\":\"https:\\\/\\\/suite88.com\\\/fr\\\/produit\\\/mosaiques-9-piece\\\/#primaryimage\"},\"image\":{\"@id\":\"https:\\\/\\\/suite88.com\\\/fr\\\/produit\\\/mosaiques-9-piece\\\/#primaryimage\"},\"thumbnailUrl\":\"https:\\\/\\\/suite88.com\\\/wp-content\\\/uploads\\\/2020\\\/02\\\/9-pc-mosaics2.jpg\",\"datePublished\":\"2020-02-08T04:04:42+00:00\",\"dateModified\":\"2026-01-09T21:32:36+00:00\",\"breadcrumb\":{\"@id\":\"https:\\\/\\\/suite88.com\\\/fr\\\/produit\\\/mosaiques-9-piece\\\/#breadcrumb\"},\"inLanguage\":\"fr-FR\",\"potentialAction\":[{\"@type\":\"ReadAction\",\"target\":[\"https:\\\/\\\/suite88.com\\\/fr\\\/produit\\\/mosaiques-9-piece\\\/\"]}]},{\"@type\":\"ImageObject\",\"inLanguage\":\"fr-FR\",\"@id\":\"https:\\\/\\\/suite88.com\\\/fr\\\/produit\\\/mosaiques-9-piece\\\/#primaryimage\",\"url\":\"https:\\\/\\\/suite88.com\\\/wp-content\\\/uploads\\\/2020\\\/02\\\/9-pc-mosaics2.jpg\",\"contentUrl\":\"https:\\\/\\\/suite88.com\\\/wp-content\\\/uploads\\\/2020\\\/02\\\/9-pc-mosaics2.jpg\",\"width\":1500,\"height\":1500,\"caption\":\"mosaIques 9 morceaux\"},{\"@type\":\"BreadcrumbList\",\"@id\":\"https:\\\/\\\/suite88.com\\\/fr\\\/produit\\\/mosaiques-9-piece\\\/#breadcrumb\",\"itemListElement\":[{\"@type\":\"ListItem\",\"position\":1,\"name\":\"Home\",\"item\":\"https:\\\/\\\/suite88.com\\\/fr\\\/\"},{\"@type\":\"ListItem\",\"position\":2,\"name\":\"Boutique\",\"item\":\"https:\\\/\\\/suite88.com\\\/fr\\\/boutique\\\/\"},{\"@type\":\"ListItem\",\"position\":3,\"name\":\"boites de chocolats\",\"item\":\"https:\\\/\\\/suite88.com\\\/fr\\\/categorie-produit\\\/boites-de-chocolats\\\/\"},{\"@type\":\"ListItem\",\"position\":4,\"name\":\"Mosa\u00efques &#8211; 9 morceaux\"}]},{\"@type\":\"WebSite\",\"@id\":\"https:\\\/\\\/suite88.com\\\/fr\\\/#website\",\"url\":\"https:\\\/\\\/suite88.com\\\/fr\\\/\",\"name\":\"Suite 88 Chocolatier\",\"description\":\"Fine Belgian chocolate\",\"publisher\":{\"@id\":\"https:\\\/\\\/suite88.com\\\/fr\\\/#organization\"},\"potentialAction\":[{\"@type\":\"SearchAction\",\"target\":{\"@type\":\"EntryPoint\",\"urlTemplate\":\"https:\\\/\\\/suite88.com\\\/fr\\\/?s={search_term_string}\"},\"query-input\":{\"@type\":\"PropertyValueSpecification\",\"valueRequired\":true,\"valueName\":\"search_term_string\"}}],\"inLanguage\":\"fr-FR\"},{\"@type\":\"Organization\",\"@id\":\"https:\\\/\\\/suite88.com\\\/fr\\\/#organization\",\"name\":\"Suite 88 Chocolatier\",\"alternateName\":\"Suite 88\",\"url\":\"https:\\\/\\\/suite88.com\\\/fr\\\/\",\"logo\":{\"@type\":\"ImageObject\",\"inLanguage\":\"fr-FR\",\"@id\":\"https:\\\/\\\/suite88.com\\\/fr\\\/#\\\/schema\\\/logo\\\/image\\\/\",\"url\":\"https:\\\/\\\/suite88.com\\\/wp-content\\\/uploads\\\/2021\\\/04\\\/Suite-88-logo.png\",\"contentUrl\":\"https:\\\/\\\/suite88.com\\\/wp-content\\\/uploads\\\/2021\\\/04\\\/Suite-88-logo.png\",\"width\":1536,\"height\":1496,\"caption\":\"Suite 88 Chocolatier\"},\"image\":{\"@id\":\"https:\\\/\\\/suite88.com\\\/fr\\\/#\\\/schema\\\/logo\\\/image\\\/\"},\"sameAs\":[\"https:\\\/\\\/www.facebook.com\\\/suite88\",\"https:\\\/\\\/www.instagram.com\\\/suite88\\\/\",\"https:\\\/\\\/www.pinterest.ca\\\/suite88\\\/\"]}]}<\/script>\n<meta property=\"product:price:amount\" content=\"24.15\" \/>\n<meta property=\"product:price:currency\" content=\"CAD\" \/>\n<meta property=\"og:availability\" content=\"instock\" \/>\n<meta property=\"product:availability\" content=\"instock\" \/>\n<meta property=\"product:retailer_item_id\" content=\"S88-M9\" \/>\n<meta property=\"product:condition\" content=\"new\" \/>\n<!-- \/ Yoast SEO Premium plugin. -->","yoast_head_json":{"title":"Mosa\u00efques - 9 morceaux &#8226; suite88.com","robots":{"index":"index","follow":"follow","max-snippet":"max-snippet:-1","max-image-preview":"max-image-preview:large","max-video-preview":"max-video-preview:-1"},"canonical":"https:\/\/suite88.com\/fr\/produit\/mosaiques-9-piece\/","og_locale":"fr_FR","og_type":"article","og_title":"Mosa\u00efques - 9 morceaux","og_description":"Presque trop beaux pour \u00eatre mang\u00e9s, mais ce serait vraiment dommage de s'en priver ! 9 chocolats par bo\u00eete : 1 de chaque saveur. caramel \u00e0 la fleur de sel, espresso, cr\u00e8me d'\u00e9rable, pralin\u00e9 croquant, caramel \u00e0 la framboise, caramel au beurre croquant, sabl\u00e9 au citron, pralin\u00e9 aux noisettes et cr\u00e8me au miel.","og_url":"https:\/\/suite88.com\/fr\/produit\/mosaiques-9-piece\/","og_site_name":"suite88.com","article_publisher":"https:\/\/www.facebook.com\/suite88","article_modified_time":"2026-01-09T21:32:36+00:00","og_image":[{"width":1500,"height":1500,"url":"https:\/\/suite88.com\/wp-content\/uploads\/2020\/02\/9-pc-mosaics2.jpg","type":"image\/jpeg"}],"twitter_card":"summary_large_image","twitter_misc":{"Prix":"&#36;24,15","Disponibilit\u00e9":"En stock"},"schema":{"@context":"https:\/\/schema.org","@graph":[{"@type":"WebPage","@id":"https:\/\/suite88.com\/fr\/produit\/mosaiques-9-piece\/","url":"https:\/\/suite88.com\/fr\/produit\/mosaiques-9-piece\/","name":"Mosa\u00efques - 9 morceaux &#8226; suite88.com","isPartOf":{"@id":"https:\/\/suite88.com\/fr\/#website"},"primaryImageOfPage":{"@id":"https:\/\/suite88.com\/fr\/produit\/mosaiques-9-piece\/#primaryimage"},"image":{"@id":"https:\/\/suite88.com\/fr\/produit\/mosaiques-9-piece\/#primaryimage"},"thumbnailUrl":"https:\/\/suite88.com\/wp-content\/uploads\/2020\/02\/9-pc-mosaics2.jpg","datePublished":"2020-02-08T04:04:42+00:00","dateModified":"2026-01-09T21:32:36+00:00","breadcrumb":{"@id":"https:\/\/suite88.com\/fr\/produit\/mosaiques-9-piece\/#breadcrumb"},"inLanguage":"fr-FR","potentialAction":[{"@type":"ReadAction","target":["https:\/\/suite88.com\/fr\/produit\/mosaiques-9-piece\/"]}]},{"@type":"ImageObject","inLanguage":"fr-FR","@id":"https:\/\/suite88.com\/fr\/produit\/mosaiques-9-piece\/#primaryimage","url":"https:\/\/suite88.com\/wp-content\/uploads\/2020\/02\/9-pc-mosaics2.jpg","contentUrl":"https:\/\/suite88.com\/wp-content\/uploads\/2020\/02\/9-pc-mosaics2.jpg","width":1500,"height":1500,"caption":"mosaIques 9 morceaux"},{"@type":"BreadcrumbList","@id":"https:\/\/suite88.com\/fr\/produit\/mosaiques-9-piece\/#breadcrumb","itemListElement":[{"@type":"ListItem","position":1,"name":"Home","item":"https:\/\/suite88.com\/fr\/"},{"@type":"ListItem","position":2,"name":"Boutique","item":"https:\/\/suite88.com\/fr\/boutique\/"},{"@type":"ListItem","position":3,"name":"boites de chocolats","item":"https:\/\/suite88.com\/fr\/categorie-produit\/boites-de-chocolats\/"},{"@type":"ListItem","position":4,"name":"Mosa\u00efques &#8211; 9 morceaux"}]},{"@type":"WebSite","@id":"https:\/\/suite88.com\/fr\/#website","url":"https:\/\/suite88.com\/fr\/","name":"Suite 88 Chocolatier","description":"Fine Belgian chocolate","publisher":{"@id":"https:\/\/suite88.com\/fr\/#organization"},"potentialAction":[{"@type":"SearchAction","target":{"@type":"EntryPoint","urlTemplate":"https:\/\/suite88.com\/fr\/?s={search_term_string}"},"query-input":{"@type":"PropertyValueSpecification","valueRequired":true,"valueName":"search_term_string"}}],"inLanguage":"fr-FR"},{"@type":"Organization","@id":"https:\/\/suite88.com\/fr\/#organization","name":"Suite 88 Chocolatier","alternateName":"Suite 88","url":"https:\/\/suite88.com\/fr\/","logo":{"@type":"ImageObject","inLanguage":"fr-FR","@id":"https:\/\/suite88.com\/fr\/#\/schema\/logo\/image\/","url":"https:\/\/suite88.com\/wp-content\/uploads\/2021\/04\/Suite-88-logo.png","contentUrl":"https:\/\/suite88.com\/wp-content\/uploads\/2021\/04\/Suite-88-logo.png","width":1536,"height":1496,"caption":"Suite 88 Chocolatier"},"image":{"@id":"https:\/\/suite88.com\/fr\/#\/schema\/logo\/image\/"},"sameAs":["https:\/\/www.facebook.com\/suite88","https:\/\/www.instagram.com\/suite88\/","https:\/\/www.pinterest.ca\/suite88\/"]}]},"product_price_amount":"24.15","product_price_currency":"CAD","og_availability":"instock","product_availability":"instock","product_retailer_item_id":"S88-M9","product_condition":"new"},"_links":{"self":[{"href":"https:\/\/suite88.com\/fr\/wp-json\/wp\/v2\/product\/2242","targetHints":{"allow":["GET"]}}],"collection":[{"href":"https:\/\/suite88.com\/fr\/wp-json\/wp\/v2\/product"}],"about":[{"href":"https:\/\/suite88.com\/fr\/wp-json\/wp\/v2\/types\/product"}],"replies":[{"embeddable":true,"href":"https:\/\/suite88.com\/fr\/wp-json\/wp\/v2\/comments?post=2242"}],"wp:featuredmedia":[{"embeddable":true,"href":"https:\/\/suite88.com\/fr\/wp-json\/wp\/v2\/media\/2311"}],"wp:attachment":[{"href":"https:\/\/suite88.com\/fr\/wp-json\/wp\/v2\/media?parent=2242"}],"wp:term":[{"taxonomy":"product_brand","embeddable":true,"href":"https:\/\/suite88.com\/fr\/wp-json\/wp\/v2\/product_brand?post=2242"},{"taxonomy":"product_cat","embeddable":true,"href":"https:\/\/suite88.com\/fr\/wp-json\/wp\/v2\/product_cat?post=2242"},{"taxonomy":"product_tag","embeddable":true,"href":"https:\/\/suite88.com\/fr\/wp-json\/wp\/v2\/product_tag?post=2242"}],"curies":[{"name":"wp","href":"https:\/\/api.w.org\/{rel}","templated":true}]}}