{"id":3014,"date":"2020-11-28T18:47:32","date_gmt":"2020-11-28T19:06:42","guid":{"rendered":"http:\/\/acvdevelopment.com\/product\/petit-coffret-cadeau-2\/"},"modified":"2022-11-12T18:55:53","modified_gmt":"2022-11-12T23:55:53","slug":"coffret-cadeau-petit","status":"publish","type":"product","link":"https:\/\/suite88.com\/fr\/produit\/coffret-cadeau-petit\/","title":{"rendered":"Coffret cadeau &#8211; petit"},"content":{"rendered":"","protected":false},"excerpt":{"rendered":"<p>Toutes les occasions m\u00e9ritent le cadeau du chocolat !<\/p>\n<p>Ce d\u00e9licieux coffret cadeau contient :<\/p>\n<ul>\n<li>une bo\u00eete de magnifiques chocolats Mosa\u00efques (18 morceaux)<\/li>\n<li>2 sacs de g\u00e2teries (s\u00e9lectionn\u00e9es parmi nos bretzels enrob\u00e9s de chocolat, \u00e9corces d&#8217;amandes ou de moka croustillant, Oreos enrob\u00e9s de chocolat, truffes artisanales, rochers aux bretzels et au caramel et tortues)<\/li>\n<li>2 tablettes de chocolat assorties.<\/li>\n<\/ul>\n<p>*Les articles peuvent \u00eatre remplac\u00e9s par des articles de valeur \u00e9gale ou sup\u00e9rieure.<\/p>\n","protected":false},"featured_media":3656,"comment_status":"open","ping_status":"closed","template":"","meta":[],"product_brand":[],"product_cat":[190,79],"product_tag":[],"class_list":{"0":"post-3014","1":"product","2":"type-product","3":"status-publish","4":"has-post-thumbnail","6":"product_cat-boites-cadeaux","7":"product_cat-chocolats","9":"first","10":"instock","11":"taxable","12":"shipping-taxable","13":"purchasable","14":"product-type-simple"},"yoast_head":"<!-- This site is optimized with the Yoast SEO Premium plugin v27.3 (Yoast SEO v27.3) - https:\/\/yoast.com\/product\/yoast-seo-premium-wordpress\/ -->\n<title>Coffret cadeau - petit &#8226; suite88.com<\/title>\n<meta name=\"description\" content=\"Toutes les occasions m\u00e9ritent le cadeau du chocolat ! Ce d\u00e9licieux coffret de chocolats plaira \u00e0 tous les amateurs de chocolat.\" \/>\n<meta name=\"robots\" content=\"index, follow, max-snippet:-1, max-image-preview:large, max-video-preview:-1\" \/>\n<link rel=\"canonical\" href=\"https:\/\/suite88.com\/fr\/produit\/coffret-cadeau-petit\/\" \/>\n<meta property=\"og:locale\" content=\"fr_FR\" \/>\n<meta property=\"og:type\" content=\"article\" \/>\n<meta property=\"og:title\" content=\"Coffret cadeau - petit\" \/>\n<meta property=\"og:description\" content=\"Toutes les occasions m\u00e9ritent le cadeau du chocolat ! Ce d\u00e9licieux coffret de chocolats plaira \u00e0 tous les amateurs de chocolat.\" \/>\n<meta property=\"og:url\" content=\"https:\/\/suite88.com\/fr\/produit\/coffret-cadeau-petit\/\" \/>\n<meta property=\"og:site_name\" content=\"suite88.com\" \/>\n<meta property=\"article:publisher\" content=\"https:\/\/www.facebook.com\/suite88\" \/>\n<meta property=\"article:modified_time\" content=\"2022-11-12T23:55:53+00:00\" \/>\n<meta property=\"og:image\" content=\"https:\/\/i0.wp.com\/suite88.com\/wp-content\/uploads\/2020\/11\/gift-box-small.png?fit=1500%2C1500&ssl=1\" \/>\n\t<meta property=\"og:image:width\" content=\"1500\" \/>\n\t<meta property=\"og:image:height\" content=\"1500\" \/>\n\t<meta property=\"og:image:type\" content=\"image\/png\" \/>\n<meta name=\"twitter:card\" content=\"summary_large_image\" \/>\n<meta name=\"twitter:label1\" content=\"Prix\" \/>\n\t<meta name=\"twitter:data1\" content=\"&#036;80,25\" \/>\n\t<meta name=\"twitter:label2\" content=\"Disponibilit\u00e9\" \/>\n\t<meta name=\"twitter:data2\" content=\"En stock\" \/>\n<script type=\"application\/ld+json\" class=\"yoast-schema-graph\">{\"@context\":\"https:\\\/\\\/schema.org\",\"@graph\":[{\"@type\":\"WebPage\",\"@id\":\"https:\\\/\\\/suite88.com\\\/fr\\\/produit\\\/coffret-cadeau-petit\\\/\",\"url\":\"https:\\\/\\\/suite88.com\\\/fr\\\/produit\\\/coffret-cadeau-petit\\\/\",\"name\":\"Coffret cadeau - petit &#8226; suite88.com\",\"isPartOf\":{\"@id\":\"https:\\\/\\\/suite88.com\\\/fr\\\/#website\"},\"primaryImageOfPage\":{\"@id\":\"https:\\\/\\\/suite88.com\\\/fr\\\/produit\\\/coffret-cadeau-petit\\\/#primaryimage\"},\"image\":{\"@id\":\"https:\\\/\\\/suite88.com\\\/fr\\\/produit\\\/coffret-cadeau-petit\\\/#primaryimage\"},\"thumbnailUrl\":\"https:\\\/\\\/suite88.com\\\/wp-content\\\/uploads\\\/2020\\\/11\\\/gift-box-small.png\",\"datePublished\":\"2020-11-28T19:06:42+00:00\",\"dateModified\":\"2022-11-12T23:55:53+00:00\",\"description\":\"Toutes les occasions m\u00e9ritent le cadeau du chocolat ! Ce d\u00e9licieux coffret de chocolats plaira \u00e0 tous les amateurs de chocolat.\",\"breadcrumb\":{\"@id\":\"https:\\\/\\\/suite88.com\\\/fr\\\/produit\\\/coffret-cadeau-petit\\\/#breadcrumb\"},\"inLanguage\":\"fr-FR\",\"potentialAction\":[{\"@type\":\"ReadAction\",\"target\":[\"https:\\\/\\\/suite88.com\\\/fr\\\/produit\\\/coffret-cadeau-petit\\\/\"]}]},{\"@type\":\"ImageObject\",\"inLanguage\":\"fr-FR\",\"@id\":\"https:\\\/\\\/suite88.com\\\/fr\\\/produit\\\/coffret-cadeau-petit\\\/#primaryimage\",\"url\":\"https:\\\/\\\/suite88.com\\\/wp-content\\\/uploads\\\/2020\\\/11\\\/gift-box-small.png\",\"contentUrl\":\"https:\\\/\\\/suite88.com\\\/wp-content\\\/uploads\\\/2020\\\/11\\\/gift-box-small.png\",\"width\":1500,\"height\":1500,\"caption\":\"coffret cadeau petit\"},{\"@type\":\"BreadcrumbList\",\"@id\":\"https:\\\/\\\/suite88.com\\\/fr\\\/produit\\\/coffret-cadeau-petit\\\/#breadcrumb\",\"itemListElement\":[{\"@type\":\"ListItem\",\"position\":1,\"name\":\"Home\",\"item\":\"https:\\\/\\\/suite88.com\\\/fr\\\/\"},{\"@type\":\"ListItem\",\"position\":2,\"name\":\"Boutique\",\"item\":\"https:\\\/\\\/suite88.com\\\/fr\\\/boutique\\\/\"},{\"@type\":\"ListItem\",\"position\":3,\"name\":\"chocolats\",\"item\":\"https:\\\/\\\/suite88.com\\\/fr\\\/categorie-produit\\\/chocolats\\\/\"},{\"@type\":\"ListItem\",\"position\":4,\"name\":\"Coffret cadeau &#8211; petit\"}]},{\"@type\":\"WebSite\",\"@id\":\"https:\\\/\\\/suite88.com\\\/fr\\\/#website\",\"url\":\"https:\\\/\\\/suite88.com\\\/fr\\\/\",\"name\":\"Suite 88 Chocolatier\",\"description\":\"Fine Belgian chocolate\",\"publisher\":{\"@id\":\"https:\\\/\\\/suite88.com\\\/fr\\\/#organization\"},\"potentialAction\":[{\"@type\":\"SearchAction\",\"target\":{\"@type\":\"EntryPoint\",\"urlTemplate\":\"https:\\\/\\\/suite88.com\\\/fr\\\/?s={search_term_string}\"},\"query-input\":{\"@type\":\"PropertyValueSpecification\",\"valueRequired\":true,\"valueName\":\"search_term_string\"}}],\"inLanguage\":\"fr-FR\"},{\"@type\":\"Organization\",\"@id\":\"https:\\\/\\\/suite88.com\\\/fr\\\/#organization\",\"name\":\"Suite 88 Chocolatier\",\"alternateName\":\"Suite 88\",\"url\":\"https:\\\/\\\/suite88.com\\\/fr\\\/\",\"logo\":{\"@type\":\"ImageObject\",\"inLanguage\":\"fr-FR\",\"@id\":\"https:\\\/\\\/suite88.com\\\/fr\\\/#\\\/schema\\\/logo\\\/image\\\/\",\"url\":\"https:\\\/\\\/suite88.com\\\/wp-content\\\/uploads\\\/2021\\\/04\\\/Suite-88-logo.png\",\"contentUrl\":\"https:\\\/\\\/suite88.com\\\/wp-content\\\/uploads\\\/2021\\\/04\\\/Suite-88-logo.png\",\"width\":1536,\"height\":1496,\"caption\":\"Suite 88 Chocolatier\"},\"image\":{\"@id\":\"https:\\\/\\\/suite88.com\\\/fr\\\/#\\\/schema\\\/logo\\\/image\\\/\"},\"sameAs\":[\"https:\\\/\\\/www.facebook.com\\\/suite88\",\"https:\\\/\\\/www.instagram.com\\\/suite88\\\/\",\"https:\\\/\\\/www.pinterest.ca\\\/suite88\\\/\"]}]}<\/script>\n<meta property=\"product:price:amount\" content=\"80.25\" \/>\n<meta property=\"product:price:currency\" content=\"CAD\" \/>\n<meta property=\"og:availability\" content=\"instock\" \/>\n<meta property=\"product:availability\" content=\"instock\" \/>\n<meta property=\"product:retailer_item_id\" content=\"S88-GBx-Sm\" \/>\n<meta property=\"product:condition\" content=\"new\" \/>\n<!-- \/ Yoast SEO Premium plugin. -->","yoast_head_json":{"title":"Coffret cadeau - petit &#8226; suite88.com","description":"Toutes les occasions m\u00e9ritent le cadeau du chocolat ! Ce d\u00e9licieux coffret de chocolats plaira \u00e0 tous les amateurs de chocolat.","robots":{"index":"index","follow":"follow","max-snippet":"max-snippet:-1","max-image-preview":"max-image-preview:large","max-video-preview":"max-video-preview:-1"},"canonical":"https:\/\/suite88.com\/fr\/produit\/coffret-cadeau-petit\/","og_locale":"fr_FR","og_type":"article","og_title":"Coffret cadeau - petit","og_description":"Toutes les occasions m\u00e9ritent le cadeau du chocolat ! Ce d\u00e9licieux coffret de chocolats plaira \u00e0 tous les amateurs de chocolat.","og_url":"https:\/\/suite88.com\/fr\/produit\/coffret-cadeau-petit\/","og_site_name":"suite88.com","article_publisher":"https:\/\/www.facebook.com\/suite88","article_modified_time":"2022-11-12T23:55:53+00:00","og_image":[{"width":1500,"height":1500,"url":"https:\/\/i0.wp.com\/suite88.com\/wp-content\/uploads\/2020\/11\/gift-box-small.png?fit=1500%2C1500&ssl=1","type":"image\/png"}],"twitter_card":"summary_large_image","twitter_misc":{"Prix":"&#36;80,25","Disponibilit\u00e9":"En stock"},"schema":{"@context":"https:\/\/schema.org","@graph":[{"@type":"WebPage","@id":"https:\/\/suite88.com\/fr\/produit\/coffret-cadeau-petit\/","url":"https:\/\/suite88.com\/fr\/produit\/coffret-cadeau-petit\/","name":"Coffret cadeau - petit &#8226; suite88.com","isPartOf":{"@id":"https:\/\/suite88.com\/fr\/#website"},"primaryImageOfPage":{"@id":"https:\/\/suite88.com\/fr\/produit\/coffret-cadeau-petit\/#primaryimage"},"image":{"@id":"https:\/\/suite88.com\/fr\/produit\/coffret-cadeau-petit\/#primaryimage"},"thumbnailUrl":"https:\/\/suite88.com\/wp-content\/uploads\/2020\/11\/gift-box-small.png","datePublished":"2020-11-28T19:06:42+00:00","dateModified":"2022-11-12T23:55:53+00:00","description":"Toutes les occasions m\u00e9ritent le cadeau du chocolat ! Ce d\u00e9licieux coffret de chocolats plaira \u00e0 tous les amateurs de chocolat.","breadcrumb":{"@id":"https:\/\/suite88.com\/fr\/produit\/coffret-cadeau-petit\/#breadcrumb"},"inLanguage":"fr-FR","potentialAction":[{"@type":"ReadAction","target":["https:\/\/suite88.com\/fr\/produit\/coffret-cadeau-petit\/"]}]},{"@type":"ImageObject","inLanguage":"fr-FR","@id":"https:\/\/suite88.com\/fr\/produit\/coffret-cadeau-petit\/#primaryimage","url":"https:\/\/suite88.com\/wp-content\/uploads\/2020\/11\/gift-box-small.png","contentUrl":"https:\/\/suite88.com\/wp-content\/uploads\/2020\/11\/gift-box-small.png","width":1500,"height":1500,"caption":"coffret cadeau petit"},{"@type":"BreadcrumbList","@id":"https:\/\/suite88.com\/fr\/produit\/coffret-cadeau-petit\/#breadcrumb","itemListElement":[{"@type":"ListItem","position":1,"name":"Home","item":"https:\/\/suite88.com\/fr\/"},{"@type":"ListItem","position":2,"name":"Boutique","item":"https:\/\/suite88.com\/fr\/boutique\/"},{"@type":"ListItem","position":3,"name":"chocolats","item":"https:\/\/suite88.com\/fr\/categorie-produit\/chocolats\/"},{"@type":"ListItem","position":4,"name":"Coffret cadeau &#8211; petit"}]},{"@type":"WebSite","@id":"https:\/\/suite88.com\/fr\/#website","url":"https:\/\/suite88.com\/fr\/","name":"Suite 88 Chocolatier","description":"Fine Belgian chocolate","publisher":{"@id":"https:\/\/suite88.com\/fr\/#organization"},"potentialAction":[{"@type":"SearchAction","target":{"@type":"EntryPoint","urlTemplate":"https:\/\/suite88.com\/fr\/?s={search_term_string}"},"query-input":{"@type":"PropertyValueSpecification","valueRequired":true,"valueName":"search_term_string"}}],"inLanguage":"fr-FR"},{"@type":"Organization","@id":"https:\/\/suite88.com\/fr\/#organization","name":"Suite 88 Chocolatier","alternateName":"Suite 88","url":"https:\/\/suite88.com\/fr\/","logo":{"@type":"ImageObject","inLanguage":"fr-FR","@id":"https:\/\/suite88.com\/fr\/#\/schema\/logo\/image\/","url":"https:\/\/suite88.com\/wp-content\/uploads\/2021\/04\/Suite-88-logo.png","contentUrl":"https:\/\/suite88.com\/wp-content\/uploads\/2021\/04\/Suite-88-logo.png","width":1536,"height":1496,"caption":"Suite 88 Chocolatier"},"image":{"@id":"https:\/\/suite88.com\/fr\/#\/schema\/logo\/image\/"},"sameAs":["https:\/\/www.facebook.com\/suite88","https:\/\/www.instagram.com\/suite88\/","https:\/\/www.pinterest.ca\/suite88\/"]}]},"product_price_amount":"80.25","product_price_currency":"CAD","og_availability":"instock","product_availability":"instock","product_retailer_item_id":"S88-GBx-Sm","product_condition":"new"},"_links":{"self":[{"href":"https:\/\/suite88.com\/fr\/wp-json\/wp\/v2\/product\/3014","targetHints":{"allow":["GET"]}}],"collection":[{"href":"https:\/\/suite88.com\/fr\/wp-json\/wp\/v2\/product"}],"about":[{"href":"https:\/\/suite88.com\/fr\/wp-json\/wp\/v2\/types\/product"}],"replies":[{"embeddable":true,"href":"https:\/\/suite88.com\/fr\/wp-json\/wp\/v2\/comments?post=3014"}],"wp:featuredmedia":[{"embeddable":true,"href":"https:\/\/suite88.com\/fr\/wp-json\/wp\/v2\/media\/3656"}],"wp:attachment":[{"href":"https:\/\/suite88.com\/fr\/wp-json\/wp\/v2\/media?parent=3014"}],"wp:term":[{"taxonomy":"product_brand","embeddable":true,"href":"https:\/\/suite88.com\/fr\/wp-json\/wp\/v2\/product_brand?post=3014"},{"taxonomy":"product_cat","embeddable":true,"href":"https:\/\/suite88.com\/fr\/wp-json\/wp\/v2\/product_cat?post=3014"},{"taxonomy":"product_tag","embeddable":true,"href":"https:\/\/suite88.com\/fr\/wp-json\/wp\/v2\/product_tag?post=3014"}],"curies":[{"name":"wp","href":"https:\/\/api.w.org\/{rel}","templated":true}]}}