{"id":3527,"date":"2021-01-19T00:31:30","date_gmt":"2021-01-19T05:31:30","guid":{"rendered":"https:\/\/78a977976c.nxcli.net\/product\/chocolats-et-truffes-coeur-saint-valentin-4-morceaux\/"},"modified":"2026-02-17T17:44:08","modified_gmt":"2026-02-17T22:44:08","slug":"chocolats-et-truffes-coeur-saint-valentin-4-morceaux","status":"publish","type":"product","link":"https:\/\/suite88.com\/fr\/produit\/chocolats-et-truffes-coeur-saint-valentin-4-morceaux\/","title":{"rendered":"Chocolats et truffes en forme de c\u0153ur pour la Saint-Valentin &#8211; 4 morceaux"},"content":{"rendered":"<p>Cette collection amusante contient 1 de chacun des \u00e9l\u00e9ments suivants ;<\/p>\n<div class=\"row\"  id=\"row-1165231598\">\n\n\t<div id=\"col-1044042064\" class=\"col medium-3 small-12 large-3\"  >\n\t\t\t\t<div class=\"col-inner\"  >\n\t\t\t\n\t\t\t\n\t<div class=\"box has-hover   has-hover box-bounce box-text-bottom\" >\n\n\t\t<div class=\"box-image\" style=\"width:70%;\">\n\t\t\t\t\t\t<div class=\"image-cover\" style=\"padding-top:190px;\">\n\t\t\t\t<img loading=\"lazy\" decoding=\"async\" width=\"1000\" height=\"1000\" src=\"https:\/\/suite88.com\/wp-content\/uploads\/2021\/01\/copper-silver-heart-2.png\" class=\"attachment- size-\" alt=\"cuivre et c\u0153ur pourpre\" srcset=\"https:\/\/suite88.com\/wp-content\/uploads\/2021\/01\/copper-silver-heart-2.png 1000w, https:\/\/suite88.com\/wp-content\/uploads\/2021\/01\/copper-silver-heart-2-500x500.png 500w, https:\/\/suite88.com\/wp-content\/uploads\/2021\/01\/copper-silver-heart-2-100x100.png 100w, https:\/\/suite88.com\/wp-content\/uploads\/2021\/01\/copper-silver-heart-2-400x400.png 400w, https:\/\/suite88.com\/wp-content\/uploads\/2021\/01\/copper-silver-heart-2-800x800.png 800w, https:\/\/suite88.com\/wp-content\/uploads\/2021\/01\/copper-silver-heart-2-300x300.png 300w, https:\/\/suite88.com\/wp-content\/uploads\/2021\/01\/copper-silver-heart-2-768x768.png 768w, https:\/\/suite88.com\/wp-content\/uploads\/2021\/01\/copper-silver-heart-2-60x60.png 60w, https:\/\/suite88.com\/wp-content\/uploads\/2021\/01\/copper-silver-heart-2-90x90.png 90w\" sizes=\"auto, (max-width: 1000px) 100vw, 1000px\" \/>\t\t\t\t\t\t\t\t\t\t\t<\/div>\n\t\t\t\t\t<\/div>\n\n\t\t<div class=\"box-text text-center\" >\n\t\t\t<div class=\"box-text-inner\">\n\t\t\t\t\n<h4>Cr\u00e8me d&#8217;\u00e9rable c\u0153ur chocolat<\/h4>\n<p>Cr\u00e8me d&#8217;\u00e9rable recouverte de chocolat noir et peinte \u00e0 la main en cuivre et violet.<\/p>\n\t\t\t<\/div>\n\t\t<\/div>\n\t<\/div>\n\t\n\t\t<\/div>\n\t\t\t\t\t<\/div>\n\n\t\n\n\t<div id=\"col-1266379993\" class=\"col medium-3 small-12 large-3\"  >\n\t\t\t\t<div class=\"col-inner\"  >\n\t\t\t\n\t\t\t\n\t<div class=\"box has-hover   has-hover box-bounce box-text-bottom\" >\n\n\t\t<div class=\"box-image\" style=\"width:70%;\">\n\t\t\t\t\t\t<div class=\"image-cover\" style=\"padding-top:190px;\">\n\t\t\t\t<img loading=\"lazy\" decoding=\"async\" width=\"1000\" height=\"1000\" src=\"https:\/\/suite88.com\/wp-content\/uploads\/2021\/01\/red-and-gold-heart.png\" class=\"attachment- size-\" alt=\"c\u0153ur rouge et or\" srcset=\"https:\/\/suite88.com\/wp-content\/uploads\/2021\/01\/red-and-gold-heart.png 1000w, https:\/\/suite88.com\/wp-content\/uploads\/2021\/01\/red-and-gold-heart-500x500.png 500w, https:\/\/suite88.com\/wp-content\/uploads\/2021\/01\/red-and-gold-heart-100x100.png 100w, https:\/\/suite88.com\/wp-content\/uploads\/2021\/01\/red-and-gold-heart-400x400.png 400w, https:\/\/suite88.com\/wp-content\/uploads\/2021\/01\/red-and-gold-heart-800x800.png 800w, https:\/\/suite88.com\/wp-content\/uploads\/2021\/01\/red-and-gold-heart-300x300.png 300w, https:\/\/suite88.com\/wp-content\/uploads\/2021\/01\/red-and-gold-heart-768x768.png 768w, https:\/\/suite88.com\/wp-content\/uploads\/2021\/01\/red-and-gold-heart-60x60.png 60w, https:\/\/suite88.com\/wp-content\/uploads\/2021\/01\/red-and-gold-heart-90x90.png 90w\" sizes=\"auto, (max-width: 1000px) 100vw, 1000px\" \/>\t\t\t\t\t\t\t\t\t\t\t<\/div>\n\t\t\t\t\t<\/div>\n\n\t\t<div class=\"box-text text-center\" >\n\t\t\t<div class=\"box-text-inner\">\n\t\t\t\t\n<h4>Chocolat c\u0153ur caramel framboise<\/h4>\n<p>Caramel cr\u00e9meux \u00e0 la framboise recouvert de chocolat noir et peint \u00e0 la main en rouge et or.<\/p>\n\t\t\t<\/div>\n\t\t<\/div>\n\t<\/div>\n\t\n\t\t<\/div>\n\t\t\t\t\t<\/div>\n\n\t\n\n\t<div id=\"col-570471155\" class=\"col medium-3 small-12 large-3\"  >\n\t\t\t\t<div class=\"col-inner\"  >\n\t\t\t\n\t\t\t\n\t<div class=\"box has-hover   has-hover box-bounce box-text-bottom\" >\n\n\t\t<div class=\"box-image\" style=\"width:70%;\">\n\t\t\t\t\t\t<div class=\"image-cover\" style=\"padding-top:190px;\">\n\t\t\t\t<img loading=\"lazy\" decoding=\"async\" width=\"1000\" height=\"1000\" src=\"https:\/\/suite88.com\/wp-content\/uploads\/2021\/01\/silver-pink-heart-1.png\" class=\"attachment- size-\" alt=\"c\u0153ur argent\u00e9 et rose\" srcset=\"https:\/\/suite88.com\/wp-content\/uploads\/2021\/01\/silver-pink-heart-1.png 1000w, https:\/\/suite88.com\/wp-content\/uploads\/2021\/01\/silver-pink-heart-1-500x500.png 500w, https:\/\/suite88.com\/wp-content\/uploads\/2021\/01\/silver-pink-heart-1-100x100.png 100w, https:\/\/suite88.com\/wp-content\/uploads\/2021\/01\/silver-pink-heart-1-400x400.png 400w, https:\/\/suite88.com\/wp-content\/uploads\/2021\/01\/silver-pink-heart-1-800x800.png 800w, https:\/\/suite88.com\/wp-content\/uploads\/2021\/01\/silver-pink-heart-1-300x300.png 300w, https:\/\/suite88.com\/wp-content\/uploads\/2021\/01\/silver-pink-heart-1-768x768.png 768w, https:\/\/suite88.com\/wp-content\/uploads\/2021\/01\/silver-pink-heart-1-60x60.png 60w, https:\/\/suite88.com\/wp-content\/uploads\/2021\/01\/silver-pink-heart-1-90x90.png 90w\" sizes=\"auto, (max-width: 1000px) 100vw, 1000px\" \/>\t\t\t\t\t\t\t\t\t\t\t<\/div>\n\t\t\t\t\t<\/div>\n\n\t\t<div class=\"box-text text-center\" >\n\t\t\t<div class=\"box-text-inner\">\n\t\t\t\t\n<h4>Coeur de chocolat au caramel et fleur de sel<\/h4>\n<p>Caramel \u00e0 la fleur de sel recouvert de chocolat au lait et peint \u00e0 la main en rose et argent.<\/p>\n\t\t\t<\/div>\n\t\t<\/div>\n\t<\/div>\n\t\n\t\t<\/div>\n\t\t\t\t\t<\/div>\n\n\t\n\n\t<div id=\"col-1450670988\" class=\"col medium-3 small-12 large-3\"  >\n\t\t\t\t<div class=\"col-inner\"  >\n\t\t\t\n\t\t\t\n\t<div class=\"box has-hover   has-hover box-bounce box-text-bottom\" >\n\n\t\t<div class=\"box-image\" style=\"width:85%;\">\n\t\t\t\t\t\t<div class=\"image-cover\" style=\"padding-top:190px;\">\n\t\t\t\t<img loading=\"lazy\" decoding=\"async\" width=\"500\" height=\"500\" src=\"https:\/\/suite88.com\/wp-content\/uploads\/2021\/01\/rose-truffle.png\" class=\"attachment- size-\" alt=\"truffe rose\" srcset=\"https:\/\/suite88.com\/wp-content\/uploads\/2021\/01\/rose-truffle.png 500w, https:\/\/suite88.com\/wp-content\/uploads\/2021\/01\/rose-truffle-100x100.png 100w, https:\/\/suite88.com\/wp-content\/uploads\/2021\/01\/rose-truffle-400x400.png 400w, https:\/\/suite88.com\/wp-content\/uploads\/2021\/01\/rose-truffle-300x300.png 300w, https:\/\/suite88.com\/wp-content\/uploads\/2021\/01\/rose-truffle-60x60.png 60w, https:\/\/suite88.com\/wp-content\/uploads\/2021\/01\/rose-truffle-90x90.png 90w\" sizes=\"auto, (max-width: 500px) 100vw, 500px\" \/>\t\t\t\t\t\t\t\t\t\t\t<\/div>\n\t\t\t\t\t<\/div>\n\n\t\t<div class=\"box-text text-center\" >\n\t\t\t<div class=\"box-text-inner\">\n\t\t\t\t\n<h4>Truffe \u00e0 la rose<\/h4>\n<p>Issue de notre collection de truffes aux fleurs, cette truffe au chocolat au lait et aux amandes, \u00e0 la cardamome et \u00e0 l&#8217;eau de rose, est enrob\u00e9e de chocolat blanc et parsem\u00e9e de p\u00e9tales de rose.<\/p>\n\t\t\t<\/div>\n\t\t<\/div>\n\t<\/div>\n\t\n\t\t<\/div>\n\t\t\t\t\t<\/div>\n\n\t\n<\/div>\n","protected":false},"excerpt":{"rendered":"<p>Cette amusante petite bo\u00eete \u00e0 c\u0153ur en velours pour la Saint-Valentin est remplie de 4 d\u00e9licieux chocolats. Une fa\u00e7on id\u00e9ale de montrer votre appr\u00e9ciation \u00e0 vos amis, voisins, enfants ou toute autre personne que vous admirez. Voir les descriptions des chocolats ci-dessous.<\/p>\n<p>&nbsp;<\/p>\n","protected":false},"featured_media":3485,"comment_status":"open","ping_status":"closed","template":"","meta":[],"product_brand":[],"product_cat":[160,199],"product_tag":[],"class_list":{"0":"post-3527","1":"product","2":"type-product","3":"status-publish","4":"has-post-thumbnail","6":"product_cat-boites-de-chocolats","7":"product_cat-st-valentin","9":"first","10":"instock","11":"taxable","12":"shipping-taxable","13":"purchasable","14":"product-type-simple"},"yoast_head":"<!-- This site is optimized with the Yoast SEO Premium plugin v27.3 (Yoast SEO v27.3) - https:\/\/yoast.com\/product\/yoast-seo-premium-wordpress\/ -->\n<title>Chocolats et truffes en forme de c\u0153ur pour la Saint-Valentin - 4 morceaux &#8226; suite88.com<\/title>\n<meta name=\"description\" content=\"Cette amusante petite bo\u00eete \u00e0 c\u0153ur en velours pour la Saint-Valentin est remplie de 4 d\u00e9licieux chocolats. Une fa\u00e7on id\u00e9ale de montrer votre appr\u00e9ciation \u00e0 vos amis, voisins, enfants ou toute autre personne que vous admirez.\" \/>\n<meta name=\"robots\" content=\"index, follow, max-snippet:-1, max-image-preview:large, max-video-preview:-1\" \/>\n<link rel=\"canonical\" href=\"https:\/\/suite88.com\/fr\/produit\/chocolats-et-truffes-coeur-saint-valentin-4-morceaux\/\" \/>\n<meta property=\"og:locale\" content=\"fr_FR\" \/>\n<meta property=\"og:type\" content=\"article\" \/>\n<meta property=\"og:title\" content=\"Chocolats et truffes en forme de c\u0153ur pour la Saint-Valentin - 4 morceaux\" \/>\n<meta property=\"og:description\" content=\"Cette amusante petite bo\u00eete \u00e0 c\u0153ur en velours pour la Saint-Valentin est remplie de 4 d\u00e9licieux chocolats. Une fa\u00e7on id\u00e9ale de montrer votre appr\u00e9ciation \u00e0 vos amis, voisins, enfants ou toute autre personne que vous admirez.\" \/>\n<meta property=\"og:url\" content=\"https:\/\/suite88.com\/fr\/produit\/chocolats-et-truffes-coeur-saint-valentin-4-morceaux\/\" \/>\n<meta property=\"og:site_name\" content=\"suite88.com\" \/>\n<meta property=\"article:publisher\" content=\"https:\/\/www.facebook.com\/suite88\" \/>\n<meta property=\"article:modified_time\" content=\"2026-02-17T22:44:08+00:00\" \/>\n<meta property=\"og:image\" content=\"https:\/\/suite88.com\/wp-content\/uploads\/2021\/01\/small-heart-Valentines.png\" \/>\n\t<meta property=\"og:image:width\" content=\"1500\" \/>\n\t<meta property=\"og:image:height\" content=\"1500\" \/>\n\t<meta property=\"og:image:type\" content=\"image\/png\" \/>\n<meta name=\"twitter:card\" content=\"summary_large_image\" \/>\n<meta name=\"twitter:label1\" content=\"Prix\" \/>\n\t<meta name=\"twitter:data1\" content=\"&#036;15,00\" \/>\n\t<meta name=\"twitter:label2\" content=\"Disponibilit\u00e9\" \/>\n\t<meta name=\"twitter:data2\" content=\"En stock\" \/>\n<script type=\"application\/ld+json\" class=\"yoast-schema-graph\">{\"@context\":\"https:\\\/\\\/schema.org\",\"@graph\":[{\"@type\":\"WebPage\",\"@id\":\"https:\\\/\\\/suite88.com\\\/fr\\\/produit\\\/chocolats-et-truffes-coeur-saint-valentin-4-morceaux\\\/\",\"url\":\"https:\\\/\\\/suite88.com\\\/fr\\\/produit\\\/chocolats-et-truffes-coeur-saint-valentin-4-morceaux\\\/\",\"name\":\"Chocolats et truffes en forme de c\u0153ur pour la Saint-Valentin - 4 morceaux &#8226; suite88.com\",\"isPartOf\":{\"@id\":\"https:\\\/\\\/suite88.com\\\/fr\\\/#website\"},\"primaryImageOfPage\":{\"@id\":\"https:\\\/\\\/suite88.com\\\/fr\\\/produit\\\/chocolats-et-truffes-coeur-saint-valentin-4-morceaux\\\/#primaryimage\"},\"image\":{\"@id\":\"https:\\\/\\\/suite88.com\\\/fr\\\/produit\\\/chocolats-et-truffes-coeur-saint-valentin-4-morceaux\\\/#primaryimage\"},\"thumbnailUrl\":\"https:\\\/\\\/suite88.com\\\/wp-content\\\/uploads\\\/2021\\\/01\\\/small-heart-Valentines.png\",\"datePublished\":\"2021-01-19T05:31:30+00:00\",\"dateModified\":\"2026-02-17T22:44:08+00:00\",\"description\":\"Cette amusante petite bo\u00eete \u00e0 c\u0153ur en velours pour la Saint-Valentin est remplie de 4 d\u00e9licieux chocolats. Une fa\u00e7on id\u00e9ale de montrer votre appr\u00e9ciation \u00e0 vos amis, voisins, enfants ou toute autre personne que vous admirez.\",\"breadcrumb\":{\"@id\":\"https:\\\/\\\/suite88.com\\\/fr\\\/produit\\\/chocolats-et-truffes-coeur-saint-valentin-4-morceaux\\\/#breadcrumb\"},\"inLanguage\":\"fr-FR\",\"potentialAction\":[{\"@type\":\"ReadAction\",\"target\":[\"https:\\\/\\\/suite88.com\\\/fr\\\/produit\\\/chocolats-et-truffes-coeur-saint-valentin-4-morceaux\\\/\"]}]},{\"@type\":\"ImageObject\",\"inLanguage\":\"fr-FR\",\"@id\":\"https:\\\/\\\/suite88.com\\\/fr\\\/produit\\\/chocolats-et-truffes-coeur-saint-valentin-4-morceaux\\\/#primaryimage\",\"url\":\"https:\\\/\\\/suite88.com\\\/wp-content\\\/uploads\\\/2021\\\/01\\\/small-heart-Valentines.png\",\"contentUrl\":\"https:\\\/\\\/suite88.com\\\/wp-content\\\/uploads\\\/2021\\\/01\\\/small-heart-Valentines.png\",\"width\":1500,\"height\":1500,\"caption\":\"Petit c\u0153ur pour la Saint-Valentin\"},{\"@type\":\"BreadcrumbList\",\"@id\":\"https:\\\/\\\/suite88.com\\\/fr\\\/produit\\\/chocolats-et-truffes-coeur-saint-valentin-4-morceaux\\\/#breadcrumb\",\"itemListElement\":[{\"@type\":\"ListItem\",\"position\":1,\"name\":\"Home\",\"item\":\"https:\\\/\\\/suite88.com\\\/fr\\\/\"},{\"@type\":\"ListItem\",\"position\":2,\"name\":\"Boutique\",\"item\":\"https:\\\/\\\/suite88.com\\\/fr\\\/boutique\\\/\"},{\"@type\":\"ListItem\",\"position\":3,\"name\":\"St-Valentin\",\"item\":\"https:\\\/\\\/suite88.com\\\/fr\\\/categorie-produit\\\/st-valentin\\\/\"},{\"@type\":\"ListItem\",\"position\":4,\"name\":\"Chocolats et truffes en forme de c\u0153ur pour la Saint-Valentin &#8211; 4 morceaux\"}]},{\"@type\":\"WebSite\",\"@id\":\"https:\\\/\\\/suite88.com\\\/fr\\\/#website\",\"url\":\"https:\\\/\\\/suite88.com\\\/fr\\\/\",\"name\":\"Suite 88 Chocolatier\",\"description\":\"Fine Belgian chocolate\",\"publisher\":{\"@id\":\"https:\\\/\\\/suite88.com\\\/fr\\\/#organization\"},\"potentialAction\":[{\"@type\":\"SearchAction\",\"target\":{\"@type\":\"EntryPoint\",\"urlTemplate\":\"https:\\\/\\\/suite88.com\\\/fr\\\/?s={search_term_string}\"},\"query-input\":{\"@type\":\"PropertyValueSpecification\",\"valueRequired\":true,\"valueName\":\"search_term_string\"}}],\"inLanguage\":\"fr-FR\"},{\"@type\":\"Organization\",\"@id\":\"https:\\\/\\\/suite88.com\\\/fr\\\/#organization\",\"name\":\"Suite 88 Chocolatier\",\"alternateName\":\"Suite 88\",\"url\":\"https:\\\/\\\/suite88.com\\\/fr\\\/\",\"logo\":{\"@type\":\"ImageObject\",\"inLanguage\":\"fr-FR\",\"@id\":\"https:\\\/\\\/suite88.com\\\/fr\\\/#\\\/schema\\\/logo\\\/image\\\/\",\"url\":\"https:\\\/\\\/suite88.com\\\/wp-content\\\/uploads\\\/2021\\\/04\\\/Suite-88-logo.png\",\"contentUrl\":\"https:\\\/\\\/suite88.com\\\/wp-content\\\/uploads\\\/2021\\\/04\\\/Suite-88-logo.png\",\"width\":1536,\"height\":1496,\"caption\":\"Suite 88 Chocolatier\"},\"image\":{\"@id\":\"https:\\\/\\\/suite88.com\\\/fr\\\/#\\\/schema\\\/logo\\\/image\\\/\"},\"sameAs\":[\"https:\\\/\\\/www.facebook.com\\\/suite88\",\"https:\\\/\\\/www.instagram.com\\\/suite88\\\/\",\"https:\\\/\\\/www.pinterest.ca\\\/suite88\\\/\"]}]}<\/script>\n<meta property=\"product:price:amount\" content=\"15.00\" \/>\n<meta property=\"product:price:currency\" content=\"CAD\" \/>\n<meta property=\"og:availability\" content=\"instock\" \/>\n<meta property=\"product:availability\" content=\"instock\" \/>\n<meta property=\"product:retailer_item_id\" content=\"S88-SmallHeart-4pc\" \/>\n<meta property=\"product:condition\" content=\"new\" \/>\n<!-- \/ Yoast SEO Premium plugin. -->","yoast_head_json":{"title":"Chocolats et truffes en forme de c\u0153ur pour la Saint-Valentin - 4 morceaux &#8226; suite88.com","description":"Cette amusante petite bo\u00eete \u00e0 c\u0153ur en velours pour la Saint-Valentin est remplie de 4 d\u00e9licieux chocolats. Une fa\u00e7on id\u00e9ale de montrer votre appr\u00e9ciation \u00e0 vos amis, voisins, enfants ou toute autre personne que vous admirez.","robots":{"index":"index","follow":"follow","max-snippet":"max-snippet:-1","max-image-preview":"max-image-preview:large","max-video-preview":"max-video-preview:-1"},"canonical":"https:\/\/suite88.com\/fr\/produit\/chocolats-et-truffes-coeur-saint-valentin-4-morceaux\/","og_locale":"fr_FR","og_type":"article","og_title":"Chocolats et truffes en forme de c\u0153ur pour la Saint-Valentin - 4 morceaux","og_description":"Cette amusante petite bo\u00eete \u00e0 c\u0153ur en velours pour la Saint-Valentin est remplie de 4 d\u00e9licieux chocolats. Une fa\u00e7on id\u00e9ale de montrer votre appr\u00e9ciation \u00e0 vos amis, voisins, enfants ou toute autre personne que vous admirez.","og_url":"https:\/\/suite88.com\/fr\/produit\/chocolats-et-truffes-coeur-saint-valentin-4-morceaux\/","og_site_name":"suite88.com","article_publisher":"https:\/\/www.facebook.com\/suite88","article_modified_time":"2026-02-17T22:44:08+00:00","og_image":[{"width":1500,"height":1500,"url":"https:\/\/suite88.com\/wp-content\/uploads\/2021\/01\/small-heart-Valentines.png","type":"image\/png"}],"twitter_card":"summary_large_image","twitter_misc":{"Prix":"&#36;15,00","Disponibilit\u00e9":"En stock"},"schema":{"@context":"https:\/\/schema.org","@graph":[{"@type":"WebPage","@id":"https:\/\/suite88.com\/fr\/produit\/chocolats-et-truffes-coeur-saint-valentin-4-morceaux\/","url":"https:\/\/suite88.com\/fr\/produit\/chocolats-et-truffes-coeur-saint-valentin-4-morceaux\/","name":"Chocolats et truffes en forme de c\u0153ur pour la Saint-Valentin - 4 morceaux &#8226; suite88.com","isPartOf":{"@id":"https:\/\/suite88.com\/fr\/#website"},"primaryImageOfPage":{"@id":"https:\/\/suite88.com\/fr\/produit\/chocolats-et-truffes-coeur-saint-valentin-4-morceaux\/#primaryimage"},"image":{"@id":"https:\/\/suite88.com\/fr\/produit\/chocolats-et-truffes-coeur-saint-valentin-4-morceaux\/#primaryimage"},"thumbnailUrl":"https:\/\/suite88.com\/wp-content\/uploads\/2021\/01\/small-heart-Valentines.png","datePublished":"2021-01-19T05:31:30+00:00","dateModified":"2026-02-17T22:44:08+00:00","description":"Cette amusante petite bo\u00eete \u00e0 c\u0153ur en velours pour la Saint-Valentin est remplie de 4 d\u00e9licieux chocolats. Une fa\u00e7on id\u00e9ale de montrer votre appr\u00e9ciation \u00e0 vos amis, voisins, enfants ou toute autre personne que vous admirez.","breadcrumb":{"@id":"https:\/\/suite88.com\/fr\/produit\/chocolats-et-truffes-coeur-saint-valentin-4-morceaux\/#breadcrumb"},"inLanguage":"fr-FR","potentialAction":[{"@type":"ReadAction","target":["https:\/\/suite88.com\/fr\/produit\/chocolats-et-truffes-coeur-saint-valentin-4-morceaux\/"]}]},{"@type":"ImageObject","inLanguage":"fr-FR","@id":"https:\/\/suite88.com\/fr\/produit\/chocolats-et-truffes-coeur-saint-valentin-4-morceaux\/#primaryimage","url":"https:\/\/suite88.com\/wp-content\/uploads\/2021\/01\/small-heart-Valentines.png","contentUrl":"https:\/\/suite88.com\/wp-content\/uploads\/2021\/01\/small-heart-Valentines.png","width":1500,"height":1500,"caption":"Petit c\u0153ur pour la Saint-Valentin"},{"@type":"BreadcrumbList","@id":"https:\/\/suite88.com\/fr\/produit\/chocolats-et-truffes-coeur-saint-valentin-4-morceaux\/#breadcrumb","itemListElement":[{"@type":"ListItem","position":1,"name":"Home","item":"https:\/\/suite88.com\/fr\/"},{"@type":"ListItem","position":2,"name":"Boutique","item":"https:\/\/suite88.com\/fr\/boutique\/"},{"@type":"ListItem","position":3,"name":"St-Valentin","item":"https:\/\/suite88.com\/fr\/categorie-produit\/st-valentin\/"},{"@type":"ListItem","position":4,"name":"Chocolats et truffes en forme de c\u0153ur pour la Saint-Valentin &#8211; 4 morceaux"}]},{"@type":"WebSite","@id":"https:\/\/suite88.com\/fr\/#website","url":"https:\/\/suite88.com\/fr\/","name":"Suite 88 Chocolatier","description":"Fine Belgian chocolate","publisher":{"@id":"https:\/\/suite88.com\/fr\/#organization"},"potentialAction":[{"@type":"SearchAction","target":{"@type":"EntryPoint","urlTemplate":"https:\/\/suite88.com\/fr\/?s={search_term_string}"},"query-input":{"@type":"PropertyValueSpecification","valueRequired":true,"valueName":"search_term_string"}}],"inLanguage":"fr-FR"},{"@type":"Organization","@id":"https:\/\/suite88.com\/fr\/#organization","name":"Suite 88 Chocolatier","alternateName":"Suite 88","url":"https:\/\/suite88.com\/fr\/","logo":{"@type":"ImageObject","inLanguage":"fr-FR","@id":"https:\/\/suite88.com\/fr\/#\/schema\/logo\/image\/","url":"https:\/\/suite88.com\/wp-content\/uploads\/2021\/04\/Suite-88-logo.png","contentUrl":"https:\/\/suite88.com\/wp-content\/uploads\/2021\/04\/Suite-88-logo.png","width":1536,"height":1496,"caption":"Suite 88 Chocolatier"},"image":{"@id":"https:\/\/suite88.com\/fr\/#\/schema\/logo\/image\/"},"sameAs":["https:\/\/www.facebook.com\/suite88","https:\/\/www.instagram.com\/suite88\/","https:\/\/www.pinterest.ca\/suite88\/"]}]},"product_price_amount":"15.00","product_price_currency":"CAD","og_availability":"instock","product_availability":"instock","product_retailer_item_id":"S88-SmallHeart-4pc","product_condition":"new"},"_links":{"self":[{"href":"https:\/\/suite88.com\/fr\/wp-json\/wp\/v2\/product\/3527","targetHints":{"allow":["GET"]}}],"collection":[{"href":"https:\/\/suite88.com\/fr\/wp-json\/wp\/v2\/product"}],"about":[{"href":"https:\/\/suite88.com\/fr\/wp-json\/wp\/v2\/types\/product"}],"replies":[{"embeddable":true,"href":"https:\/\/suite88.com\/fr\/wp-json\/wp\/v2\/comments?post=3527"}],"wp:featuredmedia":[{"embeddable":true,"href":"https:\/\/suite88.com\/fr\/wp-json\/wp\/v2\/media\/3485"}],"wp:attachment":[{"href":"https:\/\/suite88.com\/fr\/wp-json\/wp\/v2\/media?parent=3527"}],"wp:term":[{"taxonomy":"product_brand","embeddable":true,"href":"https:\/\/suite88.com\/fr\/wp-json\/wp\/v2\/product_brand?post=3527"},{"taxonomy":"product_cat","embeddable":true,"href":"https:\/\/suite88.com\/fr\/wp-json\/wp\/v2\/product_cat?post=3527"},{"taxonomy":"product_tag","embeddable":true,"href":"https:\/\/suite88.com\/fr\/wp-json\/wp\/v2\/product_tag?post=3527"}],"curies":[{"name":"wp","href":"https:\/\/api.w.org\/{rel}","templated":true}]}}