{"id":4049,"date":"2021-03-03T23:45:00","date_gmt":"2021-03-04T04:45:00","guid":{"rendered":"https:\/\/78a977976c.nxcli.net\/product\/lapins-et-truffes-au-fleurs\/"},"modified":"2026-03-01T12:10:20","modified_gmt":"2026-03-01T17:10:20","slug":"lapine-et-truffes","status":"publish","type":"product","link":"https:\/\/suite88.com\/fr\/produit\/lapine-et-truffes\/","title":{"rendered":"Lapins et truffes"},"content":{"rendered":"<div class=\"row\"  id=\"row-1469908016\">\n\n\t<div id=\"col-1101102301\" class=\"col medium-3 small-12 large-3\"  >\n\t\t\t\t<div class=\"col-inner\"  >\n\t\t\t\n\t\t\t\n\t<div class=\"box has-hover   has-hover box-text-bottom\" >\n\n\t\t<div class=\"box-image\" >\n\t\t\t\t\t\t<div class=\"\" >\n\t\t\t\t<img loading=\"lazy\" decoding=\"async\" width=\"1000\" height=\"1000\" src=\"https:\/\/suite88.com\/wp-content\/uploads\/2021\/03\/milk-bunny.jpg\" class=\"attachment- size-\" alt=\"lapin en praline aux noisettes\" srcset=\"https:\/\/suite88.com\/wp-content\/uploads\/2021\/03\/milk-bunny.jpg 1000w, https:\/\/suite88.com\/wp-content\/uploads\/2021\/03\/milk-bunny-500x500.jpg 500w, https:\/\/suite88.com\/wp-content\/uploads\/2021\/03\/milk-bunny-100x100.jpg 100w, https:\/\/suite88.com\/wp-content\/uploads\/2021\/03\/milk-bunny-400x400.jpg 400w, https:\/\/suite88.com\/wp-content\/uploads\/2021\/03\/milk-bunny-800x800.jpg 800w, https:\/\/suite88.com\/wp-content\/uploads\/2021\/03\/milk-bunny-300x300.jpg 300w, https:\/\/suite88.com\/wp-content\/uploads\/2021\/03\/milk-bunny-768x768.jpg 768w, https:\/\/suite88.com\/wp-content\/uploads\/2021\/03\/milk-bunny-60x60.jpg 60w, https:\/\/suite88.com\/wp-content\/uploads\/2021\/03\/milk-bunny-90x90.jpg 90w\" sizes=\"auto, (max-width: 1000px) 100vw, 1000px\" \/>\t\t\t\t\t\t\t\t\t\t\t<\/div>\n\t\t\t\t\t<\/div>\n\n\t\t<div class=\"box-text text-center\" >\n\t\t\t<div class=\"box-text-inner\">\n\t\t\t\t\n<h4>Praline aux noisettes<\/h4>\n<p class=\"p1\">Lapin peint \u00e0 la main, rempli de noisettes grill\u00e9es caram\u00e9lis\u00e9es m\u00e9lang\u00e9es \u00e0 du chocolat noir et enrob\u00e9es de chocolat au lait.<\/p>\n\t\t\t<\/div>\n\t\t<\/div>\n\t<\/div>\n\t\n\t\t<\/div>\n\t\t\t\t\t<\/div>\n\n\t\n\n\t<div id=\"col-840272695\" class=\"col medium-3 small-12 large-3\"  >\n\t\t\t\t<div class=\"col-inner\"  >\n\t\t\t\n\t\t\t\n\t<div class=\"box has-hover   has-hover box-text-bottom\" >\n\n\t\t<div class=\"box-image\" >\n\t\t\t\t\t\t<div class=\"\" >\n\t\t\t\t<img loading=\"lazy\" decoding=\"async\" width=\"1500\" height=\"1500\" src=\"https:\/\/suite88.com\/wp-content\/uploads\/2021\/03\/jasmine-truffle.jpg\" class=\"attachment- size-\" alt=\"truffe au jasmin\" srcset=\"https:\/\/suite88.com\/wp-content\/uploads\/2021\/03\/jasmine-truffle.jpg 1500w, https:\/\/suite88.com\/wp-content\/uploads\/2021\/03\/jasmine-truffle-500x500.jpg 500w, https:\/\/suite88.com\/wp-content\/uploads\/2021\/03\/jasmine-truffle-100x100.jpg 100w, https:\/\/suite88.com\/wp-content\/uploads\/2021\/03\/jasmine-truffle-400x400.jpg 400w, https:\/\/suite88.com\/wp-content\/uploads\/2021\/03\/jasmine-truffle-800x800.jpg 800w, https:\/\/suite88.com\/wp-content\/uploads\/2021\/03\/jasmine-truffle-300x300.jpg 300w, https:\/\/suite88.com\/wp-content\/uploads\/2021\/03\/jasmine-truffle-768x768.jpg 768w, https:\/\/suite88.com\/wp-content\/uploads\/2021\/03\/jasmine-truffle-60x60.jpg 60w, https:\/\/suite88.com\/wp-content\/uploads\/2021\/03\/jasmine-truffle-90x90.jpg 90w\" sizes=\"auto, (max-width: 1500px) 100vw, 1500px\" \/>\t\t\t\t\t\t\t\t\t\t\t<\/div>\n\t\t\t\t\t<\/div>\n\n\t\t<div class=\"box-text text-center\" >\n\t\t\t<div class=\"box-text-inner\">\n\t\t\t\t\n<h4>Truffe au jasmin<\/h4>\n<p class=\"p1\">Fleur de jasmin tremp\u00e9e dans de la cr\u00e8me, m\u00e9lang\u00e9e \u00e0 du miel et du chocolat noir, enrob\u00e9e de chocolat au lait et termin\u00e9e par une fleur de jasmin s\u00e9ch\u00e9e.<\/p>\n\t\t\t<\/div>\n\t\t<\/div>\n\t<\/div>\n\t\n\t\t<\/div>\n\t\t\t\t\t<\/div>\n\n\t\n\n\t<div id=\"col-2134553585\" class=\"col medium-3 small-12 large-3\"  >\n\t\t\t\t<div class=\"col-inner\"  >\n\t\t\t\n\t\t\t\n\t<div class=\"box has-hover   has-hover box-text-bottom\" >\n\n\t\t<div class=\"box-image\" >\n\t\t\t\t\t\t<div class=\"\" >\n\t\t\t\t<img loading=\"lazy\" decoding=\"async\" width=\"1500\" height=\"1500\" src=\"https:\/\/suite88.com\/wp-content\/uploads\/2021\/03\/violet-truffle.jpg\" class=\"attachment- size-\" alt=\"truffe violette\" srcset=\"https:\/\/suite88.com\/wp-content\/uploads\/2021\/03\/violet-truffle.jpg 1500w, https:\/\/suite88.com\/wp-content\/uploads\/2021\/03\/violet-truffle-500x500.jpg 500w, https:\/\/suite88.com\/wp-content\/uploads\/2021\/03\/violet-truffle-100x100.jpg 100w, https:\/\/suite88.com\/wp-content\/uploads\/2021\/03\/violet-truffle-400x400.jpg 400w, https:\/\/suite88.com\/wp-content\/uploads\/2021\/03\/violet-truffle-800x800.jpg 800w, https:\/\/suite88.com\/wp-content\/uploads\/2021\/03\/violet-truffle-300x300.jpg 300w, https:\/\/suite88.com\/wp-content\/uploads\/2021\/03\/violet-truffle-768x768.jpg 768w, https:\/\/suite88.com\/wp-content\/uploads\/2021\/03\/violet-truffle-60x60.jpg 60w, https:\/\/suite88.com\/wp-content\/uploads\/2021\/03\/violet-truffle-90x90.jpg 90w\" sizes=\"auto, (max-width: 1500px) 100vw, 1500px\" \/>\t\t\t\t\t\t\t\t\t\t\t<\/div>\n\t\t\t\t\t<\/div>\n\n\t\t<div class=\"box-text text-center\" >\n\t\t\t<div class=\"box-text-inner\">\n\t\t\t\t\n<h4>Truffe violette<\/h4>\n<p class=\"p1\">Truffe de chocolat extra noir infus\u00e9e \u00e0 la violette, enrob\u00e9e de chocolat noir 72% et garnie de violettes s\u00e9ch\u00e9es.<\/p>\n\t\t\t<\/div>\n\t\t<\/div>\n\t<\/div>\n\t\n\t\t<\/div>\n\t\t\t\t\t<\/div>\n\n\t\n\n\t<div id=\"col-1426274487\" class=\"col medium-3 small-12 large-3\"  >\n\t\t\t\t<div class=\"col-inner\"  >\n\t\t\t\n\t\t\t\n\t<div class=\"box has-hover   has-hover box-text-bottom\" >\n\n\t\t<div class=\"box-image\" >\n\t\t\t\t\t\t<div class=\"\" >\n\t\t\t\t<img loading=\"lazy\" decoding=\"async\" width=\"673\" height=\"673\" src=\"https:\/\/suite88.com\/wp-content\/uploads\/2021\/03\/white-bunny.jpg\" class=\"attachment- size-\" alt=\"caramel espresso dans du chocolat blanc\" srcset=\"https:\/\/suite88.com\/wp-content\/uploads\/2021\/03\/white-bunny.jpg 673w, https:\/\/suite88.com\/wp-content\/uploads\/2021\/03\/white-bunny-500x500.jpg 500w, https:\/\/suite88.com\/wp-content\/uploads\/2021\/03\/white-bunny-100x100.jpg 100w, https:\/\/suite88.com\/wp-content\/uploads\/2021\/03\/white-bunny-400x400.jpg 400w, https:\/\/suite88.com\/wp-content\/uploads\/2021\/03\/white-bunny-300x300.jpg 300w, https:\/\/suite88.com\/wp-content\/uploads\/2021\/03\/white-bunny-60x60.jpg 60w, https:\/\/suite88.com\/wp-content\/uploads\/2021\/03\/white-bunny-90x90.jpg 90w\" sizes=\"auto, (max-width: 673px) 100vw, 673px\" \/>\t\t\t\t\t\t\t\t\t\t\t<\/div>\n\t\t\t\t\t<\/div>\n\n\t\t<div class=\"box-text text-center\" >\n\t\t\t<div class=\"box-text-inner\">\n\t\t\t\t\n<h4>Espresso caramel<\/h4>\n<p class=\"p1\">Lapin peint \u00e0 la main avec un centre en chocolat au lait et caramel au caf\u00e9, enrob\u00e9 de chocolat blanc.<\/p>\n\t\t\t<\/div>\n\t\t<\/div>\n\t<\/div>\n\t\n\t\t<\/div>\n\t\t\t\t\t<\/div>\n\n\t\n<\/div>\n<div class=\"row\"  id=\"row-1839638918\">\n\n\t<div id=\"col-757925988\" class=\"col medium-3 small-12 large-3\"  >\n\t\t\t\t<div class=\"col-inner\"  >\n\t\t\t\n\t\t\t\n\t<div class=\"box has-hover   has-hover box-text-bottom\" >\n\n\t\t<div class=\"box-image\" >\n\t\t\t\t\t\t<div class=\"\" >\n\t\t\t\t<img loading=\"lazy\" decoding=\"async\" width=\"1500\" height=\"1500\" src=\"https:\/\/suite88.com\/wp-content\/uploads\/2021\/03\/orange-blossom-truffle.jpg\" class=\"attachment- size-\" alt=\"truffe \u00e0 la fleur d&#039;oranger et \u00e0 la pistache\" srcset=\"https:\/\/suite88.com\/wp-content\/uploads\/2021\/03\/orange-blossom-truffle.jpg 1500w, https:\/\/suite88.com\/wp-content\/uploads\/2021\/03\/orange-blossom-truffle-500x500.jpg 500w, https:\/\/suite88.com\/wp-content\/uploads\/2021\/03\/orange-blossom-truffle-100x100.jpg 100w, https:\/\/suite88.com\/wp-content\/uploads\/2021\/03\/orange-blossom-truffle-400x400.jpg 400w, https:\/\/suite88.com\/wp-content\/uploads\/2021\/03\/orange-blossom-truffle-800x800.jpg 800w, https:\/\/suite88.com\/wp-content\/uploads\/2021\/03\/orange-blossom-truffle-300x300.jpg 300w, https:\/\/suite88.com\/wp-content\/uploads\/2021\/03\/orange-blossom-truffle-768x768.jpg 768w, https:\/\/suite88.com\/wp-content\/uploads\/2021\/03\/orange-blossom-truffle-60x60.jpg 60w, https:\/\/suite88.com\/wp-content\/uploads\/2021\/03\/orange-blossom-truffle-90x90.jpg 90w\" sizes=\"auto, (max-width: 1500px) 100vw, 1500px\" \/>\t\t\t\t\t\t\t\t\t\t\t<\/div>\n\t\t\t\t\t<\/div>\n\n\t\t<div class=\"box-text text-center\" >\n\t\t\t<div class=\"box-text-inner\">\n\t\t\t\t\n<h4>Truffe \u00e0 la fleur d&#8217;oranger<\/h4>\n<p class=\"p1\">Pistache et chocolat blanc m\u00e9lang\u00e9s \u00e0 de la cannelle et de la fleur d&#8217;oranger, enrob\u00e9s de chocolat au lait et saupoudr\u00e9s de pistache.<\/p>\n\t\t\t<\/div>\n\t\t<\/div>\n\t<\/div>\n\t\n\t\t<\/div>\n\t\t\t\t\t<\/div>\n\n\t\n\n\t<div id=\"col-1478631250\" class=\"col medium-3 small-12 large-3\"  >\n\t\t\t\t<div class=\"col-inner\"  >\n\t\t\t\n\t\t\t\n\t<div class=\"box has-hover   has-hover box-text-bottom\" >\n\n\t\t<div class=\"box-image\" >\n\t\t\t\t\t\t<div class=\"image-cover\" style=\"padding-top:100%;\">\n\t\t\t\t<img loading=\"lazy\" decoding=\"async\" width=\"1500\" height=\"1500\" src=\"https:\/\/suite88.com\/wp-content\/uploads\/2021\/03\/rose-truffle.jpg\" class=\"attachment- size-\" alt=\"truffe rose\" srcset=\"https:\/\/suite88.com\/wp-content\/uploads\/2021\/03\/rose-truffle.jpg 1500w, https:\/\/suite88.com\/wp-content\/uploads\/2021\/03\/rose-truffle-500x500.jpg 500w, https:\/\/suite88.com\/wp-content\/uploads\/2021\/03\/rose-truffle-100x100.jpg 100w, https:\/\/suite88.com\/wp-content\/uploads\/2021\/03\/rose-truffle-400x400.jpg 400w, https:\/\/suite88.com\/wp-content\/uploads\/2021\/03\/rose-truffle-800x800.jpg 800w, https:\/\/suite88.com\/wp-content\/uploads\/2021\/03\/rose-truffle-300x300.jpg 300w, https:\/\/suite88.com\/wp-content\/uploads\/2021\/03\/rose-truffle-768x768.jpg 768w, https:\/\/suite88.com\/wp-content\/uploads\/2021\/03\/rose-truffle-60x60.jpg 60w, https:\/\/suite88.com\/wp-content\/uploads\/2021\/03\/rose-truffle-90x90.jpg 90w\" sizes=\"auto, (max-width: 1500px) 100vw, 1500px\" \/>\t\t\t\t\t\t\t\t\t\t\t<\/div>\n\t\t\t\t\t<\/div>\n\n\t\t<div class=\"box-text text-center\" >\n\t\t\t<div class=\"box-text-inner\">\n\t\t\t\t\n<h4>Truffe \u00e0 la rose<\/h4>\n<p class=\"p1\">Truffe aux amandes et au chocolat au lait avec cardamome et eau de rose, enrob\u00e9e de chocolat blanc parsem\u00e9 de p\u00e9tales de rose.<\/p>\n\t\t\t<\/div>\n\t\t<\/div>\n\t<\/div>\n\t\n\t\t<\/div>\n\t\t\t\t\t<\/div>\n\n\t\n\n\t<div id=\"col-764030466\" class=\"col medium-3 small-12 large-3\"  >\n\t\t\t\t<div class=\"col-inner\"  >\n\t\t\t\n\t\t\t\n\t<div class=\"box has-hover   has-hover box-text-bottom\" >\n\n\t\t<div class=\"box-image\" >\n\t\t\t\t\t\t<div class=\"image-cover\" style=\"padding-top:100%;\">\n\t\t\t\t<img loading=\"lazy\" decoding=\"async\" width=\"1500\" height=\"1500\" src=\"https:\/\/suite88.com\/wp-content\/uploads\/2021\/03\/lavender-truffle.jpg\" class=\"attachment- size-\" alt=\"truffe \u00e0 la lavande\" srcset=\"https:\/\/suite88.com\/wp-content\/uploads\/2021\/03\/lavender-truffle.jpg 1500w, https:\/\/suite88.com\/wp-content\/uploads\/2021\/03\/lavender-truffle-500x500.jpg 500w, https:\/\/suite88.com\/wp-content\/uploads\/2021\/03\/lavender-truffle-100x100.jpg 100w, https:\/\/suite88.com\/wp-content\/uploads\/2021\/03\/lavender-truffle-400x400.jpg 400w, https:\/\/suite88.com\/wp-content\/uploads\/2021\/03\/lavender-truffle-800x800.jpg 800w, https:\/\/suite88.com\/wp-content\/uploads\/2021\/03\/lavender-truffle-300x300.jpg 300w, https:\/\/suite88.com\/wp-content\/uploads\/2021\/03\/lavender-truffle-768x768.jpg 768w, https:\/\/suite88.com\/wp-content\/uploads\/2021\/03\/lavender-truffle-60x60.jpg 60w, https:\/\/suite88.com\/wp-content\/uploads\/2021\/03\/lavender-truffle-90x90.jpg 90w\" sizes=\"auto, (max-width: 1500px) 100vw, 1500px\" \/>\t\t\t\t\t\t\t\t\t\t\t<\/div>\n\t\t\t\t\t<\/div>\n\n\t\t<div class=\"box-text text-center\" >\n\t\t\t<div class=\"box-text-inner\">\n\t\t\t\t\n<h4>Truffe \u00e0 la lavande<\/h4>\n<p class=\"p1\">Caramel cr\u00e9meux \u00e0 la vanille infus\u00e9 \u00e0 la lavande, enrob\u00e9 de chocolat noir et garni de bourgeons de lavande s\u00e9ch\u00e9e.<\/p>\n\t\t\t<\/div>\n\t\t<\/div>\n\t<\/div>\n\t\n\t\t<\/div>\n\t\t\t\t\t<\/div>\n\n\t\n\n<style>\n#row-1839638918 > .col > .col-inner {\n  padding: 0px 0px 0px 0px;\n}\n<\/style>\n<\/div>\n","protected":false},"excerpt":{"rendered":"<p>G\u00e2tez vos proches avec notre collection printani\u00e8re de lapins peints dans un jardin de fleurs ! Un m\u00e9lange de nos truffes aux fleurs exquises et de nos lapins d\u00e9cadents peints \u00e0 la main ! Cette collection comprend :<\/p>\n<ul>\n<li>cinq truffes aux fleurs &#8211; une de chaque parfum.<\/li>\n<li>cinq lapins caramel espresso au chocolat blanc<\/li>\n<li>cinq lapins pralin\u00e9s au chocolat au lait et aux noisettes<\/li>\n<li>225g<\/li>\n<\/ul>\n","protected":false},"featured_media":4159,"comment_status":"open","ping_status":"closed","template":"","meta":[],"product_brand":[],"product_cat":[160,201],"product_tag":[],"class_list":{"0":"post-4049","1":"product","2":"type-product","3":"status-publish","4":"has-post-thumbnail","6":"product_cat-boites-de-chocolats","7":"product_cat-paques","9":"first","10":"instock","11":"taxable","12":"shipping-taxable","13":"purchasable","14":"product-type-simple"},"yoast_head":"<!-- This site is optimized with the Yoast SEO Premium plugin v27.3 (Yoast SEO v27.3) - https:\/\/yoast.com\/product\/yoast-seo-premium-wordpress\/ -->\n<title>Lapins et truffes &#8226; suite88.com<\/title>\n<meta name=\"description\" content=\"Un m\u00e9lange de nos truffes aux fleurs exquises et de nos lapins d\u00e9cadents peints \u00e0 la main ! Un cadeau de P\u00e2ques parfait !\" \/>\n<meta name=\"robots\" content=\"index, follow, max-snippet:-1, max-image-preview:large, max-video-preview:-1\" \/>\n<link rel=\"canonical\" href=\"https:\/\/suite88.com\/fr\/produit\/lapine-et-truffes\/\" \/>\n<meta property=\"og:locale\" content=\"fr_FR\" \/>\n<meta property=\"og:type\" content=\"article\" \/>\n<meta property=\"og:title\" content=\"Lapins et truffes\" \/>\n<meta property=\"og:description\" content=\"Un m\u00e9lange de nos truffes aux fleurs exquises et de nos lapins d\u00e9cadents peints \u00e0 la main ! Un cadeau de P\u00e2ques parfait !\" \/>\n<meta property=\"og:url\" content=\"https:\/\/suite88.com\/fr\/produit\/lapine-et-truffes\/\" \/>\n<meta property=\"og:site_name\" content=\"suite88.com\" \/>\n<meta property=\"article:publisher\" content=\"https:\/\/www.facebook.com\/suite88\" \/>\n<meta property=\"article:modified_time\" content=\"2026-03-01T17:10:20+00:00\" \/>\n<meta property=\"og:image\" content=\"https:\/\/suite88.com\/wp-content\/uploads\/2021\/03\/floral-truffles-and-bunnies-box.jpg\" \/>\n\t<meta property=\"og:image:width\" content=\"1500\" \/>\n\t<meta property=\"og:image:height\" content=\"1500\" \/>\n\t<meta property=\"og:image:type\" content=\"image\/jpeg\" \/>\n<meta name=\"twitter:card\" content=\"summary_large_image\" \/>\n<meta name=\"twitter:label1\" content=\"Prix\" \/>\n\t<meta name=\"twitter:data1\" content=\"&#036;36,75\" \/>\n\t<meta name=\"twitter:label2\" content=\"Disponibilit\u00e9\" \/>\n\t<meta name=\"twitter:data2\" content=\"En stock\" \/>\n<script type=\"application\/ld+json\" class=\"yoast-schema-graph\">{\"@context\":\"https:\\\/\\\/schema.org\",\"@graph\":[{\"@type\":\"WebPage\",\"@id\":\"https:\\\/\\\/suite88.com\\\/fr\\\/produit\\\/lapine-et-truffes\\\/\",\"url\":\"https:\\\/\\\/suite88.com\\\/fr\\\/produit\\\/lapine-et-truffes\\\/\",\"name\":\"Lapins et truffes &#8226; suite88.com\",\"isPartOf\":{\"@id\":\"https:\\\/\\\/suite88.com\\\/fr\\\/#website\"},\"primaryImageOfPage\":{\"@id\":\"https:\\\/\\\/suite88.com\\\/fr\\\/produit\\\/lapine-et-truffes\\\/#primaryimage\"},\"image\":{\"@id\":\"https:\\\/\\\/suite88.com\\\/fr\\\/produit\\\/lapine-et-truffes\\\/#primaryimage\"},\"thumbnailUrl\":\"https:\\\/\\\/suite88.com\\\/wp-content\\\/uploads\\\/2021\\\/03\\\/floral-truffles-and-bunnies-box.jpg\",\"datePublished\":\"2021-03-04T04:45:00+00:00\",\"dateModified\":\"2026-03-01T17:10:20+00:00\",\"description\":\"Un m\u00e9lange de nos truffes aux fleurs exquises et de nos lapins d\u00e9cadents peints \u00e0 la main ! Un cadeau de P\u00e2ques parfait !\",\"breadcrumb\":{\"@id\":\"https:\\\/\\\/suite88.com\\\/fr\\\/produit\\\/lapine-et-truffes\\\/#breadcrumb\"},\"inLanguage\":\"fr-FR\",\"potentialAction\":[{\"@type\":\"ReadAction\",\"target\":[\"https:\\\/\\\/suite88.com\\\/fr\\\/produit\\\/lapine-et-truffes\\\/\"]}]},{\"@type\":\"ImageObject\",\"inLanguage\":\"fr-FR\",\"@id\":\"https:\\\/\\\/suite88.com\\\/fr\\\/produit\\\/lapine-et-truffes\\\/#primaryimage\",\"url\":\"https:\\\/\\\/suite88.com\\\/wp-content\\\/uploads\\\/2021\\\/03\\\/floral-truffles-and-bunnies-box.jpg\",\"contentUrl\":\"https:\\\/\\\/suite88.com\\\/wp-content\\\/uploads\\\/2021\\\/03\\\/floral-truffles-and-bunnies-box.jpg\",\"width\":1500,\"height\":1500,\"caption\":\"bo\u00eete de truffes aux fleurs et lapins\"},{\"@type\":\"BreadcrumbList\",\"@id\":\"https:\\\/\\\/suite88.com\\\/fr\\\/produit\\\/lapine-et-truffes\\\/#breadcrumb\",\"itemListElement\":[{\"@type\":\"ListItem\",\"position\":1,\"name\":\"Home\",\"item\":\"https:\\\/\\\/suite88.com\\\/fr\\\/\"},{\"@type\":\"ListItem\",\"position\":2,\"name\":\"Boutique\",\"item\":\"https:\\\/\\\/suite88.com\\\/fr\\\/boutique\\\/\"},{\"@type\":\"ListItem\",\"position\":3,\"name\":\"P\u00e2ques\",\"item\":\"https:\\\/\\\/suite88.com\\\/fr\\\/categorie-produit\\\/paques\\\/\"},{\"@type\":\"ListItem\",\"position\":4,\"name\":\"Lapins et truffes\"}]},{\"@type\":\"WebSite\",\"@id\":\"https:\\\/\\\/suite88.com\\\/fr\\\/#website\",\"url\":\"https:\\\/\\\/suite88.com\\\/fr\\\/\",\"name\":\"Suite 88 Chocolatier\",\"description\":\"Fine Belgian chocolate\",\"publisher\":{\"@id\":\"https:\\\/\\\/suite88.com\\\/fr\\\/#organization\"},\"potentialAction\":[{\"@type\":\"SearchAction\",\"target\":{\"@type\":\"EntryPoint\",\"urlTemplate\":\"https:\\\/\\\/suite88.com\\\/fr\\\/?s={search_term_string}\"},\"query-input\":{\"@type\":\"PropertyValueSpecification\",\"valueRequired\":true,\"valueName\":\"search_term_string\"}}],\"inLanguage\":\"fr-FR\"},{\"@type\":\"Organization\",\"@id\":\"https:\\\/\\\/suite88.com\\\/fr\\\/#organization\",\"name\":\"Suite 88 Chocolatier\",\"alternateName\":\"Suite 88\",\"url\":\"https:\\\/\\\/suite88.com\\\/fr\\\/\",\"logo\":{\"@type\":\"ImageObject\",\"inLanguage\":\"fr-FR\",\"@id\":\"https:\\\/\\\/suite88.com\\\/fr\\\/#\\\/schema\\\/logo\\\/image\\\/\",\"url\":\"https:\\\/\\\/suite88.com\\\/wp-content\\\/uploads\\\/2021\\\/04\\\/Suite-88-logo.png\",\"contentUrl\":\"https:\\\/\\\/suite88.com\\\/wp-content\\\/uploads\\\/2021\\\/04\\\/Suite-88-logo.png\",\"width\":1536,\"height\":1496,\"caption\":\"Suite 88 Chocolatier\"},\"image\":{\"@id\":\"https:\\\/\\\/suite88.com\\\/fr\\\/#\\\/schema\\\/logo\\\/image\\\/\"},\"sameAs\":[\"https:\\\/\\\/www.facebook.com\\\/suite88\",\"https:\\\/\\\/www.instagram.com\\\/suite88\\\/\",\"https:\\\/\\\/www.pinterest.ca\\\/suite88\\\/\"]}]}<\/script>\n<meta property=\"product:price:amount\" content=\"36.75\" \/>\n<meta property=\"product:price:currency\" content=\"CAD\" \/>\n<meta property=\"og:availability\" content=\"instock\" \/>\n<meta property=\"product:availability\" content=\"instock\" \/>\n<meta property=\"product:retailer_item_id\" content=\"S88-Easter15pc\" \/>\n<meta property=\"product:condition\" content=\"new\" \/>\n<!-- \/ Yoast SEO Premium plugin. -->","yoast_head_json":{"title":"Lapins et truffes &#8226; suite88.com","description":"Un m\u00e9lange de nos truffes aux fleurs exquises et de nos lapins d\u00e9cadents peints \u00e0 la main ! Un cadeau de P\u00e2ques parfait !","robots":{"index":"index","follow":"follow","max-snippet":"max-snippet:-1","max-image-preview":"max-image-preview:large","max-video-preview":"max-video-preview:-1"},"canonical":"https:\/\/suite88.com\/fr\/produit\/lapine-et-truffes\/","og_locale":"fr_FR","og_type":"article","og_title":"Lapins et truffes","og_description":"Un m\u00e9lange de nos truffes aux fleurs exquises et de nos lapins d\u00e9cadents peints \u00e0 la main ! Un cadeau de P\u00e2ques parfait !","og_url":"https:\/\/suite88.com\/fr\/produit\/lapine-et-truffes\/","og_site_name":"suite88.com","article_publisher":"https:\/\/www.facebook.com\/suite88","article_modified_time":"2026-03-01T17:10:20+00:00","og_image":[{"width":1500,"height":1500,"url":"https:\/\/suite88.com\/wp-content\/uploads\/2021\/03\/floral-truffles-and-bunnies-box.jpg","type":"image\/jpeg"}],"twitter_card":"summary_large_image","twitter_misc":{"Prix":"&#36;36,75","Disponibilit\u00e9":"En stock"},"schema":{"@context":"https:\/\/schema.org","@graph":[{"@type":"WebPage","@id":"https:\/\/suite88.com\/fr\/produit\/lapine-et-truffes\/","url":"https:\/\/suite88.com\/fr\/produit\/lapine-et-truffes\/","name":"Lapins et truffes &#8226; suite88.com","isPartOf":{"@id":"https:\/\/suite88.com\/fr\/#website"},"primaryImageOfPage":{"@id":"https:\/\/suite88.com\/fr\/produit\/lapine-et-truffes\/#primaryimage"},"image":{"@id":"https:\/\/suite88.com\/fr\/produit\/lapine-et-truffes\/#primaryimage"},"thumbnailUrl":"https:\/\/suite88.com\/wp-content\/uploads\/2021\/03\/floral-truffles-and-bunnies-box.jpg","datePublished":"2021-03-04T04:45:00+00:00","dateModified":"2026-03-01T17:10:20+00:00","description":"Un m\u00e9lange de nos truffes aux fleurs exquises et de nos lapins d\u00e9cadents peints \u00e0 la main ! Un cadeau de P\u00e2ques parfait !","breadcrumb":{"@id":"https:\/\/suite88.com\/fr\/produit\/lapine-et-truffes\/#breadcrumb"},"inLanguage":"fr-FR","potentialAction":[{"@type":"ReadAction","target":["https:\/\/suite88.com\/fr\/produit\/lapine-et-truffes\/"]}]},{"@type":"ImageObject","inLanguage":"fr-FR","@id":"https:\/\/suite88.com\/fr\/produit\/lapine-et-truffes\/#primaryimage","url":"https:\/\/suite88.com\/wp-content\/uploads\/2021\/03\/floral-truffles-and-bunnies-box.jpg","contentUrl":"https:\/\/suite88.com\/wp-content\/uploads\/2021\/03\/floral-truffles-and-bunnies-box.jpg","width":1500,"height":1500,"caption":"bo\u00eete de truffes aux fleurs et lapins"},{"@type":"BreadcrumbList","@id":"https:\/\/suite88.com\/fr\/produit\/lapine-et-truffes\/#breadcrumb","itemListElement":[{"@type":"ListItem","position":1,"name":"Home","item":"https:\/\/suite88.com\/fr\/"},{"@type":"ListItem","position":2,"name":"Boutique","item":"https:\/\/suite88.com\/fr\/boutique\/"},{"@type":"ListItem","position":3,"name":"P\u00e2ques","item":"https:\/\/suite88.com\/fr\/categorie-produit\/paques\/"},{"@type":"ListItem","position":4,"name":"Lapins et truffes"}]},{"@type":"WebSite","@id":"https:\/\/suite88.com\/fr\/#website","url":"https:\/\/suite88.com\/fr\/","name":"Suite 88 Chocolatier","description":"Fine Belgian chocolate","publisher":{"@id":"https:\/\/suite88.com\/fr\/#organization"},"potentialAction":[{"@type":"SearchAction","target":{"@type":"EntryPoint","urlTemplate":"https:\/\/suite88.com\/fr\/?s={search_term_string}"},"query-input":{"@type":"PropertyValueSpecification","valueRequired":true,"valueName":"search_term_string"}}],"inLanguage":"fr-FR"},{"@type":"Organization","@id":"https:\/\/suite88.com\/fr\/#organization","name":"Suite 88 Chocolatier","alternateName":"Suite 88","url":"https:\/\/suite88.com\/fr\/","logo":{"@type":"ImageObject","inLanguage":"fr-FR","@id":"https:\/\/suite88.com\/fr\/#\/schema\/logo\/image\/","url":"https:\/\/suite88.com\/wp-content\/uploads\/2021\/04\/Suite-88-logo.png","contentUrl":"https:\/\/suite88.com\/wp-content\/uploads\/2021\/04\/Suite-88-logo.png","width":1536,"height":1496,"caption":"Suite 88 Chocolatier"},"image":{"@id":"https:\/\/suite88.com\/fr\/#\/schema\/logo\/image\/"},"sameAs":["https:\/\/www.facebook.com\/suite88","https:\/\/www.instagram.com\/suite88\/","https:\/\/www.pinterest.ca\/suite88\/"]}]},"product_price_amount":"36.75","product_price_currency":"CAD","og_availability":"instock","product_availability":"instock","product_retailer_item_id":"S88-Easter15pc","product_condition":"new"},"_links":{"self":[{"href":"https:\/\/suite88.com\/fr\/wp-json\/wp\/v2\/product\/4049","targetHints":{"allow":["GET"]}}],"collection":[{"href":"https:\/\/suite88.com\/fr\/wp-json\/wp\/v2\/product"}],"about":[{"href":"https:\/\/suite88.com\/fr\/wp-json\/wp\/v2\/types\/product"}],"replies":[{"embeddable":true,"href":"https:\/\/suite88.com\/fr\/wp-json\/wp\/v2\/comments?post=4049"}],"wp:featuredmedia":[{"embeddable":true,"href":"https:\/\/suite88.com\/fr\/wp-json\/wp\/v2\/media\/4159"}],"wp:attachment":[{"href":"https:\/\/suite88.com\/fr\/wp-json\/wp\/v2\/media?parent=4049"}],"wp:term":[{"taxonomy":"product_brand","embeddable":true,"href":"https:\/\/suite88.com\/fr\/wp-json\/wp\/v2\/product_brand?post=4049"},{"taxonomy":"product_cat","embeddable":true,"href":"https:\/\/suite88.com\/fr\/wp-json\/wp\/v2\/product_cat?post=4049"},{"taxonomy":"product_tag","embeddable":true,"href":"https:\/\/suite88.com\/fr\/wp-json\/wp\/v2\/product_tag?post=4049"}],"curies":[{"name":"wp","href":"https:\/\/api.w.org\/{rel}","templated":true}]}}