{"id":4066,"date":"2021-03-04T02:57:00","date_gmt":"2021-03-04T07:57:00","guid":{"rendered":"https:\/\/78a977976c.nxcli.net\/product\/lapin-de-paques-moyen\/"},"modified":"2026-03-01T12:13:02","modified_gmt":"2026-03-01T17:13:02","slug":"lapin-paques-moyen","status":"publish","type":"product","link":"https:\/\/suite88.com\/fr\/produit\/lapin-paques-moyen\/","title":{"rendered":"Lapin de P\u00e2ques &#8211; moyen"},"content":{"rendered":"","protected":false},"excerpt":{"rendered":"<p>Faites sourire tout le monde avec ces lapins peints \u00e0 la main, soigneusement emball\u00e9s dans une bo\u00eete cadeau. Disponible en chocolat au lait ou noir.<\/p>\n","protected":false},"featured_media":4061,"comment_status":"open","ping_status":"closed","template":"","meta":[],"product_brand":[],"product_cat":[201],"product_tag":[],"class_list":{"0":"post-4066","1":"product","2":"type-product","3":"status-publish","4":"has-post-thumbnail","6":"product_cat-paques","8":"first","9":"instock","10":"taxable","11":"shipping-taxable","12":"purchasable","13":"product-type-variable"},"yoast_head":"<!-- This site is optimized with the Yoast SEO Premium plugin v27.3 (Yoast SEO v27.3) - https:\/\/yoast.com\/product\/yoast-seo-premium-wordpress\/ -->\n<title>Lapin de P\u00e2ques - moyen &#8226; suite88.com<\/title>\n<meta name=\"description\" content=\"Faites sourire tout le monde avec ces lapins peints \u00e0 la main, soigneusement emball\u00e9s dans une bo\u00eete cadeau. Disponible en chocolat au lait ou noir.\" \/>\n<meta name=\"robots\" content=\"index, follow, max-snippet:-1, max-image-preview:large, max-video-preview:-1\" \/>\n<link rel=\"canonical\" href=\"https:\/\/suite88.com\/fr\/produit\/lapin-paques-moyen\/\" \/>\n<meta property=\"og:locale\" content=\"fr_FR\" \/>\n<meta property=\"og:type\" content=\"article\" \/>\n<meta property=\"og:title\" content=\"Lapin de P\u00e2ques - moyen\" \/>\n<meta property=\"og:description\" content=\"Faites sourire tout le monde avec ces lapins peints \u00e0 la main, soigneusement emball\u00e9s dans une bo\u00eete cadeau. Disponible en chocolat au lait ou noir.\" \/>\n<meta property=\"og:url\" content=\"https:\/\/suite88.com\/fr\/produit\/lapin-paques-moyen\/\" \/>\n<meta property=\"og:site_name\" content=\"suite88.com\" \/>\n<meta property=\"article:publisher\" content=\"https:\/\/www.facebook.com\/suite88\" \/>\n<meta property=\"article:modified_time\" content=\"2026-03-01T17:13:02+00:00\" \/>\n<meta property=\"og:image\" content=\"https:\/\/suite88.com\/wp-content\/uploads\/2021\/03\/medium-bunnies.jpg\" \/>\n\t<meta property=\"og:image:width\" content=\"1500\" \/>\n\t<meta property=\"og:image:height\" content=\"1500\" \/>\n\t<meta property=\"og:image:type\" content=\"image\/jpeg\" \/>\n<meta name=\"twitter:card\" content=\"summary_large_image\" \/>\n<meta name=\"twitter:label1\" content=\"Disponibilit\u00e9\" \/>\n\t<meta name=\"twitter:data1\" content=\"En stock\" \/>\n<script type=\"application\/ld+json\" class=\"yoast-schema-graph\">{\"@context\":\"https:\\\/\\\/schema.org\",\"@graph\":[{\"@type\":\"WebPage\",\"@id\":\"https:\\\/\\\/suite88.com\\\/fr\\\/produit\\\/lapin-paques-moyen\\\/\",\"url\":\"https:\\\/\\\/suite88.com\\\/fr\\\/produit\\\/lapin-paques-moyen\\\/\",\"name\":\"Lapin de P\u00e2ques - moyen &#8226; suite88.com\",\"isPartOf\":{\"@id\":\"https:\\\/\\\/suite88.com\\\/fr\\\/#website\"},\"primaryImageOfPage\":{\"@id\":\"https:\\\/\\\/suite88.com\\\/fr\\\/produit\\\/lapin-paques-moyen\\\/#primaryimage\"},\"image\":{\"@id\":\"https:\\\/\\\/suite88.com\\\/fr\\\/produit\\\/lapin-paques-moyen\\\/#primaryimage\"},\"thumbnailUrl\":\"https:\\\/\\\/suite88.com\\\/wp-content\\\/uploads\\\/2021\\\/03\\\/medium-bunnies.jpg\",\"datePublished\":\"2021-03-04T07:57:00+00:00\",\"dateModified\":\"2026-03-01T17:13:02+00:00\",\"description\":\"Faites sourire tout le monde avec ces lapins peints \u00e0 la main, soigneusement emball\u00e9s dans une bo\u00eete cadeau. Disponible en chocolat au lait ou noir.\",\"breadcrumb\":{\"@id\":\"https:\\\/\\\/suite88.com\\\/fr\\\/produit\\\/lapin-paques-moyen\\\/#breadcrumb\"},\"inLanguage\":\"fr-FR\",\"potentialAction\":[{\"@type\":\"ReadAction\",\"target\":[\"https:\\\/\\\/suite88.com\\\/fr\\\/produit\\\/lapin-paques-moyen\\\/\"]}]},{\"@type\":\"ImageObject\",\"inLanguage\":\"fr-FR\",\"@id\":\"https:\\\/\\\/suite88.com\\\/fr\\\/produit\\\/lapin-paques-moyen\\\/#primaryimage\",\"url\":\"https:\\\/\\\/suite88.com\\\/wp-content\\\/uploads\\\/2021\\\/03\\\/medium-bunnies.jpg\",\"contentUrl\":\"https:\\\/\\\/suite88.com\\\/wp-content\\\/uploads\\\/2021\\\/03\\\/medium-bunnies.jpg\",\"width\":1500,\"height\":1500,\"caption\":\"lapin de P\u00e2ques de taille moyenne\"},{\"@type\":\"BreadcrumbList\",\"@id\":\"https:\\\/\\\/suite88.com\\\/fr\\\/produit\\\/lapin-paques-moyen\\\/#breadcrumb\",\"itemListElement\":[{\"@type\":\"ListItem\",\"position\":1,\"name\":\"Home\",\"item\":\"https:\\\/\\\/suite88.com\\\/fr\\\/\"},{\"@type\":\"ListItem\",\"position\":2,\"name\":\"Boutique\",\"item\":\"https:\\\/\\\/suite88.com\\\/fr\\\/boutique\\\/\"},{\"@type\":\"ListItem\",\"position\":3,\"name\":\"P\u00e2ques\",\"item\":\"https:\\\/\\\/suite88.com\\\/fr\\\/categorie-produit\\\/paques\\\/\"},{\"@type\":\"ListItem\",\"position\":4,\"name\":\"Lapin de P\u00e2ques &#8211; moyen\"}]},{\"@type\":\"WebSite\",\"@id\":\"https:\\\/\\\/suite88.com\\\/fr\\\/#website\",\"url\":\"https:\\\/\\\/suite88.com\\\/fr\\\/\",\"name\":\"Suite 88 Chocolatier\",\"description\":\"Fine Belgian chocolate\",\"publisher\":{\"@id\":\"https:\\\/\\\/suite88.com\\\/fr\\\/#organization\"},\"potentialAction\":[{\"@type\":\"SearchAction\",\"target\":{\"@type\":\"EntryPoint\",\"urlTemplate\":\"https:\\\/\\\/suite88.com\\\/fr\\\/?s={search_term_string}\"},\"query-input\":{\"@type\":\"PropertyValueSpecification\",\"valueRequired\":true,\"valueName\":\"search_term_string\"}}],\"inLanguage\":\"fr-FR\"},{\"@type\":\"Organization\",\"@id\":\"https:\\\/\\\/suite88.com\\\/fr\\\/#organization\",\"name\":\"Suite 88 Chocolatier\",\"alternateName\":\"Suite 88\",\"url\":\"https:\\\/\\\/suite88.com\\\/fr\\\/\",\"logo\":{\"@type\":\"ImageObject\",\"inLanguage\":\"fr-FR\",\"@id\":\"https:\\\/\\\/suite88.com\\\/fr\\\/#\\\/schema\\\/logo\\\/image\\\/\",\"url\":\"https:\\\/\\\/suite88.com\\\/wp-content\\\/uploads\\\/2021\\\/04\\\/Suite-88-logo.png\",\"contentUrl\":\"https:\\\/\\\/suite88.com\\\/wp-content\\\/uploads\\\/2021\\\/04\\\/Suite-88-logo.png\",\"width\":1536,\"height\":1496,\"caption\":\"Suite 88 Chocolatier\"},\"image\":{\"@id\":\"https:\\\/\\\/suite88.com\\\/fr\\\/#\\\/schema\\\/logo\\\/image\\\/\"},\"sameAs\":[\"https:\\\/\\\/www.facebook.com\\\/suite88\",\"https:\\\/\\\/www.instagram.com\\\/suite88\\\/\",\"https:\\\/\\\/www.pinterest.ca\\\/suite88\\\/\"]}]}<\/script>\n<meta property=\"og:availability\" content=\"instock\" \/>\n<meta property=\"product:availability\" content=\"instock\" \/>\n<meta property=\"product:retailer_item_id\" content=\"S88-EasterBMd\" \/>\n<meta property=\"product:condition\" content=\"new\" \/>\n<!-- \/ Yoast SEO Premium plugin. -->","yoast_head_json":{"title":"Lapin de P\u00e2ques - moyen &#8226; suite88.com","description":"Faites sourire tout le monde avec ces lapins peints \u00e0 la main, soigneusement emball\u00e9s dans une bo\u00eete cadeau. Disponible en chocolat au lait ou noir.","robots":{"index":"index","follow":"follow","max-snippet":"max-snippet:-1","max-image-preview":"max-image-preview:large","max-video-preview":"max-video-preview:-1"},"canonical":"https:\/\/suite88.com\/fr\/produit\/lapin-paques-moyen\/","og_locale":"fr_FR","og_type":"article","og_title":"Lapin de P\u00e2ques - moyen","og_description":"Faites sourire tout le monde avec ces lapins peints \u00e0 la main, soigneusement emball\u00e9s dans une bo\u00eete cadeau. Disponible en chocolat au lait ou noir.","og_url":"https:\/\/suite88.com\/fr\/produit\/lapin-paques-moyen\/","og_site_name":"suite88.com","article_publisher":"https:\/\/www.facebook.com\/suite88","article_modified_time":"2026-03-01T17:13:02+00:00","og_image":[{"width":1500,"height":1500,"url":"https:\/\/suite88.com\/wp-content\/uploads\/2021\/03\/medium-bunnies.jpg","type":"image\/jpeg"}],"twitter_card":"summary_large_image","twitter_misc":{"Disponibilit\u00e9":"En stock"},"schema":{"@context":"https:\/\/schema.org","@graph":[{"@type":"WebPage","@id":"https:\/\/suite88.com\/fr\/produit\/lapin-paques-moyen\/","url":"https:\/\/suite88.com\/fr\/produit\/lapin-paques-moyen\/","name":"Lapin de P\u00e2ques - moyen &#8226; suite88.com","isPartOf":{"@id":"https:\/\/suite88.com\/fr\/#website"},"primaryImageOfPage":{"@id":"https:\/\/suite88.com\/fr\/produit\/lapin-paques-moyen\/#primaryimage"},"image":{"@id":"https:\/\/suite88.com\/fr\/produit\/lapin-paques-moyen\/#primaryimage"},"thumbnailUrl":"https:\/\/suite88.com\/wp-content\/uploads\/2021\/03\/medium-bunnies.jpg","datePublished":"2021-03-04T07:57:00+00:00","dateModified":"2026-03-01T17:13:02+00:00","description":"Faites sourire tout le monde avec ces lapins peints \u00e0 la main, soigneusement emball\u00e9s dans une bo\u00eete cadeau. Disponible en chocolat au lait ou noir.","breadcrumb":{"@id":"https:\/\/suite88.com\/fr\/produit\/lapin-paques-moyen\/#breadcrumb"},"inLanguage":"fr-FR","potentialAction":[{"@type":"ReadAction","target":["https:\/\/suite88.com\/fr\/produit\/lapin-paques-moyen\/"]}]},{"@type":"ImageObject","inLanguage":"fr-FR","@id":"https:\/\/suite88.com\/fr\/produit\/lapin-paques-moyen\/#primaryimage","url":"https:\/\/suite88.com\/wp-content\/uploads\/2021\/03\/medium-bunnies.jpg","contentUrl":"https:\/\/suite88.com\/wp-content\/uploads\/2021\/03\/medium-bunnies.jpg","width":1500,"height":1500,"caption":"lapin de P\u00e2ques de taille moyenne"},{"@type":"BreadcrumbList","@id":"https:\/\/suite88.com\/fr\/produit\/lapin-paques-moyen\/#breadcrumb","itemListElement":[{"@type":"ListItem","position":1,"name":"Home","item":"https:\/\/suite88.com\/fr\/"},{"@type":"ListItem","position":2,"name":"Boutique","item":"https:\/\/suite88.com\/fr\/boutique\/"},{"@type":"ListItem","position":3,"name":"P\u00e2ques","item":"https:\/\/suite88.com\/fr\/categorie-produit\/paques\/"},{"@type":"ListItem","position":4,"name":"Lapin de P\u00e2ques &#8211; moyen"}]},{"@type":"WebSite","@id":"https:\/\/suite88.com\/fr\/#website","url":"https:\/\/suite88.com\/fr\/","name":"Suite 88 Chocolatier","description":"Fine Belgian chocolate","publisher":{"@id":"https:\/\/suite88.com\/fr\/#organization"},"potentialAction":[{"@type":"SearchAction","target":{"@type":"EntryPoint","urlTemplate":"https:\/\/suite88.com\/fr\/?s={search_term_string}"},"query-input":{"@type":"PropertyValueSpecification","valueRequired":true,"valueName":"search_term_string"}}],"inLanguage":"fr-FR"},{"@type":"Organization","@id":"https:\/\/suite88.com\/fr\/#organization","name":"Suite 88 Chocolatier","alternateName":"Suite 88","url":"https:\/\/suite88.com\/fr\/","logo":{"@type":"ImageObject","inLanguage":"fr-FR","@id":"https:\/\/suite88.com\/fr\/#\/schema\/logo\/image\/","url":"https:\/\/suite88.com\/wp-content\/uploads\/2021\/04\/Suite-88-logo.png","contentUrl":"https:\/\/suite88.com\/wp-content\/uploads\/2021\/04\/Suite-88-logo.png","width":1536,"height":1496,"caption":"Suite 88 Chocolatier"},"image":{"@id":"https:\/\/suite88.com\/fr\/#\/schema\/logo\/image\/"},"sameAs":["https:\/\/www.facebook.com\/suite88","https:\/\/www.instagram.com\/suite88\/","https:\/\/www.pinterest.ca\/suite88\/"]}]},"og_availability":"instock","product_availability":"instock","product_retailer_item_id":"S88-EasterBMd","product_condition":"new"},"_links":{"self":[{"href":"https:\/\/suite88.com\/fr\/wp-json\/wp\/v2\/product\/4066","targetHints":{"allow":["GET"]}}],"collection":[{"href":"https:\/\/suite88.com\/fr\/wp-json\/wp\/v2\/product"}],"about":[{"href":"https:\/\/suite88.com\/fr\/wp-json\/wp\/v2\/types\/product"}],"replies":[{"embeddable":true,"href":"https:\/\/suite88.com\/fr\/wp-json\/wp\/v2\/comments?post=4066"}],"wp:featuredmedia":[{"embeddable":true,"href":"https:\/\/suite88.com\/fr\/wp-json\/wp\/v2\/media\/4061"}],"wp:attachment":[{"href":"https:\/\/suite88.com\/fr\/wp-json\/wp\/v2\/media?parent=4066"}],"wp:term":[{"taxonomy":"product_brand","embeddable":true,"href":"https:\/\/suite88.com\/fr\/wp-json\/wp\/v2\/product_brand?post=4066"},{"taxonomy":"product_cat","embeddable":true,"href":"https:\/\/suite88.com\/fr\/wp-json\/wp\/v2\/product_cat?post=4066"},{"taxonomy":"product_tag","embeddable":true,"href":"https:\/\/suite88.com\/fr\/wp-json\/wp\/v2\/product_tag?post=4066"}],"curies":[{"name":"wp","href":"https:\/\/api.w.org\/{rel}","templated":true}]}}