{"id":4354,"date":"2020-02-07T23:10:16","date_gmt":"2021-04-15T18:19:17","guid":{"rendered":"https:\/\/78a977976c.nxcli.net\/?post_type=product&#038;p=4354"},"modified":"2024-11-20T17:29:47","modified_gmt":"2024-11-20T22:29:47","slug":"truffes-aux-fleurs-20-morceaux","status":"publish","type":"product","link":"https:\/\/suite88.com\/fr\/produit\/truffes-aux-fleurs-20-morceaux\/","title":{"rendered":"Truffes aux fleurs &#8211; 20 morceaux"},"content":{"rendered":"<div class=\"row row-collapse\"  id=\"row-819972920\">\n\n\t<div id=\"col-1874249271\" class=\"col medium-2 small-12 large-2\"  >\n\t\t\t\t<div class=\"col-inner\"  >\n\t\t\t\n\t\t\t\n\t<div class=\"box has-hover   has-hover box-text-bottom\" >\n\n\t\t<div class=\"box-image\" >\n\t\t\t\t\t\t<div class=\"image-cover\" style=\"padding-top:100%;\">\n\t\t\t\t<img loading=\"lazy\" decoding=\"async\" width=\"1500\" height=\"1500\" src=\"https:\/\/suite88.com\/wp-content\/uploads\/2021\/03\/lavender-truffle.jpg\" class=\"attachment- size-\" alt=\"truffe \u00e0 la lavande\" srcset=\"https:\/\/suite88.com\/wp-content\/uploads\/2021\/03\/lavender-truffle.jpg 1500w, https:\/\/suite88.com\/wp-content\/uploads\/2021\/03\/lavender-truffle-500x500.jpg 500w, https:\/\/suite88.com\/wp-content\/uploads\/2021\/03\/lavender-truffle-100x100.jpg 100w, https:\/\/suite88.com\/wp-content\/uploads\/2021\/03\/lavender-truffle-400x400.jpg 400w, https:\/\/suite88.com\/wp-content\/uploads\/2021\/03\/lavender-truffle-800x800.jpg 800w, https:\/\/suite88.com\/wp-content\/uploads\/2021\/03\/lavender-truffle-300x300.jpg 300w, https:\/\/suite88.com\/wp-content\/uploads\/2021\/03\/lavender-truffle-768x768.jpg 768w, https:\/\/suite88.com\/wp-content\/uploads\/2021\/03\/lavender-truffle-60x60.jpg 60w, https:\/\/suite88.com\/wp-content\/uploads\/2021\/03\/lavender-truffle-90x90.jpg 90w\" sizes=\"auto, (max-width: 1500px) 100vw, 1500px\" \/>\t\t\t\t\t\t\t\t\t\t\t<\/div>\n\t\t\t\t\t<\/div>\n\n\t\t<div class=\"box-text text-center\" >\n\t\t\t<div class=\"box-text-inner\">\n\t\t\t\t\n<h4>Truffe \u00e0 la lavande<\/h4>\n<p class=\"p1\">Caramel cr\u00e9meux \u00e0 la vanille infus\u00e9 \u00e0 la lavande, enrob\u00e9 de chocolat noir et garni de bourgeons de lavande s\u00e9ch\u00e9e.<\/p>\n\t\t\t<\/div>\n\t\t<\/div>\n\t<\/div>\n\t\n\t\t<\/div>\n\t\t\t\t\t<\/div>\n\n\t\n\n\t<div id=\"col-500491917\" class=\"col medium-2 small-12 large-2\"  >\n\t\t\t\t<div class=\"col-inner\"  >\n\t\t\t\n\t\t\t\n\t<div class=\"box has-hover   has-hover box-text-bottom\" >\n\n\t\t<div class=\"box-image\" >\n\t\t\t\t\t\t<div class=\"image-cover\" style=\"padding-top:100%;\">\n\t\t\t\t<img loading=\"lazy\" decoding=\"async\" width=\"1500\" height=\"1500\" src=\"https:\/\/suite88.com\/wp-content\/uploads\/2021\/03\/rose-truffle.jpg\" class=\"attachment- size-\" alt=\"truffe rose\" srcset=\"https:\/\/suite88.com\/wp-content\/uploads\/2021\/03\/rose-truffle.jpg 1500w, https:\/\/suite88.com\/wp-content\/uploads\/2021\/03\/rose-truffle-500x500.jpg 500w, https:\/\/suite88.com\/wp-content\/uploads\/2021\/03\/rose-truffle-100x100.jpg 100w, https:\/\/suite88.com\/wp-content\/uploads\/2021\/03\/rose-truffle-400x400.jpg 400w, https:\/\/suite88.com\/wp-content\/uploads\/2021\/03\/rose-truffle-800x800.jpg 800w, https:\/\/suite88.com\/wp-content\/uploads\/2021\/03\/rose-truffle-300x300.jpg 300w, https:\/\/suite88.com\/wp-content\/uploads\/2021\/03\/rose-truffle-768x768.jpg 768w, https:\/\/suite88.com\/wp-content\/uploads\/2021\/03\/rose-truffle-60x60.jpg 60w, https:\/\/suite88.com\/wp-content\/uploads\/2021\/03\/rose-truffle-90x90.jpg 90w\" sizes=\"auto, (max-width: 1500px) 100vw, 1500px\" \/>\t\t\t\t\t\t\t\t\t\t\t<\/div>\n\t\t\t\t\t<\/div>\n\n\t\t<div class=\"box-text text-center\" >\n\t\t\t<div class=\"box-text-inner\">\n\t\t\t\t\n<h4>Truffe \u00e0 la rose<\/h4>\n<p class=\"p1\">Truffe aux amandes et au chocolat au lait avec cardamome et eau de rose, enrob\u00e9e de chocolat blanc parsem\u00e9 de p\u00e9tales de rose.<\/p>\n\t\t\t<\/div>\n\t\t<\/div>\n\t<\/div>\n\t\n\t\t<\/div>\n\t\t\t\t\t<\/div>\n\n\t\n\n\t<div id=\"col-1199386091\" class=\"col medium-2 small-12 large-2\"  >\n\t\t\t\t<div class=\"col-inner\"  >\n\t\t\t\n\t\t\t\n\t<div class=\"box has-hover   has-hover box-text-bottom\" >\n\n\t\t<div class=\"box-image\" >\n\t\t\t\t\t\t<div class=\"\" >\n\t\t\t\t<img loading=\"lazy\" decoding=\"async\" width=\"1500\" height=\"1500\" src=\"https:\/\/suite88.com\/wp-content\/uploads\/2021\/03\/orange-blossom-truffle.jpg\" class=\"attachment- size-\" alt=\"truffe \u00e0 la fleur d&#039;oranger et \u00e0 la pistache\" srcset=\"https:\/\/suite88.com\/wp-content\/uploads\/2021\/03\/orange-blossom-truffle.jpg 1500w, https:\/\/suite88.com\/wp-content\/uploads\/2021\/03\/orange-blossom-truffle-500x500.jpg 500w, https:\/\/suite88.com\/wp-content\/uploads\/2021\/03\/orange-blossom-truffle-100x100.jpg 100w, https:\/\/suite88.com\/wp-content\/uploads\/2021\/03\/orange-blossom-truffle-400x400.jpg 400w, https:\/\/suite88.com\/wp-content\/uploads\/2021\/03\/orange-blossom-truffle-800x800.jpg 800w, https:\/\/suite88.com\/wp-content\/uploads\/2021\/03\/orange-blossom-truffle-300x300.jpg 300w, https:\/\/suite88.com\/wp-content\/uploads\/2021\/03\/orange-blossom-truffle-768x768.jpg 768w, https:\/\/suite88.com\/wp-content\/uploads\/2021\/03\/orange-blossom-truffle-60x60.jpg 60w, https:\/\/suite88.com\/wp-content\/uploads\/2021\/03\/orange-blossom-truffle-90x90.jpg 90w\" sizes=\"auto, (max-width: 1500px) 100vw, 1500px\" \/>\t\t\t\t\t\t\t\t\t\t\t<\/div>\n\t\t\t\t\t<\/div>\n\n\t\t<div class=\"box-text text-center\" >\n\t\t\t<div class=\"box-text-inner\">\n\t\t\t\t\n<h4>Truffe \u00e0 la fleur d&#8217;oranger<\/h4>\n<p class=\"p1\">Pistache et chocolat blanc m\u00e9lang\u00e9s \u00e0 de la cannelle et de la fleur d&#8217;oranger, enrob\u00e9s de chocolat au lait et saupoudr\u00e9s de pistache.<\/p>\n\t\t\t<\/div>\n\t\t<\/div>\n\t<\/div>\n\t\n\t\t<\/div>\n\t\t\t\t\t<\/div>\n\n\t\n\n\t<div id=\"col-477381202\" class=\"col medium-2 small-12 large-2\"  >\n\t\t\t\t<div class=\"col-inner\"  >\n\t\t\t\n\t\t\t\n\t<div class=\"box has-hover   has-hover box-text-bottom\" >\n\n\t\t<div class=\"box-image\" >\n\t\t\t\t\t\t<div class=\"\" >\n\t\t\t\t<img loading=\"lazy\" decoding=\"async\" width=\"1500\" height=\"1500\" src=\"https:\/\/suite88.com\/wp-content\/uploads\/2021\/03\/jasmine-truffle.jpg\" class=\"attachment- size-\" alt=\"truffe au jasmin\" srcset=\"https:\/\/suite88.com\/wp-content\/uploads\/2021\/03\/jasmine-truffle.jpg 1500w, https:\/\/suite88.com\/wp-content\/uploads\/2021\/03\/jasmine-truffle-500x500.jpg 500w, https:\/\/suite88.com\/wp-content\/uploads\/2021\/03\/jasmine-truffle-100x100.jpg 100w, https:\/\/suite88.com\/wp-content\/uploads\/2021\/03\/jasmine-truffle-400x400.jpg 400w, https:\/\/suite88.com\/wp-content\/uploads\/2021\/03\/jasmine-truffle-800x800.jpg 800w, https:\/\/suite88.com\/wp-content\/uploads\/2021\/03\/jasmine-truffle-300x300.jpg 300w, https:\/\/suite88.com\/wp-content\/uploads\/2021\/03\/jasmine-truffle-768x768.jpg 768w, https:\/\/suite88.com\/wp-content\/uploads\/2021\/03\/jasmine-truffle-60x60.jpg 60w, https:\/\/suite88.com\/wp-content\/uploads\/2021\/03\/jasmine-truffle-90x90.jpg 90w\" sizes=\"auto, (max-width: 1500px) 100vw, 1500px\" \/>\t\t\t\t\t\t\t\t\t\t\t<\/div>\n\t\t\t\t\t<\/div>\n\n\t\t<div class=\"box-text text-center\" >\n\t\t\t<div class=\"box-text-inner\">\n\t\t\t\t\n<h4>Truffe au jasmin<\/h4>\n<p class=\"p1\">Fleur de jasmin tremp\u00e9e dans de la cr\u00e8me, m\u00e9lang\u00e9e \u00e0 du miel et du chocolat noir, enrob\u00e9e de chocolat au lait et termin\u00e9e par une fleur de jasmin s\u00e9ch\u00e9e.<\/p>\n\t\t\t<\/div>\n\t\t<\/div>\n\t<\/div>\n\t\n\t\t<\/div>\n\t\t\t\t\t<\/div>\n\n\t\n\n\t<div id=\"col-422418126\" class=\"col medium-2 small-12 large-2\"  >\n\t\t\t\t<div class=\"col-inner\"  >\n\t\t\t\n\t\t\t\n\t<div class=\"box has-hover   has-hover box-text-bottom\" >\n\n\t\t<div class=\"box-image\" >\n\t\t\t\t\t\t<div class=\"\" >\n\t\t\t\t<img loading=\"lazy\" decoding=\"async\" width=\"1500\" height=\"1500\" src=\"https:\/\/suite88.com\/wp-content\/uploads\/2021\/03\/violet-truffle.jpg\" class=\"attachment- size-\" alt=\"truffe violette\" srcset=\"https:\/\/suite88.com\/wp-content\/uploads\/2021\/03\/violet-truffle.jpg 1500w, https:\/\/suite88.com\/wp-content\/uploads\/2021\/03\/violet-truffle-500x500.jpg 500w, https:\/\/suite88.com\/wp-content\/uploads\/2021\/03\/violet-truffle-100x100.jpg 100w, https:\/\/suite88.com\/wp-content\/uploads\/2021\/03\/violet-truffle-400x400.jpg 400w, https:\/\/suite88.com\/wp-content\/uploads\/2021\/03\/violet-truffle-800x800.jpg 800w, https:\/\/suite88.com\/wp-content\/uploads\/2021\/03\/violet-truffle-300x300.jpg 300w, https:\/\/suite88.com\/wp-content\/uploads\/2021\/03\/violet-truffle-768x768.jpg 768w, https:\/\/suite88.com\/wp-content\/uploads\/2021\/03\/violet-truffle-60x60.jpg 60w, https:\/\/suite88.com\/wp-content\/uploads\/2021\/03\/violet-truffle-90x90.jpg 90w\" sizes=\"auto, (max-width: 1500px) 100vw, 1500px\" \/>\t\t\t\t\t\t\t\t\t\t\t<\/div>\n\t\t\t\t\t<\/div>\n\n\t\t<div class=\"box-text text-center\" >\n\t\t\t<div class=\"box-text-inner\">\n\t\t\t\t\n<h4>Truffe violette<\/h4>\n<p class=\"p1\">Truffe de chocolat extra noir infus\u00e9e \u00e0 la violette, enrob\u00e9e de chocolat noir 72% et garnie de violettes s\u00e9ch\u00e9es.<\/p>\n\t\t\t<\/div>\n\t\t<\/div>\n\t<\/div>\n\t\n\t\t<\/div>\n\t\t\t\t\t<\/div>\n\n\t\n<\/div>\n","protected":false},"excerpt":{"rendered":"<p style=\"background: white; vertical-align: baseline; margin: 0cm 0cm 7.9pt 0cm;\"><span style=\"font-size: 9.5pt; font-family: Helvetica;\">Nos truffes aux fleurs sont un cadeau \u00e9l\u00e9gant. Une touche d\u00e9licate de parfums floraux m\u00e9lang\u00e9s dans chaque truffe. Il y a 20 truffes par bo\u00eete &#8211; 4 de chacun des 5 parfums.<\/span><\/p>\n<p style=\"background: white; vertical-align: baseline; box-sizing: border-box; font-variant-ligatures: normal; font-variant-caps: normal; orphans: 2; text-align: start; widows: 2; -webkit-text-stroke-width: 0px; text-decoration-style: initial; text-decoration-color: initial; word-spacing: 0px; margin: 0cm 0cm 7.9pt 0cm;\"><span style=\"font-size: 9.5pt; font-family: Helvetica;\"><strong>Lavande<\/strong> &#8211; caramel cr\u00e9meux \u00e0 la vanille infus\u00e9 \u00e0 la lavande, enrob\u00e9 de chocolat noir et garni de fleurs de lavande s\u00e9ch\u00e9es.<\/span><\/p>\n<p style=\"background: white; vertical-align: baseline; box-sizing: border-box; font-variant-ligatures: normal; font-variant-caps: normal; orphans: 2; text-align: start; widows: 2; -webkit-text-stroke-width: 0px; text-decoration-style: initial; text-decoration-color: initial; word-spacing: 0px; margin: 0cm 0cm 7.9pt 0cm;\"><span style=\"font-size: 9.5pt; font-family: Helvetica;\"><strong>Rose<\/strong> &#8211; truffe aux amandes et au chocolat au lait avec de la cardamome et de l&#8217;eau de rose, enrob\u00e9e de chocolat blanc parsem\u00e9 de p\u00e9tales de rose.<\/span><\/p>\n<p style=\"background: white; vertical-align: baseline; box-sizing: border-box; font-variant-ligatures: normal; font-variant-caps: normal; orphans: 2; text-align: start; widows: 2; -webkit-text-stroke-width: 0px; text-decoration-style: initial; text-decoration-color: initial; word-spacing: 0px; margin: 0cm 0cm 7.9pt 0cm;\"><span style=\"font-size: 9.5pt; font-family: Helvetica;\"><strong>Violette<\/strong> &#8211; truffe de chocolat extra noir infus\u00e9e \u00e0 la violette, enrob\u00e9e de chocolat noir 72% et garnie de violettes s\u00e9ch\u00e9es.<\/span><\/p>\n<p style=\"background: white; vertical-align: baseline; box-sizing: border-box; font-variant-ligatures: normal; font-variant-caps: normal; orphans: 2; text-align: start; widows: 2; -webkit-text-stroke-width: 0px; text-decoration-style: initial; text-decoration-color: initial; word-spacing: 0px; margin: 0cm 0cm 7.9pt 0cm;\"><span style=\"font-size: 9.5pt; font-family: Helvetica;\"><strong>Fleur d&#8217;oranger<\/strong> &#8211; pistache et chocolat blanc m\u00e9lang\u00e9s \u00e0 la cannelle et \u00e0 la fleur d&#8217;oranger, enrob\u00e9s de chocolat au lait et parsem\u00e9s de pistaches.<\/span><\/p>\n<p style=\"background: white; vertical-align: baseline; box-sizing: border-box; font-variant-ligatures: normal; font-variant-caps: normal; orphans: 2; text-align: start; widows: 2; -webkit-text-stroke-width: 0px; text-decoration-style: initial; text-decoration-color: initial; word-spacing: 0px; margin: 0cm 0cm 7.9pt 0cm;\"><span style=\"font-size: 9.5pt; font-family: Helvetica;\"><strong>Jasmin<\/strong> &#8211; fleur de jasmin tremp\u00e9e dans de la cr\u00e8me, m\u00e9lang\u00e9e \u00e0 du miel et du chocolat noir, enrob\u00e9e de chocolat au lait et termin\u00e9e par une fleur de jasmin s\u00e9ch\u00e9e.<\/span><\/p>\n","protected":false},"featured_media":4356,"comment_status":"open","ping_status":"closed","template":"","meta":[],"product_brand":[],"product_cat":[160,79],"product_tag":[],"class_list":{"0":"post-4354","1":"product","2":"type-product","3":"status-publish","4":"has-post-thumbnail","6":"product_cat-boites-de-chocolats","7":"product_cat-chocolats","9":"first","10":"instock","11":"taxable","12":"shipping-taxable","13":"purchasable","14":"product-type-simple"},"yoast_head":"<!-- This site is optimized with the Yoast SEO Premium plugin v27.3 (Yoast SEO v27.3) - https:\/\/yoast.com\/product\/yoast-seo-premium-wordpress\/ -->\n<title>Truffes aux fleurs - 20 morceaux &#8226; suite88.com<\/title>\n<meta name=\"description\" content=\"Ces truffes aux fleurs sont un cadeau \u00e9l\u00e9gant. Une touche d\u00e9licate de parfums floraux naturels dans chaque truffe. Lavande, rose, jasmin, violette et fleur d&#039;oranger.\" \/>\n<meta name=\"robots\" content=\"index, follow, max-snippet:-1, max-image-preview:large, max-video-preview:-1\" \/>\n<link rel=\"canonical\" href=\"https:\/\/suite88.com\/fr\/produit\/truffes-aux-fleurs-20-morceaux\/\" \/>\n<meta property=\"og:locale\" content=\"fr_FR\" \/>\n<meta property=\"og:type\" content=\"article\" \/>\n<meta property=\"og:title\" content=\"Truffes aux fleurs - 20 morceaux\" \/>\n<meta property=\"og:description\" content=\"Ces truffes aux fleurs sont un cadeau \u00e9l\u00e9gant. Une touche d\u00e9licate de parfums floraux naturels dans chaque truffe. Lavande, rose, jasmin, violette et fleur d&#039;oranger.\" \/>\n<meta property=\"og:url\" content=\"https:\/\/suite88.com\/fr\/produit\/truffes-aux-fleurs-20-morceaux\/\" \/>\n<meta property=\"og:site_name\" content=\"suite88.com\" \/>\n<meta property=\"article:publisher\" content=\"https:\/\/www.facebook.com\/suite88\" \/>\n<meta property=\"article:modified_time\" content=\"2024-11-20T22:29:47+00:00\" \/>\n<meta property=\"og:image\" content=\"https:\/\/suite88.com\/wp-content\/uploads\/2021\/04\/large-florals.png\" \/>\n\t<meta property=\"og:image:width\" content=\"1500\" \/>\n\t<meta property=\"og:image:height\" content=\"1500\" \/>\n\t<meta property=\"og:image:type\" content=\"image\/png\" \/>\n<meta name=\"twitter:card\" content=\"summary_large_image\" \/>\n<meta name=\"twitter:label1\" content=\"Prix\" \/>\n\t<meta name=\"twitter:data1\" content=\"&#036;57,25\" \/>\n\t<meta name=\"twitter:label2\" content=\"Disponibilit\u00e9\" \/>\n\t<meta name=\"twitter:data2\" content=\"En stock\" \/>\n<script type=\"application\/ld+json\" class=\"yoast-schema-graph\">{\"@context\":\"https:\\\/\\\/schema.org\",\"@graph\":[{\"@type\":\"WebPage\",\"@id\":\"https:\\\/\\\/suite88.com\\\/fr\\\/produit\\\/truffes-aux-fleurs-20-morceaux\\\/\",\"url\":\"https:\\\/\\\/suite88.com\\\/fr\\\/produit\\\/truffes-aux-fleurs-20-morceaux\\\/\",\"name\":\"Truffes aux fleurs - 20 morceaux &#8226; suite88.com\",\"isPartOf\":{\"@id\":\"https:\\\/\\\/suite88.com\\\/fr\\\/#website\"},\"primaryImageOfPage\":{\"@id\":\"https:\\\/\\\/suite88.com\\\/fr\\\/produit\\\/truffes-aux-fleurs-20-morceaux\\\/#primaryimage\"},\"image\":{\"@id\":\"https:\\\/\\\/suite88.com\\\/fr\\\/produit\\\/truffes-aux-fleurs-20-morceaux\\\/#primaryimage\"},\"thumbnailUrl\":\"https:\\\/\\\/suite88.com\\\/wp-content\\\/uploads\\\/2021\\\/04\\\/large-florals.png\",\"datePublished\":\"2021-04-15T18:19:17+00:00\",\"dateModified\":\"2024-11-20T22:29:47+00:00\",\"description\":\"Ces truffes aux fleurs sont un cadeau \u00e9l\u00e9gant. Une touche d\u00e9licate de parfums floraux naturels dans chaque truffe. Lavande, rose, jasmin, violette et fleur d'oranger.\",\"breadcrumb\":{\"@id\":\"https:\\\/\\\/suite88.com\\\/fr\\\/produit\\\/truffes-aux-fleurs-20-morceaux\\\/#breadcrumb\"},\"inLanguage\":\"fr-FR\",\"potentialAction\":[{\"@type\":\"ReadAction\",\"target\":[\"https:\\\/\\\/suite88.com\\\/fr\\\/produit\\\/truffes-aux-fleurs-20-morceaux\\\/\"]}]},{\"@type\":\"ImageObject\",\"inLanguage\":\"fr-FR\",\"@id\":\"https:\\\/\\\/suite88.com\\\/fr\\\/produit\\\/truffes-aux-fleurs-20-morceaux\\\/#primaryimage\",\"url\":\"https:\\\/\\\/suite88.com\\\/wp-content\\\/uploads\\\/2021\\\/04\\\/large-florals.png\",\"contentUrl\":\"https:\\\/\\\/suite88.com\\\/wp-content\\\/uploads\\\/2021\\\/04\\\/large-florals.png\",\"width\":1500,\"height\":1500,\"caption\":\"Bo\u00eete de 20 pi\u00e8ces de truffes aux fleurs\"},{\"@type\":\"BreadcrumbList\",\"@id\":\"https:\\\/\\\/suite88.com\\\/fr\\\/produit\\\/truffes-aux-fleurs-20-morceaux\\\/#breadcrumb\",\"itemListElement\":[{\"@type\":\"ListItem\",\"position\":1,\"name\":\"Home\",\"item\":\"https:\\\/\\\/suite88.com\\\/fr\\\/\"},{\"@type\":\"ListItem\",\"position\":2,\"name\":\"Boutique\",\"item\":\"https:\\\/\\\/suite88.com\\\/fr\\\/boutique\\\/\"},{\"@type\":\"ListItem\",\"position\":3,\"name\":\"boites de chocolats\",\"item\":\"https:\\\/\\\/suite88.com\\\/fr\\\/categorie-produit\\\/boites-de-chocolats\\\/\"},{\"@type\":\"ListItem\",\"position\":4,\"name\":\"Truffes aux fleurs &#8211; 20 morceaux\"}]},{\"@type\":\"WebSite\",\"@id\":\"https:\\\/\\\/suite88.com\\\/fr\\\/#website\",\"url\":\"https:\\\/\\\/suite88.com\\\/fr\\\/\",\"name\":\"Suite 88 Chocolatier\",\"description\":\"Fine Belgian chocolate\",\"publisher\":{\"@id\":\"https:\\\/\\\/suite88.com\\\/fr\\\/#organization\"},\"potentialAction\":[{\"@type\":\"SearchAction\",\"target\":{\"@type\":\"EntryPoint\",\"urlTemplate\":\"https:\\\/\\\/suite88.com\\\/fr\\\/?s={search_term_string}\"},\"query-input\":{\"@type\":\"PropertyValueSpecification\",\"valueRequired\":true,\"valueName\":\"search_term_string\"}}],\"inLanguage\":\"fr-FR\"},{\"@type\":\"Organization\",\"@id\":\"https:\\\/\\\/suite88.com\\\/fr\\\/#organization\",\"name\":\"Suite 88 Chocolatier\",\"alternateName\":\"Suite 88\",\"url\":\"https:\\\/\\\/suite88.com\\\/fr\\\/\",\"logo\":{\"@type\":\"ImageObject\",\"inLanguage\":\"fr-FR\",\"@id\":\"https:\\\/\\\/suite88.com\\\/fr\\\/#\\\/schema\\\/logo\\\/image\\\/\",\"url\":\"https:\\\/\\\/suite88.com\\\/wp-content\\\/uploads\\\/2021\\\/04\\\/Suite-88-logo.png\",\"contentUrl\":\"https:\\\/\\\/suite88.com\\\/wp-content\\\/uploads\\\/2021\\\/04\\\/Suite-88-logo.png\",\"width\":1536,\"height\":1496,\"caption\":\"Suite 88 Chocolatier\"},\"image\":{\"@id\":\"https:\\\/\\\/suite88.com\\\/fr\\\/#\\\/schema\\\/logo\\\/image\\\/\"},\"sameAs\":[\"https:\\\/\\\/www.facebook.com\\\/suite88\",\"https:\\\/\\\/www.instagram.com\\\/suite88\\\/\",\"https:\\\/\\\/www.pinterest.ca\\\/suite88\\\/\"]}]}<\/script>\n<meta property=\"product:price:amount\" content=\"57.25\" \/>\n<meta property=\"product:price:currency\" content=\"CAD\" \/>\n<meta property=\"og:availability\" content=\"instock\" \/>\n<meta property=\"product:availability\" content=\"instock\" \/>\n<meta property=\"product:retailer_item_id\" content=\"S88-FT-20\" \/>\n<meta property=\"product:condition\" content=\"new\" \/>\n<!-- \/ Yoast SEO Premium plugin. -->","yoast_head_json":{"title":"Truffes aux fleurs - 20 morceaux &#8226; suite88.com","description":"Ces truffes aux fleurs sont un cadeau \u00e9l\u00e9gant. Une touche d\u00e9licate de parfums floraux naturels dans chaque truffe. Lavande, rose, jasmin, violette et fleur d'oranger.","robots":{"index":"index","follow":"follow","max-snippet":"max-snippet:-1","max-image-preview":"max-image-preview:large","max-video-preview":"max-video-preview:-1"},"canonical":"https:\/\/suite88.com\/fr\/produit\/truffes-aux-fleurs-20-morceaux\/","og_locale":"fr_FR","og_type":"article","og_title":"Truffes aux fleurs - 20 morceaux","og_description":"Ces truffes aux fleurs sont un cadeau \u00e9l\u00e9gant. Une touche d\u00e9licate de parfums floraux naturels dans chaque truffe. Lavande, rose, jasmin, violette et fleur d'oranger.","og_url":"https:\/\/suite88.com\/fr\/produit\/truffes-aux-fleurs-20-morceaux\/","og_site_name":"suite88.com","article_publisher":"https:\/\/www.facebook.com\/suite88","article_modified_time":"2024-11-20T22:29:47+00:00","og_image":[{"width":1500,"height":1500,"url":"https:\/\/suite88.com\/wp-content\/uploads\/2021\/04\/large-florals.png","type":"image\/png"}],"twitter_card":"summary_large_image","twitter_misc":{"Prix":"&#36;57,25","Disponibilit\u00e9":"En stock"},"schema":{"@context":"https:\/\/schema.org","@graph":[{"@type":"WebPage","@id":"https:\/\/suite88.com\/fr\/produit\/truffes-aux-fleurs-20-morceaux\/","url":"https:\/\/suite88.com\/fr\/produit\/truffes-aux-fleurs-20-morceaux\/","name":"Truffes aux fleurs - 20 morceaux &#8226; suite88.com","isPartOf":{"@id":"https:\/\/suite88.com\/fr\/#website"},"primaryImageOfPage":{"@id":"https:\/\/suite88.com\/fr\/produit\/truffes-aux-fleurs-20-morceaux\/#primaryimage"},"image":{"@id":"https:\/\/suite88.com\/fr\/produit\/truffes-aux-fleurs-20-morceaux\/#primaryimage"},"thumbnailUrl":"https:\/\/suite88.com\/wp-content\/uploads\/2021\/04\/large-florals.png","datePublished":"2021-04-15T18:19:17+00:00","dateModified":"2024-11-20T22:29:47+00:00","description":"Ces truffes aux fleurs sont un cadeau \u00e9l\u00e9gant. Une touche d\u00e9licate de parfums floraux naturels dans chaque truffe. Lavande, rose, jasmin, violette et fleur d'oranger.","breadcrumb":{"@id":"https:\/\/suite88.com\/fr\/produit\/truffes-aux-fleurs-20-morceaux\/#breadcrumb"},"inLanguage":"fr-FR","potentialAction":[{"@type":"ReadAction","target":["https:\/\/suite88.com\/fr\/produit\/truffes-aux-fleurs-20-morceaux\/"]}]},{"@type":"ImageObject","inLanguage":"fr-FR","@id":"https:\/\/suite88.com\/fr\/produit\/truffes-aux-fleurs-20-morceaux\/#primaryimage","url":"https:\/\/suite88.com\/wp-content\/uploads\/2021\/04\/large-florals.png","contentUrl":"https:\/\/suite88.com\/wp-content\/uploads\/2021\/04\/large-florals.png","width":1500,"height":1500,"caption":"Bo\u00eete de 20 pi\u00e8ces de truffes aux fleurs"},{"@type":"BreadcrumbList","@id":"https:\/\/suite88.com\/fr\/produit\/truffes-aux-fleurs-20-morceaux\/#breadcrumb","itemListElement":[{"@type":"ListItem","position":1,"name":"Home","item":"https:\/\/suite88.com\/fr\/"},{"@type":"ListItem","position":2,"name":"Boutique","item":"https:\/\/suite88.com\/fr\/boutique\/"},{"@type":"ListItem","position":3,"name":"boites de chocolats","item":"https:\/\/suite88.com\/fr\/categorie-produit\/boites-de-chocolats\/"},{"@type":"ListItem","position":4,"name":"Truffes aux fleurs &#8211; 20 morceaux"}]},{"@type":"WebSite","@id":"https:\/\/suite88.com\/fr\/#website","url":"https:\/\/suite88.com\/fr\/","name":"Suite 88 Chocolatier","description":"Fine Belgian chocolate","publisher":{"@id":"https:\/\/suite88.com\/fr\/#organization"},"potentialAction":[{"@type":"SearchAction","target":{"@type":"EntryPoint","urlTemplate":"https:\/\/suite88.com\/fr\/?s={search_term_string}"},"query-input":{"@type":"PropertyValueSpecification","valueRequired":true,"valueName":"search_term_string"}}],"inLanguage":"fr-FR"},{"@type":"Organization","@id":"https:\/\/suite88.com\/fr\/#organization","name":"Suite 88 Chocolatier","alternateName":"Suite 88","url":"https:\/\/suite88.com\/fr\/","logo":{"@type":"ImageObject","inLanguage":"fr-FR","@id":"https:\/\/suite88.com\/fr\/#\/schema\/logo\/image\/","url":"https:\/\/suite88.com\/wp-content\/uploads\/2021\/04\/Suite-88-logo.png","contentUrl":"https:\/\/suite88.com\/wp-content\/uploads\/2021\/04\/Suite-88-logo.png","width":1536,"height":1496,"caption":"Suite 88 Chocolatier"},"image":{"@id":"https:\/\/suite88.com\/fr\/#\/schema\/logo\/image\/"},"sameAs":["https:\/\/www.facebook.com\/suite88","https:\/\/www.instagram.com\/suite88\/","https:\/\/www.pinterest.ca\/suite88\/"]}]},"product_price_amount":"57.25","product_price_currency":"CAD","og_availability":"instock","product_availability":"instock","product_retailer_item_id":"S88-FT-20","product_condition":"new"},"_links":{"self":[{"href":"https:\/\/suite88.com\/fr\/wp-json\/wp\/v2\/product\/4354","targetHints":{"allow":["GET"]}}],"collection":[{"href":"https:\/\/suite88.com\/fr\/wp-json\/wp\/v2\/product"}],"about":[{"href":"https:\/\/suite88.com\/fr\/wp-json\/wp\/v2\/types\/product"}],"replies":[{"embeddable":true,"href":"https:\/\/suite88.com\/fr\/wp-json\/wp\/v2\/comments?post=4354"}],"wp:featuredmedia":[{"embeddable":true,"href":"https:\/\/suite88.com\/fr\/wp-json\/wp\/v2\/media\/4356"}],"wp:attachment":[{"href":"https:\/\/suite88.com\/fr\/wp-json\/wp\/v2\/media?parent=4354"}],"wp:term":[{"taxonomy":"product_brand","embeddable":true,"href":"https:\/\/suite88.com\/fr\/wp-json\/wp\/v2\/product_brand?post=4354"},{"taxonomy":"product_cat","embeddable":true,"href":"https:\/\/suite88.com\/fr\/wp-json\/wp\/v2\/product_cat?post=4354"},{"taxonomy":"product_tag","embeddable":true,"href":"https:\/\/suite88.com\/fr\/wp-json\/wp\/v2\/product_tag?post=4354"}],"curies":[{"name":"wp","href":"https:\/\/api.w.org\/{rel}","templated":true}]}}