{"id":4608,"date":"2021-05-01T20:23:32","date_gmt":"2021-05-01T20:28:06","guid":{"rendered":"https:\/\/78a977976c.nxcli.net\/product\/ecorce-de-caramel-au-chocolat-au-lait-et-aux-pacanes\/"},"modified":"2024-11-20T18:14:36","modified_gmt":"2024-11-20T23:14:36","slug":"ecorces-chocolat-au-lait-caramel-aux-pacanes","status":"publish","type":"product","link":"https:\/\/suite88.com\/fr\/produit\/ecorces-chocolat-au-lait-caramel-aux-pacanes\/","title":{"rendered":"\u00c9corce de caramel au noix de p\u00e9can au chocolat au lait"},"content":{"rendered":"","protected":false},"excerpt":{"rendered":"<p>L\u2019\u00e9corce de caramel aux noix de p\u00e9can au chocolat au lait associe le caramel aux noix de p\u00e9can croquant au chocolat au lait cr\u00e9meux. Les noix de p\u00e9can \u00e9quilibrent la douceur du chocolat et du caramel dans cette d\u00e9licieuse g\u00e2terie.<\/p>\n","protected":false},"featured_media":4604,"comment_status":"open","ping_status":"closed","template":"","meta":[],"product_brand":[],"product_cat":[160,79,208],"product_tag":[],"class_list":{"0":"post-4608","1":"product","2":"type-product","3":"status-publish","4":"has-post-thumbnail","6":"product_cat-boites-de-chocolats","7":"product_cat-chocolats","8":"product_cat-les-ecorces","10":"first","11":"instock","12":"taxable","13":"shipping-taxable","14":"purchasable","15":"product-type-simple"},"yoast_head":"<!-- This site is optimized with the Yoast SEO Premium plugin v27.3 (Yoast SEO v27.3) - https:\/\/yoast.com\/product\/yoast-seo-premium-wordpress\/ -->\n<title>\u00c9corce de caramel au noix de p\u00e9can au chocolat au lait &#8226; suite88.com<\/title>\n<meta name=\"description\" content=\"L\u2019\u00e9corce de caramel aux noix de p\u00e9can au chocolat au lait associe le caramel aux noix de p\u00e9can croquant au chocolat au lait cr\u00e9meux. Les noix de p\u00e9can \u00e9quilibrent la douceur du chocolat et du caramel dans cette d\u00e9licieuse g\u00e2terie.\" \/>\n<meta name=\"robots\" content=\"index, follow, max-snippet:-1, max-image-preview:large, max-video-preview:-1\" \/>\n<link rel=\"canonical\" href=\"https:\/\/suite88.com\/fr\/produit\/ecorces-chocolat-au-lait-caramel-aux-pacanes\/\" \/>\n<meta property=\"og:locale\" content=\"fr_FR\" \/>\n<meta property=\"og:type\" content=\"article\" \/>\n<meta property=\"og:title\" content=\"\u00c9corce de caramel au noix de p\u00e9can au chocolat au lait\" \/>\n<meta property=\"og:description\" content=\"L\u2019\u00e9corce de caramel aux noix de p\u00e9can au chocolat au lait associe le caramel aux noix de p\u00e9can croquant au chocolat au lait cr\u00e9meux. Les noix de p\u00e9can \u00e9quilibrent la douceur du chocolat et du caramel dans cette d\u00e9licieuse g\u00e2terie.\" \/>\n<meta property=\"og:url\" content=\"https:\/\/suite88.com\/fr\/produit\/ecorces-chocolat-au-lait-caramel-aux-pacanes\/\" \/>\n<meta property=\"og:site_name\" content=\"suite88.com\" \/>\n<meta property=\"article:publisher\" content=\"https:\/\/www.facebook.com\/suite88\" \/>\n<meta property=\"article:modified_time\" content=\"2024-11-20T23:14:36+00:00\" \/>\n<meta property=\"og:image\" content=\"https:\/\/suite88.com\/wp-content\/uploads\/2021\/05\/milk-pecan-toffee-bark.jpg\" \/>\n\t<meta property=\"og:image:width\" content=\"1500\" \/>\n\t<meta property=\"og:image:height\" content=\"1500\" \/>\n\t<meta property=\"og:image:type\" content=\"image\/jpeg\" \/>\n<meta name=\"twitter:card\" content=\"summary_large_image\" \/>\n<meta name=\"twitter:label1\" content=\"Prix\" \/>\n\t<meta name=\"twitter:data1\" content=\"&#036;28,00\" \/>\n\t<meta name=\"twitter:label2\" content=\"Disponibilit\u00e9\" \/>\n\t<meta name=\"twitter:data2\" content=\"En stock\" \/>\n<script type=\"application\/ld+json\" class=\"yoast-schema-graph\">{\"@context\":\"https:\\\/\\\/schema.org\",\"@graph\":[{\"@type\":\"WebPage\",\"@id\":\"https:\\\/\\\/suite88.com\\\/fr\\\/produit\\\/ecorces-chocolat-au-lait-caramel-aux-pacanes\\\/\",\"url\":\"https:\\\/\\\/suite88.com\\\/fr\\\/produit\\\/ecorces-chocolat-au-lait-caramel-aux-pacanes\\\/\",\"name\":\"\u00c9corce de caramel au noix de p\u00e9can au chocolat au lait &#8226; suite88.com\",\"isPartOf\":{\"@id\":\"https:\\\/\\\/suite88.com\\\/fr\\\/#website\"},\"primaryImageOfPage\":{\"@id\":\"https:\\\/\\\/suite88.com\\\/fr\\\/produit\\\/ecorces-chocolat-au-lait-caramel-aux-pacanes\\\/#primaryimage\"},\"image\":{\"@id\":\"https:\\\/\\\/suite88.com\\\/fr\\\/produit\\\/ecorces-chocolat-au-lait-caramel-aux-pacanes\\\/#primaryimage\"},\"thumbnailUrl\":\"https:\\\/\\\/suite88.com\\\/wp-content\\\/uploads\\\/2021\\\/05\\\/milk-pecan-toffee-bark.jpg\",\"datePublished\":\"2021-05-01T20:28:06+00:00\",\"dateModified\":\"2024-11-20T23:14:36+00:00\",\"description\":\"L\u2019\u00e9corce de caramel aux noix de p\u00e9can au chocolat au lait associe le caramel aux noix de p\u00e9can croquant au chocolat au lait cr\u00e9meux. Les noix de p\u00e9can \u00e9quilibrent la douceur du chocolat et du caramel dans cette d\u00e9licieuse g\u00e2terie.\",\"breadcrumb\":{\"@id\":\"https:\\\/\\\/suite88.com\\\/fr\\\/produit\\\/ecorces-chocolat-au-lait-caramel-aux-pacanes\\\/#breadcrumb\"},\"inLanguage\":\"fr-FR\",\"potentialAction\":[{\"@type\":\"ReadAction\",\"target\":[\"https:\\\/\\\/suite88.com\\\/fr\\\/produit\\\/ecorces-chocolat-au-lait-caramel-aux-pacanes\\\/\"]}]},{\"@type\":\"ImageObject\",\"inLanguage\":\"fr-FR\",\"@id\":\"https:\\\/\\\/suite88.com\\\/fr\\\/produit\\\/ecorces-chocolat-au-lait-caramel-aux-pacanes\\\/#primaryimage\",\"url\":\"https:\\\/\\\/suite88.com\\\/wp-content\\\/uploads\\\/2021\\\/05\\\/milk-pecan-toffee-bark.jpg\",\"contentUrl\":\"https:\\\/\\\/suite88.com\\\/wp-content\\\/uploads\\\/2021\\\/05\\\/milk-pecan-toffee-bark.jpg\",\"width\":1500,\"height\":1500,\"caption\":\"\u00e9corce de caramel au chocolat au lait et aux pacanes\"},{\"@type\":\"BreadcrumbList\",\"@id\":\"https:\\\/\\\/suite88.com\\\/fr\\\/produit\\\/ecorces-chocolat-au-lait-caramel-aux-pacanes\\\/#breadcrumb\",\"itemListElement\":[{\"@type\":\"ListItem\",\"position\":1,\"name\":\"Home\",\"item\":\"https:\\\/\\\/suite88.com\\\/fr\\\/\"},{\"@type\":\"ListItem\",\"position\":2,\"name\":\"Boutique\",\"item\":\"https:\\\/\\\/suite88.com\\\/fr\\\/boutique\\\/\"},{\"@type\":\"ListItem\",\"position\":3,\"name\":\"boites de chocolats\",\"item\":\"https:\\\/\\\/suite88.com\\\/fr\\\/categorie-produit\\\/boites-de-chocolats\\\/\"},{\"@type\":\"ListItem\",\"position\":4,\"name\":\"Les \u00c9corces\",\"item\":\"https:\\\/\\\/suite88.com\\\/fr\\\/categorie-produit\\\/boites-de-chocolats\\\/les-ecorces\\\/\"},{\"@type\":\"ListItem\",\"position\":5,\"name\":\"\u00c9corce de caramel au noix de p\u00e9can au chocolat au lait\"}]},{\"@type\":\"WebSite\",\"@id\":\"https:\\\/\\\/suite88.com\\\/fr\\\/#website\",\"url\":\"https:\\\/\\\/suite88.com\\\/fr\\\/\",\"name\":\"Suite 88 Chocolatier\",\"description\":\"Fine Belgian chocolate\",\"publisher\":{\"@id\":\"https:\\\/\\\/suite88.com\\\/fr\\\/#organization\"},\"potentialAction\":[{\"@type\":\"SearchAction\",\"target\":{\"@type\":\"EntryPoint\",\"urlTemplate\":\"https:\\\/\\\/suite88.com\\\/fr\\\/?s={search_term_string}\"},\"query-input\":{\"@type\":\"PropertyValueSpecification\",\"valueRequired\":true,\"valueName\":\"search_term_string\"}}],\"inLanguage\":\"fr-FR\"},{\"@type\":\"Organization\",\"@id\":\"https:\\\/\\\/suite88.com\\\/fr\\\/#organization\",\"name\":\"Suite 88 Chocolatier\",\"alternateName\":\"Suite 88\",\"url\":\"https:\\\/\\\/suite88.com\\\/fr\\\/\",\"logo\":{\"@type\":\"ImageObject\",\"inLanguage\":\"fr-FR\",\"@id\":\"https:\\\/\\\/suite88.com\\\/fr\\\/#\\\/schema\\\/logo\\\/image\\\/\",\"url\":\"https:\\\/\\\/suite88.com\\\/wp-content\\\/uploads\\\/2021\\\/04\\\/Suite-88-logo.png\",\"contentUrl\":\"https:\\\/\\\/suite88.com\\\/wp-content\\\/uploads\\\/2021\\\/04\\\/Suite-88-logo.png\",\"width\":1536,\"height\":1496,\"caption\":\"Suite 88 Chocolatier\"},\"image\":{\"@id\":\"https:\\\/\\\/suite88.com\\\/fr\\\/#\\\/schema\\\/logo\\\/image\\\/\"},\"sameAs\":[\"https:\\\/\\\/www.facebook.com\\\/suite88\",\"https:\\\/\\\/www.instagram.com\\\/suite88\\\/\",\"https:\\\/\\\/www.pinterest.ca\\\/suite88\\\/\"]}]}<\/script>\n<meta property=\"product:price:amount\" content=\"28.00\" \/>\n<meta property=\"product:price:currency\" content=\"CAD\" \/>\n<meta property=\"og:availability\" content=\"instock\" \/>\n<meta property=\"product:availability\" content=\"instock\" \/>\n<meta property=\"product:retailer_item_id\" content=\"S88-PTB-250\" \/>\n<meta property=\"product:condition\" content=\"new\" \/>\n<!-- \/ Yoast SEO Premium plugin. -->","yoast_head_json":{"title":"\u00c9corce de caramel au noix de p\u00e9can au chocolat au lait &#8226; suite88.com","description":"L\u2019\u00e9corce de caramel aux noix de p\u00e9can au chocolat au lait associe le caramel aux noix de p\u00e9can croquant au chocolat au lait cr\u00e9meux. Les noix de p\u00e9can \u00e9quilibrent la douceur du chocolat et du caramel dans cette d\u00e9licieuse g\u00e2terie.","robots":{"index":"index","follow":"follow","max-snippet":"max-snippet:-1","max-image-preview":"max-image-preview:large","max-video-preview":"max-video-preview:-1"},"canonical":"https:\/\/suite88.com\/fr\/produit\/ecorces-chocolat-au-lait-caramel-aux-pacanes\/","og_locale":"fr_FR","og_type":"article","og_title":"\u00c9corce de caramel au noix de p\u00e9can au chocolat au lait","og_description":"L\u2019\u00e9corce de caramel aux noix de p\u00e9can au chocolat au lait associe le caramel aux noix de p\u00e9can croquant au chocolat au lait cr\u00e9meux. Les noix de p\u00e9can \u00e9quilibrent la douceur du chocolat et du caramel dans cette d\u00e9licieuse g\u00e2terie.","og_url":"https:\/\/suite88.com\/fr\/produit\/ecorces-chocolat-au-lait-caramel-aux-pacanes\/","og_site_name":"suite88.com","article_publisher":"https:\/\/www.facebook.com\/suite88","article_modified_time":"2024-11-20T23:14:36+00:00","og_image":[{"width":1500,"height":1500,"url":"https:\/\/suite88.com\/wp-content\/uploads\/2021\/05\/milk-pecan-toffee-bark.jpg","type":"image\/jpeg"}],"twitter_card":"summary_large_image","twitter_misc":{"Prix":"&#36;28,00","Disponibilit\u00e9":"En stock"},"schema":{"@context":"https:\/\/schema.org","@graph":[{"@type":"WebPage","@id":"https:\/\/suite88.com\/fr\/produit\/ecorces-chocolat-au-lait-caramel-aux-pacanes\/","url":"https:\/\/suite88.com\/fr\/produit\/ecorces-chocolat-au-lait-caramel-aux-pacanes\/","name":"\u00c9corce de caramel au noix de p\u00e9can au chocolat au lait &#8226; suite88.com","isPartOf":{"@id":"https:\/\/suite88.com\/fr\/#website"},"primaryImageOfPage":{"@id":"https:\/\/suite88.com\/fr\/produit\/ecorces-chocolat-au-lait-caramel-aux-pacanes\/#primaryimage"},"image":{"@id":"https:\/\/suite88.com\/fr\/produit\/ecorces-chocolat-au-lait-caramel-aux-pacanes\/#primaryimage"},"thumbnailUrl":"https:\/\/suite88.com\/wp-content\/uploads\/2021\/05\/milk-pecan-toffee-bark.jpg","datePublished":"2021-05-01T20:28:06+00:00","dateModified":"2024-11-20T23:14:36+00:00","description":"L\u2019\u00e9corce de caramel aux noix de p\u00e9can au chocolat au lait associe le caramel aux noix de p\u00e9can croquant au chocolat au lait cr\u00e9meux. Les noix de p\u00e9can \u00e9quilibrent la douceur du chocolat et du caramel dans cette d\u00e9licieuse g\u00e2terie.","breadcrumb":{"@id":"https:\/\/suite88.com\/fr\/produit\/ecorces-chocolat-au-lait-caramel-aux-pacanes\/#breadcrumb"},"inLanguage":"fr-FR","potentialAction":[{"@type":"ReadAction","target":["https:\/\/suite88.com\/fr\/produit\/ecorces-chocolat-au-lait-caramel-aux-pacanes\/"]}]},{"@type":"ImageObject","inLanguage":"fr-FR","@id":"https:\/\/suite88.com\/fr\/produit\/ecorces-chocolat-au-lait-caramel-aux-pacanes\/#primaryimage","url":"https:\/\/suite88.com\/wp-content\/uploads\/2021\/05\/milk-pecan-toffee-bark.jpg","contentUrl":"https:\/\/suite88.com\/wp-content\/uploads\/2021\/05\/milk-pecan-toffee-bark.jpg","width":1500,"height":1500,"caption":"\u00e9corce de caramel au chocolat au lait et aux pacanes"},{"@type":"BreadcrumbList","@id":"https:\/\/suite88.com\/fr\/produit\/ecorces-chocolat-au-lait-caramel-aux-pacanes\/#breadcrumb","itemListElement":[{"@type":"ListItem","position":1,"name":"Home","item":"https:\/\/suite88.com\/fr\/"},{"@type":"ListItem","position":2,"name":"Boutique","item":"https:\/\/suite88.com\/fr\/boutique\/"},{"@type":"ListItem","position":3,"name":"boites de chocolats","item":"https:\/\/suite88.com\/fr\/categorie-produit\/boites-de-chocolats\/"},{"@type":"ListItem","position":4,"name":"Les \u00c9corces","item":"https:\/\/suite88.com\/fr\/categorie-produit\/boites-de-chocolats\/les-ecorces\/"},{"@type":"ListItem","position":5,"name":"\u00c9corce de caramel au noix de p\u00e9can au chocolat au lait"}]},{"@type":"WebSite","@id":"https:\/\/suite88.com\/fr\/#website","url":"https:\/\/suite88.com\/fr\/","name":"Suite 88 Chocolatier","description":"Fine Belgian chocolate","publisher":{"@id":"https:\/\/suite88.com\/fr\/#organization"},"potentialAction":[{"@type":"SearchAction","target":{"@type":"EntryPoint","urlTemplate":"https:\/\/suite88.com\/fr\/?s={search_term_string}"},"query-input":{"@type":"PropertyValueSpecification","valueRequired":true,"valueName":"search_term_string"}}],"inLanguage":"fr-FR"},{"@type":"Organization","@id":"https:\/\/suite88.com\/fr\/#organization","name":"Suite 88 Chocolatier","alternateName":"Suite 88","url":"https:\/\/suite88.com\/fr\/","logo":{"@type":"ImageObject","inLanguage":"fr-FR","@id":"https:\/\/suite88.com\/fr\/#\/schema\/logo\/image\/","url":"https:\/\/suite88.com\/wp-content\/uploads\/2021\/04\/Suite-88-logo.png","contentUrl":"https:\/\/suite88.com\/wp-content\/uploads\/2021\/04\/Suite-88-logo.png","width":1536,"height":1496,"caption":"Suite 88 Chocolatier"},"image":{"@id":"https:\/\/suite88.com\/fr\/#\/schema\/logo\/image\/"},"sameAs":["https:\/\/www.facebook.com\/suite88","https:\/\/www.instagram.com\/suite88\/","https:\/\/www.pinterest.ca\/suite88\/"]}]},"product_price_amount":"28.00","product_price_currency":"CAD","og_availability":"instock","product_availability":"instock","product_retailer_item_id":"S88-PTB-250","product_condition":"new"},"_links":{"self":[{"href":"https:\/\/suite88.com\/fr\/wp-json\/wp\/v2\/product\/4608","targetHints":{"allow":["GET"]}}],"collection":[{"href":"https:\/\/suite88.com\/fr\/wp-json\/wp\/v2\/product"}],"about":[{"href":"https:\/\/suite88.com\/fr\/wp-json\/wp\/v2\/types\/product"}],"replies":[{"embeddable":true,"href":"https:\/\/suite88.com\/fr\/wp-json\/wp\/v2\/comments?post=4608"}],"wp:featuredmedia":[{"embeddable":true,"href":"https:\/\/suite88.com\/fr\/wp-json\/wp\/v2\/media\/4604"}],"wp:attachment":[{"href":"https:\/\/suite88.com\/fr\/wp-json\/wp\/v2\/media?parent=4608"}],"wp:term":[{"taxonomy":"product_brand","embeddable":true,"href":"https:\/\/suite88.com\/fr\/wp-json\/wp\/v2\/product_brand?post=4608"},{"taxonomy":"product_cat","embeddable":true,"href":"https:\/\/suite88.com\/fr\/wp-json\/wp\/v2\/product_cat?post=4608"},{"taxonomy":"product_tag","embeddable":true,"href":"https:\/\/suite88.com\/fr\/wp-json\/wp\/v2\/product_tag?post=4608"}],"curies":[{"name":"wp","href":"https:\/\/api.w.org\/{rel}","templated":true}]}}