{"id":4875,"date":"2021-10-25T01:58:16","date_gmt":"2021-10-25T06:58:16","guid":{"rendered":"https:\/\/suite88.com\/product\/chocolats-et-vin-blanc\/"},"modified":"2026-01-09T16:17:16","modified_gmt":"2026-01-09T21:17:16","slug":"chocolat-et-vin-blanc","status":"publish","type":"product","link":"https:\/\/suite88.com\/fr\/produit\/chocolat-et-vin-blanc\/","title":{"rendered":"Coffret vin blanc"},"content":{"rendered":"<p class=\"p1\">PRALIN\u00c9 \u00e0 la PISTACHE Beurre de pistache maison sucr\u00e9 au miel et m\u00e9lang\u00e9 avec du chocolat au lait. La richesse se marie \u00e0 merveille avec un Sauvignon Blanc frais et fruit\u00e9.<\/p>\n<p class=\"p1\">SABL\u00c9 AU CITRON \u2013 Des sabl\u00e9s au beurre et du citron acidul\u00e9 au chocolat blanc compl\u00e8tent les notes de citron et de pomme dans un Pinot Grigio.<\/p>\n<p class=\"p1\">GINGEMBRE \u2013 La ganache au chocolat au lait sucr\u00e9e enrichie de gingembre \u00e9pic\u00e9 se marie avec les saveurs de fruits du verger d\u2019un Riesling sucr\u00e9.<\/p>\n<p>&nbsp;<\/p>\n","protected":false},"excerpt":{"rendered":"<p><strong>Coffret vin blanc !<\/strong> Une s\u00e9lection de chocolats sp\u00e9cialement cr\u00e9\u00e9s pour \u00eatre associ\u00e9s \u00e0 des vins blancs. Ajoutez un peu de fun \u00e0 votre prochaine r\u00e9union avec votre famille ou vos amis. Guide de d\u00e9gustation inclus.<\/p>\n<p>&nbsp;<\/p>\n","protected":false},"featured_media":11136,"comment_status":"open","ping_status":"closed","template":"","meta":[],"product_brand":[],"product_cat":[160,79,219],"product_tag":[],"class_list":{"0":"post-4875","1":"product","2":"type-product","3":"status-publish","4":"has-post-thumbnail","6":"product_cat-boites-de-chocolats","7":"product_cat-chocolats","8":"product_cat-vin-et-whisky","10":"first","11":"instock","12":"taxable","13":"shipping-taxable","14":"purchasable","15":"product-type-simple"},"yoast_head":"<!-- This site is optimized with the Yoast SEO Premium plugin v27.3 (Yoast SEO v27.3) - https:\/\/yoast.com\/product\/yoast-seo-premium-wordpress\/ -->\n<title>Coffret vin blanc &#8226; suite88.com<\/title>\n<meta name=\"description\" content=\"Coffret vin blanc ! Une s\u00e9lection de chocolats sp\u00e9cialement cr\u00e9\u00e9s pour \u00eatre associ\u00e9s \u00e0 des vins blancs. Ajoutez un peu de fun \u00e0 votre prochaine r\u00e9union de famille ou d&#039;amis.\" \/>\n<meta name=\"robots\" content=\"index, follow, max-snippet:-1, max-image-preview:large, max-video-preview:-1\" \/>\n<link rel=\"canonical\" href=\"https:\/\/suite88.com\/fr\/produit\/chocolat-et-vin-blanc\/\" \/>\n<meta property=\"og:locale\" content=\"fr_FR\" \/>\n<meta property=\"og:type\" content=\"article\" \/>\n<meta property=\"og:title\" content=\"Coffret vin blanc\" \/>\n<meta property=\"og:description\" content=\"Coffret vin blanc ! Une s\u00e9lection de chocolats sp\u00e9cialement cr\u00e9\u00e9s pour \u00eatre associ\u00e9s \u00e0 des vins blancs. Ajoutez un peu de fun \u00e0 votre prochaine r\u00e9union de famille ou d&#039;amis.\" \/>\n<meta property=\"og:url\" content=\"https:\/\/suite88.com\/fr\/produit\/chocolat-et-vin-blanc\/\" \/>\n<meta property=\"og:site_name\" content=\"suite88.com\" \/>\n<meta property=\"article:publisher\" content=\"https:\/\/www.facebook.com\/suite88\" \/>\n<meta property=\"article:modified_time\" content=\"2026-01-09T21:17:16+00:00\" \/>\n<meta property=\"og:image\" content=\"https:\/\/suite88.com\/wp-content\/uploads\/2021\/10\/white-wine-box-new.jpg\" \/>\n\t<meta property=\"og:image:width\" content=\"1000\" \/>\n\t<meta property=\"og:image:height\" content=\"1000\" \/>\n\t<meta property=\"og:image:type\" content=\"image\/jpeg\" \/>\n<meta name=\"twitter:card\" content=\"summary_large_image\" \/>\n<meta name=\"twitter:label1\" content=\"Prix\" \/>\n\t<meta name=\"twitter:data1\" content=\"&#036;25,00\" \/>\n\t<meta name=\"twitter:label2\" content=\"Disponibilit\u00e9\" \/>\n\t<meta name=\"twitter:data2\" content=\"En stock\" \/>\n<script type=\"application\/ld+json\" class=\"yoast-schema-graph\">{\"@context\":\"https:\\\/\\\/schema.org\",\"@graph\":[{\"@type\":\"WebPage\",\"@id\":\"https:\\\/\\\/suite88.com\\\/fr\\\/produit\\\/chocolat-et-vin-blanc\\\/\",\"url\":\"https:\\\/\\\/suite88.com\\\/fr\\\/produit\\\/chocolat-et-vin-blanc\\\/\",\"name\":\"Coffret vin blanc &#8226; suite88.com\",\"isPartOf\":{\"@id\":\"https:\\\/\\\/suite88.com\\\/fr\\\/#website\"},\"primaryImageOfPage\":{\"@id\":\"https:\\\/\\\/suite88.com\\\/fr\\\/produit\\\/chocolat-et-vin-blanc\\\/#primaryimage\"},\"image\":{\"@id\":\"https:\\\/\\\/suite88.com\\\/fr\\\/produit\\\/chocolat-et-vin-blanc\\\/#primaryimage\"},\"thumbnailUrl\":\"https:\\\/\\\/suite88.com\\\/wp-content\\\/uploads\\\/2021\\\/10\\\/white-wine-box-new.jpg\",\"datePublished\":\"2021-10-25T06:58:16+00:00\",\"dateModified\":\"2026-01-09T21:17:16+00:00\",\"description\":\"Coffret vin blanc ! Une s\u00e9lection de chocolats sp\u00e9cialement cr\u00e9\u00e9s pour \u00eatre associ\u00e9s \u00e0 des vins blancs. Ajoutez un peu de fun \u00e0 votre prochaine r\u00e9union de famille ou d'amis.\",\"breadcrumb\":{\"@id\":\"https:\\\/\\\/suite88.com\\\/fr\\\/produit\\\/chocolat-et-vin-blanc\\\/#breadcrumb\"},\"inLanguage\":\"fr-FR\",\"potentialAction\":[{\"@type\":\"ReadAction\",\"target\":[\"https:\\\/\\\/suite88.com\\\/fr\\\/produit\\\/chocolat-et-vin-blanc\\\/\"]}]},{\"@type\":\"ImageObject\",\"inLanguage\":\"fr-FR\",\"@id\":\"https:\\\/\\\/suite88.com\\\/fr\\\/produit\\\/chocolat-et-vin-blanc\\\/#primaryimage\",\"url\":\"https:\\\/\\\/suite88.com\\\/wp-content\\\/uploads\\\/2021\\\/10\\\/white-wine-box-new.jpg\",\"contentUrl\":\"https:\\\/\\\/suite88.com\\\/wp-content\\\/uploads\\\/2021\\\/10\\\/white-wine-box-new.jpg\",\"width\":1000,\"height\":1000,\"caption\":\"boite vin blanc et chocolats\"},{\"@type\":\"BreadcrumbList\",\"@id\":\"https:\\\/\\\/suite88.com\\\/fr\\\/produit\\\/chocolat-et-vin-blanc\\\/#breadcrumb\",\"itemListElement\":[{\"@type\":\"ListItem\",\"position\":1,\"name\":\"Home\",\"item\":\"https:\\\/\\\/suite88.com\\\/fr\\\/\"},{\"@type\":\"ListItem\",\"position\":2,\"name\":\"Boutique\",\"item\":\"https:\\\/\\\/suite88.com\\\/fr\\\/boutique\\\/\"},{\"@type\":\"ListItem\",\"position\":3,\"name\":\"boites de chocolats\",\"item\":\"https:\\\/\\\/suite88.com\\\/fr\\\/categorie-produit\\\/boites-de-chocolats\\\/\"},{\"@type\":\"ListItem\",\"position\":4,\"name\":\"vin et whisky\",\"item\":\"https:\\\/\\\/suite88.com\\\/fr\\\/categorie-produit\\\/boites-de-chocolats\\\/vin-et-whisky\\\/\"},{\"@type\":\"ListItem\",\"position\":5,\"name\":\"Coffret vin blanc\"}]},{\"@type\":\"WebSite\",\"@id\":\"https:\\\/\\\/suite88.com\\\/fr\\\/#website\",\"url\":\"https:\\\/\\\/suite88.com\\\/fr\\\/\",\"name\":\"Suite 88 Chocolatier\",\"description\":\"Fine Belgian chocolate\",\"publisher\":{\"@id\":\"https:\\\/\\\/suite88.com\\\/fr\\\/#organization\"},\"potentialAction\":[{\"@type\":\"SearchAction\",\"target\":{\"@type\":\"EntryPoint\",\"urlTemplate\":\"https:\\\/\\\/suite88.com\\\/fr\\\/?s={search_term_string}\"},\"query-input\":{\"@type\":\"PropertyValueSpecification\",\"valueRequired\":true,\"valueName\":\"search_term_string\"}}],\"inLanguage\":\"fr-FR\"},{\"@type\":\"Organization\",\"@id\":\"https:\\\/\\\/suite88.com\\\/fr\\\/#organization\",\"name\":\"Suite 88 Chocolatier\",\"alternateName\":\"Suite 88\",\"url\":\"https:\\\/\\\/suite88.com\\\/fr\\\/\",\"logo\":{\"@type\":\"ImageObject\",\"inLanguage\":\"fr-FR\",\"@id\":\"https:\\\/\\\/suite88.com\\\/fr\\\/#\\\/schema\\\/logo\\\/image\\\/\",\"url\":\"https:\\\/\\\/suite88.com\\\/wp-content\\\/uploads\\\/2021\\\/04\\\/Suite-88-logo.png\",\"contentUrl\":\"https:\\\/\\\/suite88.com\\\/wp-content\\\/uploads\\\/2021\\\/04\\\/Suite-88-logo.png\",\"width\":1536,\"height\":1496,\"caption\":\"Suite 88 Chocolatier\"},\"image\":{\"@id\":\"https:\\\/\\\/suite88.com\\\/fr\\\/#\\\/schema\\\/logo\\\/image\\\/\"},\"sameAs\":[\"https:\\\/\\\/www.facebook.com\\\/suite88\",\"https:\\\/\\\/www.instagram.com\\\/suite88\\\/\",\"https:\\\/\\\/www.pinterest.ca\\\/suite88\\\/\"]}]}<\/script>\n<meta property=\"product:price:amount\" content=\"25.00\" \/>\n<meta property=\"product:price:currency\" content=\"CAD\" \/>\n<meta property=\"og:availability\" content=\"instock\" \/>\n<meta property=\"product:availability\" content=\"instock\" \/>\n<meta property=\"product:retailer_item_id\" content=\"S88-WACW\" \/>\n<meta property=\"product:condition\" content=\"new\" \/>\n<!-- \/ Yoast SEO Premium plugin. -->","yoast_head_json":{"title":"Coffret vin blanc &#8226; suite88.com","description":"Coffret vin blanc ! Une s\u00e9lection de chocolats sp\u00e9cialement cr\u00e9\u00e9s pour \u00eatre associ\u00e9s \u00e0 des vins blancs. Ajoutez un peu de fun \u00e0 votre prochaine r\u00e9union de famille ou d'amis.","robots":{"index":"index","follow":"follow","max-snippet":"max-snippet:-1","max-image-preview":"max-image-preview:large","max-video-preview":"max-video-preview:-1"},"canonical":"https:\/\/suite88.com\/fr\/produit\/chocolat-et-vin-blanc\/","og_locale":"fr_FR","og_type":"article","og_title":"Coffret vin blanc","og_description":"Coffret vin blanc ! Une s\u00e9lection de chocolats sp\u00e9cialement cr\u00e9\u00e9s pour \u00eatre associ\u00e9s \u00e0 des vins blancs. Ajoutez un peu de fun \u00e0 votre prochaine r\u00e9union de famille ou d'amis.","og_url":"https:\/\/suite88.com\/fr\/produit\/chocolat-et-vin-blanc\/","og_site_name":"suite88.com","article_publisher":"https:\/\/www.facebook.com\/suite88","article_modified_time":"2026-01-09T21:17:16+00:00","og_image":[{"width":1000,"height":1000,"url":"https:\/\/suite88.com\/wp-content\/uploads\/2021\/10\/white-wine-box-new.jpg","type":"image\/jpeg"}],"twitter_card":"summary_large_image","twitter_misc":{"Prix":"&#36;25,00","Disponibilit\u00e9":"En stock"},"schema":{"@context":"https:\/\/schema.org","@graph":[{"@type":"WebPage","@id":"https:\/\/suite88.com\/fr\/produit\/chocolat-et-vin-blanc\/","url":"https:\/\/suite88.com\/fr\/produit\/chocolat-et-vin-blanc\/","name":"Coffret vin blanc &#8226; suite88.com","isPartOf":{"@id":"https:\/\/suite88.com\/fr\/#website"},"primaryImageOfPage":{"@id":"https:\/\/suite88.com\/fr\/produit\/chocolat-et-vin-blanc\/#primaryimage"},"image":{"@id":"https:\/\/suite88.com\/fr\/produit\/chocolat-et-vin-blanc\/#primaryimage"},"thumbnailUrl":"https:\/\/suite88.com\/wp-content\/uploads\/2021\/10\/white-wine-box-new.jpg","datePublished":"2021-10-25T06:58:16+00:00","dateModified":"2026-01-09T21:17:16+00:00","description":"Coffret vin blanc ! Une s\u00e9lection de chocolats sp\u00e9cialement cr\u00e9\u00e9s pour \u00eatre associ\u00e9s \u00e0 des vins blancs. Ajoutez un peu de fun \u00e0 votre prochaine r\u00e9union de famille ou d'amis.","breadcrumb":{"@id":"https:\/\/suite88.com\/fr\/produit\/chocolat-et-vin-blanc\/#breadcrumb"},"inLanguage":"fr-FR","potentialAction":[{"@type":"ReadAction","target":["https:\/\/suite88.com\/fr\/produit\/chocolat-et-vin-blanc\/"]}]},{"@type":"ImageObject","inLanguage":"fr-FR","@id":"https:\/\/suite88.com\/fr\/produit\/chocolat-et-vin-blanc\/#primaryimage","url":"https:\/\/suite88.com\/wp-content\/uploads\/2021\/10\/white-wine-box-new.jpg","contentUrl":"https:\/\/suite88.com\/wp-content\/uploads\/2021\/10\/white-wine-box-new.jpg","width":1000,"height":1000,"caption":"boite vin blanc et chocolats"},{"@type":"BreadcrumbList","@id":"https:\/\/suite88.com\/fr\/produit\/chocolat-et-vin-blanc\/#breadcrumb","itemListElement":[{"@type":"ListItem","position":1,"name":"Home","item":"https:\/\/suite88.com\/fr\/"},{"@type":"ListItem","position":2,"name":"Boutique","item":"https:\/\/suite88.com\/fr\/boutique\/"},{"@type":"ListItem","position":3,"name":"boites de chocolats","item":"https:\/\/suite88.com\/fr\/categorie-produit\/boites-de-chocolats\/"},{"@type":"ListItem","position":4,"name":"vin et whisky","item":"https:\/\/suite88.com\/fr\/categorie-produit\/boites-de-chocolats\/vin-et-whisky\/"},{"@type":"ListItem","position":5,"name":"Coffret vin blanc"}]},{"@type":"WebSite","@id":"https:\/\/suite88.com\/fr\/#website","url":"https:\/\/suite88.com\/fr\/","name":"Suite 88 Chocolatier","description":"Fine Belgian chocolate","publisher":{"@id":"https:\/\/suite88.com\/fr\/#organization"},"potentialAction":[{"@type":"SearchAction","target":{"@type":"EntryPoint","urlTemplate":"https:\/\/suite88.com\/fr\/?s={search_term_string}"},"query-input":{"@type":"PropertyValueSpecification","valueRequired":true,"valueName":"search_term_string"}}],"inLanguage":"fr-FR"},{"@type":"Organization","@id":"https:\/\/suite88.com\/fr\/#organization","name":"Suite 88 Chocolatier","alternateName":"Suite 88","url":"https:\/\/suite88.com\/fr\/","logo":{"@type":"ImageObject","inLanguage":"fr-FR","@id":"https:\/\/suite88.com\/fr\/#\/schema\/logo\/image\/","url":"https:\/\/suite88.com\/wp-content\/uploads\/2021\/04\/Suite-88-logo.png","contentUrl":"https:\/\/suite88.com\/wp-content\/uploads\/2021\/04\/Suite-88-logo.png","width":1536,"height":1496,"caption":"Suite 88 Chocolatier"},"image":{"@id":"https:\/\/suite88.com\/fr\/#\/schema\/logo\/image\/"},"sameAs":["https:\/\/www.facebook.com\/suite88","https:\/\/www.instagram.com\/suite88\/","https:\/\/www.pinterest.ca\/suite88\/"]}]},"product_price_amount":"25.00","product_price_currency":"CAD","og_availability":"instock","product_availability":"instock","product_retailer_item_id":"S88-WACW","product_condition":"new"},"_links":{"self":[{"href":"https:\/\/suite88.com\/fr\/wp-json\/wp\/v2\/product\/4875","targetHints":{"allow":["GET"]}}],"collection":[{"href":"https:\/\/suite88.com\/fr\/wp-json\/wp\/v2\/product"}],"about":[{"href":"https:\/\/suite88.com\/fr\/wp-json\/wp\/v2\/types\/product"}],"replies":[{"embeddable":true,"href":"https:\/\/suite88.com\/fr\/wp-json\/wp\/v2\/comments?post=4875"}],"wp:featuredmedia":[{"embeddable":true,"href":"https:\/\/suite88.com\/fr\/wp-json\/wp\/v2\/media\/11136"}],"wp:attachment":[{"href":"https:\/\/suite88.com\/fr\/wp-json\/wp\/v2\/media?parent=4875"}],"wp:term":[{"taxonomy":"product_brand","embeddable":true,"href":"https:\/\/suite88.com\/fr\/wp-json\/wp\/v2\/product_brand?post=4875"},{"taxonomy":"product_cat","embeddable":true,"href":"https:\/\/suite88.com\/fr\/wp-json\/wp\/v2\/product_cat?post=4875"},{"taxonomy":"product_tag","embeddable":true,"href":"https:\/\/suite88.com\/fr\/wp-json\/wp\/v2\/product_tag?post=4875"}],"curies":[{"name":"wp","href":"https:\/\/api.w.org\/{rel}","templated":true}]}}