{"id":4970,"date":"2021-11-21T01:12:28","date_gmt":"2021-11-21T06:12:28","guid":{"rendered":"https:\/\/suite88.com\/product\/tablette-de-chocolat-au-lait-au-moka-coco\/"},"modified":"2026-01-30T13:21:04","modified_gmt":"2026-01-30T18:21:04","slug":"tablette-moka-coco","status":"publish","type":"product","link":"https:\/\/suite88.com\/fr\/produit\/tablette-moka-coco\/","title":{"rendered":"Tablette de chocolat au lait au moka coco"},"content":{"rendered":"","protected":false},"excerpt":{"rendered":"<p class=\"p1\">Les grains d\u2019espresso aromatiques \u00e9cras\u00e9s sont compl\u00e9t\u00e9s par le go\u00fbt sucr\u00e9 de la noix de coco et notre chocolat au lait cr\u00e9meux.<\/p>\n","protected":false},"featured_media":4941,"comment_status":"open","ping_status":"closed","template":"","meta":[],"product_brand":[],"product_cat":[79,155,118],"product_tag":[],"class_list":{"0":"post-4970","1":"product","2":"type-product","3":"status-publish","4":"has-post-thumbnail","6":"product_cat-chocolats","7":"product_cat-etiquette-suite-88","8":"product_cat-tablettes","10":"first","11":"instock","12":"taxable","13":"shipping-taxable","14":"purchasable","15":"product-type-simple"},"yoast_head":"<!-- This site is optimized with the Yoast SEO Premium plugin v27.3 (Yoast SEO v27.3) - https:\/\/yoast.com\/product\/yoast-seo-premium-wordpress\/ -->\n<title>Tablette de chocolat au lait au moka coco &#8226; suite88.com<\/title>\n<meta name=\"description\" content=\"Les grains d\u2019espresso aromatiques \u00e9cras\u00e9s sont compl\u00e9t\u00e9s par le go\u00fbt sucr\u00e9 de la noix de coco et notre chocolat au lait cr\u00e9meux.\" \/>\n<meta name=\"robots\" content=\"index, follow, max-snippet:-1, max-image-preview:large, max-video-preview:-1\" \/>\n<link rel=\"canonical\" href=\"https:\/\/suite88.com\/fr\/produit\/tablette-moka-coco\/\" \/>\n<meta property=\"og:locale\" content=\"fr_FR\" \/>\n<meta property=\"og:type\" content=\"article\" \/>\n<meta property=\"og:title\" content=\"Tablette de chocolat au lait au moka coco\" \/>\n<meta property=\"og:description\" content=\"Les grains d\u2019espresso aromatiques \u00e9cras\u00e9s sont compl\u00e9t\u00e9s par le go\u00fbt sucr\u00e9 de la noix de coco et notre chocolat au lait cr\u00e9meux.\" \/>\n<meta property=\"og:url\" content=\"https:\/\/suite88.com\/fr\/produit\/tablette-moka-coco\/\" \/>\n<meta property=\"og:site_name\" content=\"suite88.com\" \/>\n<meta property=\"article:publisher\" content=\"https:\/\/www.facebook.com\/suite88\" \/>\n<meta property=\"article:modified_time\" content=\"2026-01-30T18:21:04+00:00\" \/>\n<meta property=\"og:image\" content=\"https:\/\/suite88.com\/wp-content\/uploads\/2021\/11\/moka-coco-bar-new-label.png\" \/>\n\t<meta property=\"og:image:width\" content=\"1500\" \/>\n\t<meta property=\"og:image:height\" content=\"1500\" \/>\n\t<meta property=\"og:image:type\" content=\"image\/png\" \/>\n<meta name=\"twitter:card\" content=\"summary_large_image\" \/>\n<meta name=\"twitter:label1\" content=\"Prix\" \/>\n\t<meta name=\"twitter:data1\" content=\"&#036;5,50\" \/>\n\t<meta name=\"twitter:label2\" content=\"Disponibilit\u00e9\" \/>\n\t<meta name=\"twitter:data2\" content=\"En stock\" \/>\n<script type=\"application\/ld+json\" class=\"yoast-schema-graph\">{\"@context\":\"https:\\\/\\\/schema.org\",\"@graph\":[{\"@type\":\"WebPage\",\"@id\":\"https:\\\/\\\/suite88.com\\\/fr\\\/produit\\\/tablette-moka-coco\\\/\",\"url\":\"https:\\\/\\\/suite88.com\\\/fr\\\/produit\\\/tablette-moka-coco\\\/\",\"name\":\"Tablette de chocolat au lait au moka coco &#8226; suite88.com\",\"isPartOf\":{\"@id\":\"https:\\\/\\\/suite88.com\\\/fr\\\/#website\"},\"primaryImageOfPage\":{\"@id\":\"https:\\\/\\\/suite88.com\\\/fr\\\/produit\\\/tablette-moka-coco\\\/#primaryimage\"},\"image\":{\"@id\":\"https:\\\/\\\/suite88.com\\\/fr\\\/produit\\\/tablette-moka-coco\\\/#primaryimage\"},\"thumbnailUrl\":\"https:\\\/\\\/suite88.com\\\/wp-content\\\/uploads\\\/2021\\\/11\\\/moka-coco-bar-new-label.png\",\"datePublished\":\"2021-11-21T06:12:28+00:00\",\"dateModified\":\"2026-01-30T18:21:04+00:00\",\"description\":\"Les grains d\u2019espresso aromatiques \u00e9cras\u00e9s sont compl\u00e9t\u00e9s par le go\u00fbt sucr\u00e9 de la noix de coco et notre chocolat au lait cr\u00e9meux.\",\"breadcrumb\":{\"@id\":\"https:\\\/\\\/suite88.com\\\/fr\\\/produit\\\/tablette-moka-coco\\\/#breadcrumb\"},\"inLanguage\":\"fr-FR\",\"potentialAction\":[{\"@type\":\"ReadAction\",\"target\":[\"https:\\\/\\\/suite88.com\\\/fr\\\/produit\\\/tablette-moka-coco\\\/\"]}]},{\"@type\":\"ImageObject\",\"inLanguage\":\"fr-FR\",\"@id\":\"https:\\\/\\\/suite88.com\\\/fr\\\/produit\\\/tablette-moka-coco\\\/#primaryimage\",\"url\":\"https:\\\/\\\/suite88.com\\\/wp-content\\\/uploads\\\/2021\\\/11\\\/moka-coco-bar-new-label.png\",\"contentUrl\":\"https:\\\/\\\/suite88.com\\\/wp-content\\\/uploads\\\/2021\\\/11\\\/moka-coco-bar-new-label.png\",\"width\":1500,\"height\":1500,\"caption\":\"Tablette de chocolat au lait au moka coco\"},{\"@type\":\"BreadcrumbList\",\"@id\":\"https:\\\/\\\/suite88.com\\\/fr\\\/produit\\\/tablette-moka-coco\\\/#breadcrumb\",\"itemListElement\":[{\"@type\":\"ListItem\",\"position\":1,\"name\":\"Home\",\"item\":\"https:\\\/\\\/suite88.com\\\/fr\\\/\"},{\"@type\":\"ListItem\",\"position\":2,\"name\":\"Boutique\",\"item\":\"https:\\\/\\\/suite88.com\\\/fr\\\/boutique\\\/\"},{\"@type\":\"ListItem\",\"position\":3,\"name\":\"chocolats\",\"item\":\"https:\\\/\\\/suite88.com\\\/fr\\\/categorie-produit\\\/chocolats\\\/\"},{\"@type\":\"ListItem\",\"position\":4,\"name\":\"Tablette de chocolat au lait au moka coco\"}]},{\"@type\":\"WebSite\",\"@id\":\"https:\\\/\\\/suite88.com\\\/fr\\\/#website\",\"url\":\"https:\\\/\\\/suite88.com\\\/fr\\\/\",\"name\":\"Suite 88 Chocolatier\",\"description\":\"Fine Belgian chocolate\",\"publisher\":{\"@id\":\"https:\\\/\\\/suite88.com\\\/fr\\\/#organization\"},\"potentialAction\":[{\"@type\":\"SearchAction\",\"target\":{\"@type\":\"EntryPoint\",\"urlTemplate\":\"https:\\\/\\\/suite88.com\\\/fr\\\/?s={search_term_string}\"},\"query-input\":{\"@type\":\"PropertyValueSpecification\",\"valueRequired\":true,\"valueName\":\"search_term_string\"}}],\"inLanguage\":\"fr-FR\"},{\"@type\":\"Organization\",\"@id\":\"https:\\\/\\\/suite88.com\\\/fr\\\/#organization\",\"name\":\"Suite 88 Chocolatier\",\"alternateName\":\"Suite 88\",\"url\":\"https:\\\/\\\/suite88.com\\\/fr\\\/\",\"logo\":{\"@type\":\"ImageObject\",\"inLanguage\":\"fr-FR\",\"@id\":\"https:\\\/\\\/suite88.com\\\/fr\\\/#\\\/schema\\\/logo\\\/image\\\/\",\"url\":\"https:\\\/\\\/suite88.com\\\/wp-content\\\/uploads\\\/2021\\\/04\\\/Suite-88-logo.png\",\"contentUrl\":\"https:\\\/\\\/suite88.com\\\/wp-content\\\/uploads\\\/2021\\\/04\\\/Suite-88-logo.png\",\"width\":1536,\"height\":1496,\"caption\":\"Suite 88 Chocolatier\"},\"image\":{\"@id\":\"https:\\\/\\\/suite88.com\\\/fr\\\/#\\\/schema\\\/logo\\\/image\\\/\"},\"sameAs\":[\"https:\\\/\\\/www.facebook.com\\\/suite88\",\"https:\\\/\\\/www.instagram.com\\\/suite88\\\/\",\"https:\\\/\\\/www.pinterest.ca\\\/suite88\\\/\"]}]}<\/script>\n<meta property=\"product:price:amount\" content=\"5.50\" \/>\n<meta property=\"product:price:currency\" content=\"CAD\" \/>\n<meta property=\"og:availability\" content=\"instock\" \/>\n<meta property=\"product:availability\" content=\"instock\" \/>\n<meta property=\"product:retailer_item_id\" content=\"S88-B-MCM\" \/>\n<meta property=\"product:condition\" content=\"new\" \/>\n<!-- \/ Yoast SEO Premium plugin. -->","yoast_head_json":{"title":"Tablette de chocolat au lait au moka coco &#8226; suite88.com","description":"Les grains d\u2019espresso aromatiques \u00e9cras\u00e9s sont compl\u00e9t\u00e9s par le go\u00fbt sucr\u00e9 de la noix de coco et notre chocolat au lait cr\u00e9meux.","robots":{"index":"index","follow":"follow","max-snippet":"max-snippet:-1","max-image-preview":"max-image-preview:large","max-video-preview":"max-video-preview:-1"},"canonical":"https:\/\/suite88.com\/fr\/produit\/tablette-moka-coco\/","og_locale":"fr_FR","og_type":"article","og_title":"Tablette de chocolat au lait au moka coco","og_description":"Les grains d\u2019espresso aromatiques \u00e9cras\u00e9s sont compl\u00e9t\u00e9s par le go\u00fbt sucr\u00e9 de la noix de coco et notre chocolat au lait cr\u00e9meux.","og_url":"https:\/\/suite88.com\/fr\/produit\/tablette-moka-coco\/","og_site_name":"suite88.com","article_publisher":"https:\/\/www.facebook.com\/suite88","article_modified_time":"2026-01-30T18:21:04+00:00","og_image":[{"width":1500,"height":1500,"url":"https:\/\/suite88.com\/wp-content\/uploads\/2021\/11\/moka-coco-bar-new-label.png","type":"image\/png"}],"twitter_card":"summary_large_image","twitter_misc":{"Prix":"&#36;5,50","Disponibilit\u00e9":"En stock"},"schema":{"@context":"https:\/\/schema.org","@graph":[{"@type":"WebPage","@id":"https:\/\/suite88.com\/fr\/produit\/tablette-moka-coco\/","url":"https:\/\/suite88.com\/fr\/produit\/tablette-moka-coco\/","name":"Tablette de chocolat au lait au moka coco &#8226; suite88.com","isPartOf":{"@id":"https:\/\/suite88.com\/fr\/#website"},"primaryImageOfPage":{"@id":"https:\/\/suite88.com\/fr\/produit\/tablette-moka-coco\/#primaryimage"},"image":{"@id":"https:\/\/suite88.com\/fr\/produit\/tablette-moka-coco\/#primaryimage"},"thumbnailUrl":"https:\/\/suite88.com\/wp-content\/uploads\/2021\/11\/moka-coco-bar-new-label.png","datePublished":"2021-11-21T06:12:28+00:00","dateModified":"2026-01-30T18:21:04+00:00","description":"Les grains d\u2019espresso aromatiques \u00e9cras\u00e9s sont compl\u00e9t\u00e9s par le go\u00fbt sucr\u00e9 de la noix de coco et notre chocolat au lait cr\u00e9meux.","breadcrumb":{"@id":"https:\/\/suite88.com\/fr\/produit\/tablette-moka-coco\/#breadcrumb"},"inLanguage":"fr-FR","potentialAction":[{"@type":"ReadAction","target":["https:\/\/suite88.com\/fr\/produit\/tablette-moka-coco\/"]}]},{"@type":"ImageObject","inLanguage":"fr-FR","@id":"https:\/\/suite88.com\/fr\/produit\/tablette-moka-coco\/#primaryimage","url":"https:\/\/suite88.com\/wp-content\/uploads\/2021\/11\/moka-coco-bar-new-label.png","contentUrl":"https:\/\/suite88.com\/wp-content\/uploads\/2021\/11\/moka-coco-bar-new-label.png","width":1500,"height":1500,"caption":"Tablette de chocolat au lait au moka coco"},{"@type":"BreadcrumbList","@id":"https:\/\/suite88.com\/fr\/produit\/tablette-moka-coco\/#breadcrumb","itemListElement":[{"@type":"ListItem","position":1,"name":"Home","item":"https:\/\/suite88.com\/fr\/"},{"@type":"ListItem","position":2,"name":"Boutique","item":"https:\/\/suite88.com\/fr\/boutique\/"},{"@type":"ListItem","position":3,"name":"chocolats","item":"https:\/\/suite88.com\/fr\/categorie-produit\/chocolats\/"},{"@type":"ListItem","position":4,"name":"Tablette de chocolat au lait au moka coco"}]},{"@type":"WebSite","@id":"https:\/\/suite88.com\/fr\/#website","url":"https:\/\/suite88.com\/fr\/","name":"Suite 88 Chocolatier","description":"Fine Belgian chocolate","publisher":{"@id":"https:\/\/suite88.com\/fr\/#organization"},"potentialAction":[{"@type":"SearchAction","target":{"@type":"EntryPoint","urlTemplate":"https:\/\/suite88.com\/fr\/?s={search_term_string}"},"query-input":{"@type":"PropertyValueSpecification","valueRequired":true,"valueName":"search_term_string"}}],"inLanguage":"fr-FR"},{"@type":"Organization","@id":"https:\/\/suite88.com\/fr\/#organization","name":"Suite 88 Chocolatier","alternateName":"Suite 88","url":"https:\/\/suite88.com\/fr\/","logo":{"@type":"ImageObject","inLanguage":"fr-FR","@id":"https:\/\/suite88.com\/fr\/#\/schema\/logo\/image\/","url":"https:\/\/suite88.com\/wp-content\/uploads\/2021\/04\/Suite-88-logo.png","contentUrl":"https:\/\/suite88.com\/wp-content\/uploads\/2021\/04\/Suite-88-logo.png","width":1536,"height":1496,"caption":"Suite 88 Chocolatier"},"image":{"@id":"https:\/\/suite88.com\/fr\/#\/schema\/logo\/image\/"},"sameAs":["https:\/\/www.facebook.com\/suite88","https:\/\/www.instagram.com\/suite88\/","https:\/\/www.pinterest.ca\/suite88\/"]}]},"product_price_amount":"5.50","product_price_currency":"CAD","og_availability":"instock","product_availability":"instock","product_retailer_item_id":"S88-B-MCM","product_condition":"new"},"_links":{"self":[{"href":"https:\/\/suite88.com\/fr\/wp-json\/wp\/v2\/product\/4970","targetHints":{"allow":["GET"]}}],"collection":[{"href":"https:\/\/suite88.com\/fr\/wp-json\/wp\/v2\/product"}],"about":[{"href":"https:\/\/suite88.com\/fr\/wp-json\/wp\/v2\/types\/product"}],"replies":[{"embeddable":true,"href":"https:\/\/suite88.com\/fr\/wp-json\/wp\/v2\/comments?post=4970"}],"wp:featuredmedia":[{"embeddable":true,"href":"https:\/\/suite88.com\/fr\/wp-json\/wp\/v2\/media\/4941"}],"wp:attachment":[{"href":"https:\/\/suite88.com\/fr\/wp-json\/wp\/v2\/media?parent=4970"}],"wp:term":[{"taxonomy":"product_brand","embeddable":true,"href":"https:\/\/suite88.com\/fr\/wp-json\/wp\/v2\/product_brand?post=4970"},{"taxonomy":"product_cat","embeddable":true,"href":"https:\/\/suite88.com\/fr\/wp-json\/wp\/v2\/product_cat?post=4970"},{"taxonomy":"product_tag","embeddable":true,"href":"https:\/\/suite88.com\/fr\/wp-json\/wp\/v2\/product_tag?post=4970"}],"curies":[{"name":"wp","href":"https:\/\/api.w.org\/{rel}","templated":true}]}}