{"id":644,"date":"2020-02-06T03:34:41","date_gmt":"2020-02-07T02:03:55","guid":{"rendered":"http:\/\/acvdevelopment.com\/product\/truffes-au-praline-croquant\/"},"modified":"2021-06-07T02:52:31","modified_gmt":"2021-06-07T02:52:31","slug":"truffes-pralinees-croustillantes","status":"publish","type":"product","link":"https:\/\/suite88.com\/fr\/produit\/truffes-pralinees-croustillantes\/","title":{"rendered":"Truffes Croustillantes au Pralin\u00e9 &#8211; Collection de Favoris"},"content":{"rendered":"<p>&nbsp;<\/p>\n<p>&nbsp;<\/p>\n","protected":false},"excerpt":{"rendered":"<p>Noisettes caram\u00e9lis\u00e9es m\u00e9lang\u00e9es \u00e0 du chocolat au lait cr\u00e9meux et du riz souffl\u00e9 croustillant. Ces bouch\u00e9es paradisiaques sont finies dans des amandes broy\u00e9es et grill\u00e9es pour un excellent contraste de textures.<\/p>\n","protected":false},"featured_media":4618,"comment_status":"closed","ping_status":"closed","template":"","meta":[],"product_brand":[],"product_cat":[113],"product_tag":[],"class_list":{"0":"post-644","1":"product","2":"type-product","3":"status-publish","4":"has-post-thumbnail","6":"product_cat-favoris","8":"first","9":"instock","10":"taxable","11":"shipping-taxable","12":"purchasable","13":"product-type-simple"},"yoast_head":"<!-- This site is optimized with the Yoast SEO Premium plugin v27.3 (Yoast SEO v27.3) - https:\/\/yoast.com\/product\/yoast-seo-premium-wordpress\/ -->\n<title>Truffes Croustillantes au Pralin\u00e9 - Collection de Favoris &#8226; suite88.com<\/title>\n<meta name=\"description\" content=\"Noisettes caram\u00e9lis\u00e9es m\u00e9lang\u00e9es \u00e0 du chocolat au lait cr\u00e9meux et du riz souffl\u00e9 croustillant. Ces bouch\u00e9es paradisiaques sont finies dans des amandes broy\u00e9es et grill\u00e9es pour un excellent contraste de textures.\" \/>\n<meta name=\"robots\" content=\"index, follow, max-snippet:-1, max-image-preview:large, max-video-preview:-1\" \/>\n<link rel=\"canonical\" href=\"https:\/\/suite88.com\/fr\/produit\/truffes-pralinees-croustillantes\/\" \/>\n<meta property=\"og:locale\" content=\"fr_FR\" \/>\n<meta property=\"og:type\" content=\"article\" \/>\n<meta property=\"og:title\" content=\"Truffes Croustillantes au Pralin\u00e9 - Collection de Favoris\" \/>\n<meta property=\"og:description\" content=\"Noisettes caram\u00e9lis\u00e9es m\u00e9lang\u00e9es \u00e0 du chocolat au lait cr\u00e9meux et du riz souffl\u00e9 croustillant. Ces bouch\u00e9es paradisiaques sont finies dans des amandes broy\u00e9es et grill\u00e9es pour un excellent contraste de textures.\" \/>\n<meta property=\"og:url\" content=\"https:\/\/suite88.com\/fr\/produit\/truffes-pralinees-croustillantes\/\" \/>\n<meta property=\"og:site_name\" content=\"suite88.com\" \/>\n<meta property=\"article:publisher\" content=\"https:\/\/www.facebook.com\/suite88\" \/>\n<meta property=\"article:modified_time\" content=\"2021-06-07T02:52:31+00:00\" \/>\n<meta property=\"og:image\" content=\"https:\/\/i0.wp.com\/suite88.com\/wp-content\/uploads\/2020\/02\/crispy-praline-truffle-stack-1.jpg?fit=1500%2C1500&ssl=1\" \/>\n\t<meta property=\"og:image:width\" content=\"1500\" \/>\n\t<meta property=\"og:image:height\" content=\"1500\" \/>\n\t<meta property=\"og:image:type\" content=\"image\/jpeg\" \/>\n<meta name=\"twitter:card\" content=\"summary_large_image\" \/>\n<meta name=\"twitter:label1\" content=\"Prix\" \/>\n\t<meta name=\"twitter:data1\" content=\"&#036;6,00\" \/>\n\t<meta name=\"twitter:label2\" content=\"Disponibilit\u00e9\" \/>\n\t<meta name=\"twitter:data2\" content=\"En stock\" \/>\n<script type=\"application\/ld+json\" class=\"yoast-schema-graph\">{\"@context\":\"https:\\\/\\\/schema.org\",\"@graph\":[{\"@type\":\"WebPage\",\"@id\":\"https:\\\/\\\/suite88.com\\\/fr\\\/produit\\\/truffes-pralinees-croustillantes\\\/\",\"url\":\"https:\\\/\\\/suite88.com\\\/fr\\\/produit\\\/truffes-pralinees-croustillantes\\\/\",\"name\":\"Truffes Croustillantes au Pralin\u00e9 - Collection de Favoris &#8226; suite88.com\",\"isPartOf\":{\"@id\":\"https:\\\/\\\/suite88.com\\\/fr\\\/#website\"},\"primaryImageOfPage\":{\"@id\":\"https:\\\/\\\/suite88.com\\\/fr\\\/produit\\\/truffes-pralinees-croustillantes\\\/#primaryimage\"},\"image\":{\"@id\":\"https:\\\/\\\/suite88.com\\\/fr\\\/produit\\\/truffes-pralinees-croustillantes\\\/#primaryimage\"},\"thumbnailUrl\":\"https:\\\/\\\/suite88.com\\\/wp-content\\\/uploads\\\/2020\\\/02\\\/crispy-praline-truffle-stack-1.jpg\",\"datePublished\":\"2020-02-07T02:03:55+00:00\",\"dateModified\":\"2021-06-07T02:52:31+00:00\",\"description\":\"Noisettes caram\u00e9lis\u00e9es m\u00e9lang\u00e9es \u00e0 du chocolat au lait cr\u00e9meux et du riz souffl\u00e9 croustillant. Ces bouch\u00e9es paradisiaques sont finies dans des amandes broy\u00e9es et grill\u00e9es pour un excellent contraste de textures.\",\"breadcrumb\":{\"@id\":\"https:\\\/\\\/suite88.com\\\/fr\\\/produit\\\/truffes-pralinees-croustillantes\\\/#breadcrumb\"},\"inLanguage\":\"fr-FR\",\"potentialAction\":[{\"@type\":\"ReadAction\",\"target\":[\"https:\\\/\\\/suite88.com\\\/fr\\\/produit\\\/truffes-pralinees-croustillantes\\\/\"]}]},{\"@type\":\"ImageObject\",\"inLanguage\":\"fr-FR\",\"@id\":\"https:\\\/\\\/suite88.com\\\/fr\\\/produit\\\/truffes-pralinees-croustillantes\\\/#primaryimage\",\"url\":\"https:\\\/\\\/suite88.com\\\/wp-content\\\/uploads\\\/2020\\\/02\\\/crispy-praline-truffle-stack-1.jpg\",\"contentUrl\":\"https:\\\/\\\/suite88.com\\\/wp-content\\\/uploads\\\/2020\\\/02\\\/crispy-praline-truffle-stack-1.jpg\",\"width\":1500,\"height\":1500,\"caption\":\"truffes pralin\u00e9es croustillantes\"},{\"@type\":\"BreadcrumbList\",\"@id\":\"https:\\\/\\\/suite88.com\\\/fr\\\/produit\\\/truffes-pralinees-croustillantes\\\/#breadcrumb\",\"itemListElement\":[{\"@type\":\"ListItem\",\"position\":1,\"name\":\"Home\",\"item\":\"https:\\\/\\\/suite88.com\\\/fr\\\/\"},{\"@type\":\"ListItem\",\"position\":2,\"name\":\"Boutique\",\"item\":\"https:\\\/\\\/suite88.com\\\/fr\\\/boutique\\\/\"},{\"@type\":\"ListItem\",\"position\":3,\"name\":\"favoris\",\"item\":\"https:\\\/\\\/suite88.com\\\/fr\\\/categorie-produit\\\/favoris\\\/\"},{\"@type\":\"ListItem\",\"position\":4,\"name\":\"Truffes Croustillantes au Pralin\u00e9 &#8211; Collection de Favoris\"}]},{\"@type\":\"WebSite\",\"@id\":\"https:\\\/\\\/suite88.com\\\/fr\\\/#website\",\"url\":\"https:\\\/\\\/suite88.com\\\/fr\\\/\",\"name\":\"Suite 88 Chocolatier\",\"description\":\"Fine Belgian chocolate\",\"publisher\":{\"@id\":\"https:\\\/\\\/suite88.com\\\/fr\\\/#organization\"},\"potentialAction\":[{\"@type\":\"SearchAction\",\"target\":{\"@type\":\"EntryPoint\",\"urlTemplate\":\"https:\\\/\\\/suite88.com\\\/fr\\\/?s={search_term_string}\"},\"query-input\":{\"@type\":\"PropertyValueSpecification\",\"valueRequired\":true,\"valueName\":\"search_term_string\"}}],\"inLanguage\":\"fr-FR\"},{\"@type\":\"Organization\",\"@id\":\"https:\\\/\\\/suite88.com\\\/fr\\\/#organization\",\"name\":\"Suite 88 Chocolatier\",\"alternateName\":\"Suite 88\",\"url\":\"https:\\\/\\\/suite88.com\\\/fr\\\/\",\"logo\":{\"@type\":\"ImageObject\",\"inLanguage\":\"fr-FR\",\"@id\":\"https:\\\/\\\/suite88.com\\\/fr\\\/#\\\/schema\\\/logo\\\/image\\\/\",\"url\":\"https:\\\/\\\/suite88.com\\\/wp-content\\\/uploads\\\/2021\\\/04\\\/Suite-88-logo.png\",\"contentUrl\":\"https:\\\/\\\/suite88.com\\\/wp-content\\\/uploads\\\/2021\\\/04\\\/Suite-88-logo.png\",\"width\":1536,\"height\":1496,\"caption\":\"Suite 88 Chocolatier\"},\"image\":{\"@id\":\"https:\\\/\\\/suite88.com\\\/fr\\\/#\\\/schema\\\/logo\\\/image\\\/\"},\"sameAs\":[\"https:\\\/\\\/www.facebook.com\\\/suite88\",\"https:\\\/\\\/www.instagram.com\\\/suite88\\\/\",\"https:\\\/\\\/www.pinterest.ca\\\/suite88\\\/\"]}]}<\/script>\n<meta property=\"product:price:amount\" content=\"6.00\" \/>\n<meta property=\"product:price:currency\" content=\"CAD\" \/>\n<meta property=\"og:availability\" content=\"instock\" \/>\n<meta property=\"product:availability\" content=\"instock\" \/>\n<meta property=\"product:retailer_item_id\" content=\"S88-CPT-F\" \/>\n<meta property=\"product:condition\" content=\"new\" \/>\n<!-- \/ Yoast SEO Premium plugin. -->","yoast_head_json":{"title":"Truffes Croustillantes au Pralin\u00e9 - Collection de Favoris &#8226; suite88.com","description":"Noisettes caram\u00e9lis\u00e9es m\u00e9lang\u00e9es \u00e0 du chocolat au lait cr\u00e9meux et du riz souffl\u00e9 croustillant. Ces bouch\u00e9es paradisiaques sont finies dans des amandes broy\u00e9es et grill\u00e9es pour un excellent contraste de textures.","robots":{"index":"index","follow":"follow","max-snippet":"max-snippet:-1","max-image-preview":"max-image-preview:large","max-video-preview":"max-video-preview:-1"},"canonical":"https:\/\/suite88.com\/fr\/produit\/truffes-pralinees-croustillantes\/","og_locale":"fr_FR","og_type":"article","og_title":"Truffes Croustillantes au Pralin\u00e9 - Collection de Favoris","og_description":"Noisettes caram\u00e9lis\u00e9es m\u00e9lang\u00e9es \u00e0 du chocolat au lait cr\u00e9meux et du riz souffl\u00e9 croustillant. Ces bouch\u00e9es paradisiaques sont finies dans des amandes broy\u00e9es et grill\u00e9es pour un excellent contraste de textures.","og_url":"https:\/\/suite88.com\/fr\/produit\/truffes-pralinees-croustillantes\/","og_site_name":"suite88.com","article_publisher":"https:\/\/www.facebook.com\/suite88","article_modified_time":"2021-06-07T02:52:31+00:00","og_image":[{"width":1500,"height":1500,"url":"https:\/\/i0.wp.com\/suite88.com\/wp-content\/uploads\/2020\/02\/crispy-praline-truffle-stack-1.jpg?fit=1500%2C1500&ssl=1","type":"image\/jpeg"}],"twitter_card":"summary_large_image","twitter_misc":{"Prix":"&#36;6,00","Disponibilit\u00e9":"En stock"},"schema":{"@context":"https:\/\/schema.org","@graph":[{"@type":"WebPage","@id":"https:\/\/suite88.com\/fr\/produit\/truffes-pralinees-croustillantes\/","url":"https:\/\/suite88.com\/fr\/produit\/truffes-pralinees-croustillantes\/","name":"Truffes Croustillantes au Pralin\u00e9 - Collection de Favoris &#8226; suite88.com","isPartOf":{"@id":"https:\/\/suite88.com\/fr\/#website"},"primaryImageOfPage":{"@id":"https:\/\/suite88.com\/fr\/produit\/truffes-pralinees-croustillantes\/#primaryimage"},"image":{"@id":"https:\/\/suite88.com\/fr\/produit\/truffes-pralinees-croustillantes\/#primaryimage"},"thumbnailUrl":"https:\/\/suite88.com\/wp-content\/uploads\/2020\/02\/crispy-praline-truffle-stack-1.jpg","datePublished":"2020-02-07T02:03:55+00:00","dateModified":"2021-06-07T02:52:31+00:00","description":"Noisettes caram\u00e9lis\u00e9es m\u00e9lang\u00e9es \u00e0 du chocolat au lait cr\u00e9meux et du riz souffl\u00e9 croustillant. Ces bouch\u00e9es paradisiaques sont finies dans des amandes broy\u00e9es et grill\u00e9es pour un excellent contraste de textures.","breadcrumb":{"@id":"https:\/\/suite88.com\/fr\/produit\/truffes-pralinees-croustillantes\/#breadcrumb"},"inLanguage":"fr-FR","potentialAction":[{"@type":"ReadAction","target":["https:\/\/suite88.com\/fr\/produit\/truffes-pralinees-croustillantes\/"]}]},{"@type":"ImageObject","inLanguage":"fr-FR","@id":"https:\/\/suite88.com\/fr\/produit\/truffes-pralinees-croustillantes\/#primaryimage","url":"https:\/\/suite88.com\/wp-content\/uploads\/2020\/02\/crispy-praline-truffle-stack-1.jpg","contentUrl":"https:\/\/suite88.com\/wp-content\/uploads\/2020\/02\/crispy-praline-truffle-stack-1.jpg","width":1500,"height":1500,"caption":"truffes pralin\u00e9es croustillantes"},{"@type":"BreadcrumbList","@id":"https:\/\/suite88.com\/fr\/produit\/truffes-pralinees-croustillantes\/#breadcrumb","itemListElement":[{"@type":"ListItem","position":1,"name":"Home","item":"https:\/\/suite88.com\/fr\/"},{"@type":"ListItem","position":2,"name":"Boutique","item":"https:\/\/suite88.com\/fr\/boutique\/"},{"@type":"ListItem","position":3,"name":"favoris","item":"https:\/\/suite88.com\/fr\/categorie-produit\/favoris\/"},{"@type":"ListItem","position":4,"name":"Truffes Croustillantes au Pralin\u00e9 &#8211; Collection de Favoris"}]},{"@type":"WebSite","@id":"https:\/\/suite88.com\/fr\/#website","url":"https:\/\/suite88.com\/fr\/","name":"Suite 88 Chocolatier","description":"Fine Belgian chocolate","publisher":{"@id":"https:\/\/suite88.com\/fr\/#organization"},"potentialAction":[{"@type":"SearchAction","target":{"@type":"EntryPoint","urlTemplate":"https:\/\/suite88.com\/fr\/?s={search_term_string}"},"query-input":{"@type":"PropertyValueSpecification","valueRequired":true,"valueName":"search_term_string"}}],"inLanguage":"fr-FR"},{"@type":"Organization","@id":"https:\/\/suite88.com\/fr\/#organization","name":"Suite 88 Chocolatier","alternateName":"Suite 88","url":"https:\/\/suite88.com\/fr\/","logo":{"@type":"ImageObject","inLanguage":"fr-FR","@id":"https:\/\/suite88.com\/fr\/#\/schema\/logo\/image\/","url":"https:\/\/suite88.com\/wp-content\/uploads\/2021\/04\/Suite-88-logo.png","contentUrl":"https:\/\/suite88.com\/wp-content\/uploads\/2021\/04\/Suite-88-logo.png","width":1536,"height":1496,"caption":"Suite 88 Chocolatier"},"image":{"@id":"https:\/\/suite88.com\/fr\/#\/schema\/logo\/image\/"},"sameAs":["https:\/\/www.facebook.com\/suite88","https:\/\/www.instagram.com\/suite88\/","https:\/\/www.pinterest.ca\/suite88\/"]}]},"product_price_amount":"6.00","product_price_currency":"CAD","og_availability":"instock","product_availability":"instock","product_retailer_item_id":"S88-CPT-F","product_condition":"new"},"_links":{"self":[{"href":"https:\/\/suite88.com\/fr\/wp-json\/wp\/v2\/product\/644","targetHints":{"allow":["GET"]}}],"collection":[{"href":"https:\/\/suite88.com\/fr\/wp-json\/wp\/v2\/product"}],"about":[{"href":"https:\/\/suite88.com\/fr\/wp-json\/wp\/v2\/types\/product"}],"replies":[{"embeddable":true,"href":"https:\/\/suite88.com\/fr\/wp-json\/wp\/v2\/comments?post=644"}],"wp:featuredmedia":[{"embeddable":true,"href":"https:\/\/suite88.com\/fr\/wp-json\/wp\/v2\/media\/4618"}],"wp:attachment":[{"href":"https:\/\/suite88.com\/fr\/wp-json\/wp\/v2\/media?parent=644"}],"wp:term":[{"taxonomy":"product_brand","embeddable":true,"href":"https:\/\/suite88.com\/fr\/wp-json\/wp\/v2\/product_brand?post=644"},{"taxonomy":"product_cat","embeddable":true,"href":"https:\/\/suite88.com\/fr\/wp-json\/wp\/v2\/product_cat?post=644"},{"taxonomy":"product_tag","embeddable":true,"href":"https:\/\/suite88.com\/fr\/wp-json\/wp\/v2\/product_tag?post=644"}],"curies":[{"name":"wp","href":"https:\/\/api.w.org\/{rel}","templated":true}]}}