{"id":685,"date":"2020-02-06T22:01:09","date_gmt":"2020-02-07T03:01:09","guid":{"rendered":"http:\/\/acvdevelopment.com\/product\/chocolat-noir-au-sucre-derable\/"},"modified":"2026-01-30T13:35:04","modified_gmt":"2026-01-30T18:35:04","slug":"chocolat-noir-erable","status":"publish","type":"product","link":"https:\/\/suite88.com\/fr\/produit\/chocolat-noir-erable\/","title":{"rendered":"Tablette de chocolat noir au sucre d&#8217;\u00e9rable"},"content":{"rendered":"","protected":false},"excerpt":{"rendered":"<p>Un \u00e9quilibre parfait entre le doux-amer de notre chocolat noir classique \u00e0 72% et le sirop d&#8217;\u00e9rable cristallis\u00e9.<\/p>\n","protected":false},"featured_media":4986,"comment_status":"closed","ping_status":"closed","template":"","meta":[],"product_brand":[],"product_cat":[79,155,118],"product_tag":[],"class_list":{"0":"post-685","1":"product","2":"type-product","3":"status-publish","4":"has-post-thumbnail","6":"product_cat-chocolats","7":"product_cat-etiquette-suite-88","8":"product_cat-tablettes","10":"first","11":"instock","12":"taxable","13":"shipping-taxable","14":"purchasable","15":"product-type-simple"},"yoast_head":"<!-- This site is optimized with the Yoast SEO Premium plugin v27.2 (Yoast SEO v27.2) - https:\/\/yoast.com\/product\/yoast-seo-premium-wordpress\/ -->\n<title>Tablette de chocolat noir au sucre d&#039;\u00e9rable &#8226; suite88.com<\/title>\n<meta name=\"description\" content=\"Un \u00e9quilibre parfait entre le doux-amer de notre chocolat noir classique \u00e0 72% et le sirop d&#039;\u00e9rable cristallis\u00e9.\" \/>\n<meta name=\"robots\" content=\"index, follow, max-snippet:-1, max-image-preview:large, max-video-preview:-1\" \/>\n<link rel=\"canonical\" href=\"https:\/\/suite88.com\/fr\/produit\/chocolat-noir-erable\/\" \/>\n<meta property=\"og:locale\" content=\"fr_FR\" \/>\n<meta property=\"og:type\" content=\"article\" \/>\n<meta property=\"og:title\" content=\"Tablette de chocolat noir au sucre d&#039;\u00e9rable\" \/>\n<meta property=\"og:description\" content=\"Un \u00e9quilibre parfait entre le doux-amer de notre chocolat noir classique \u00e0 72% et le sirop d&#039;\u00e9rable cristallis\u00e9.\" \/>\n<meta property=\"og:url\" content=\"https:\/\/suite88.com\/fr\/produit\/chocolat-noir-erable\/\" \/>\n<meta property=\"og:site_name\" content=\"suite88.com\" \/>\n<meta property=\"article:publisher\" content=\"https:\/\/www.facebook.com\/suite88\" \/>\n<meta property=\"article:modified_time\" content=\"2026-01-30T18:35:04+00:00\" \/>\n<meta property=\"og:image\" content=\"https:\/\/suite88.com\/wp-content\/uploads\/2020\/02\/maple-dark-bar-new-label.png\" \/>\n\t<meta property=\"og:image:width\" content=\"1500\" \/>\n\t<meta property=\"og:image:height\" content=\"1500\" \/>\n\t<meta property=\"og:image:type\" content=\"image\/png\" \/>\n<meta name=\"twitter:card\" content=\"summary_large_image\" \/>\n<meta name=\"twitter:label1\" content=\"Prix\" \/>\n\t<meta name=\"twitter:data1\" content=\"&#036;5,50\" \/>\n\t<meta name=\"twitter:label2\" content=\"Disponibilit\u00e9\" \/>\n\t<meta name=\"twitter:data2\" content=\"En stock\" \/>\n<script type=\"application\/ld+json\" class=\"yoast-schema-graph\">{\"@context\":\"https:\/\/schema.org\",\"@graph\":[{\"@type\":\"WebPage\",\"@id\":\"https:\/\/suite88.com\/fr\/produit\/chocolat-noir-erable\/\",\"url\":\"https:\/\/suite88.com\/fr\/produit\/chocolat-noir-erable\/\",\"name\":\"Tablette de chocolat noir au sucre d'\u00e9rable &#8226; suite88.com\",\"isPartOf\":{\"@id\":\"https:\/\/suite88.com\/fr\/#website\"},\"primaryImageOfPage\":{\"@id\":\"https:\/\/suite88.com\/fr\/produit\/chocolat-noir-erable\/#primaryimage\"},\"image\":{\"@id\":\"https:\/\/suite88.com\/fr\/produit\/chocolat-noir-erable\/#primaryimage\"},\"thumbnailUrl\":\"https:\/\/suite88.com\/wp-content\/uploads\/2020\/02\/maple-dark-bar-new-label.png\",\"datePublished\":\"2020-02-07T03:01:09+00:00\",\"dateModified\":\"2026-01-30T18:35:04+00:00\",\"description\":\"Un \u00e9quilibre parfait entre le doux-amer de notre chocolat noir classique \u00e0 72% et le sirop d'\u00e9rable cristallis\u00e9.\",\"breadcrumb\":{\"@id\":\"https:\/\/suite88.com\/fr\/produit\/chocolat-noir-erable\/#breadcrumb\"},\"inLanguage\":\"fr-FR\",\"potentialAction\":[{\"@type\":\"ReadAction\",\"target\":[\"https:\/\/suite88.com\/fr\/produit\/chocolat-noir-erable\/\"]}]},{\"@type\":\"ImageObject\",\"inLanguage\":\"fr-FR\",\"@id\":\"https:\/\/suite88.com\/fr\/produit\/chocolat-noir-erable\/#primaryimage\",\"url\":\"https:\/\/suite88.com\/wp-content\/uploads\/2020\/02\/maple-dark-bar-new-label.png\",\"contentUrl\":\"https:\/\/suite88.com\/wp-content\/uploads\/2020\/02\/maple-dark-bar-new-label.png\",\"width\":1500,\"height\":1500,\"caption\":\"Tablette de chocolat noir au sucre d'\u00e9rable\"},{\"@type\":\"BreadcrumbList\",\"@id\":\"https:\/\/suite88.com\/fr\/produit\/chocolat-noir-erable\/#breadcrumb\",\"itemListElement\":[{\"@type\":\"ListItem\",\"position\":1,\"name\":\"Home\",\"item\":\"https:\/\/suite88.com\/fr\/\"},{\"@type\":\"ListItem\",\"position\":2,\"name\":\"Boutique\",\"item\":\"https:\/\/suite88.com\/fr\/boutique\/\"},{\"@type\":\"ListItem\",\"position\":3,\"name\":\"tablettes\",\"item\":\"https:\/\/suite88.com\/fr\/categorie-produit\/tablettes\/\"},{\"@type\":\"ListItem\",\"position\":4,\"name\":\"Tablette de chocolat noir au sucre d&#8217;\u00e9rable\"}]},{\"@type\":\"WebSite\",\"@id\":\"https:\/\/suite88.com\/fr\/#website\",\"url\":\"https:\/\/suite88.com\/fr\/\",\"name\":\"Suite 88 Chocolatier\",\"description\":\"Fine Belgian chocolate\",\"publisher\":{\"@id\":\"https:\/\/suite88.com\/fr\/#organization\"},\"potentialAction\":[{\"@type\":\"SearchAction\",\"target\":{\"@type\":\"EntryPoint\",\"urlTemplate\":\"https:\/\/suite88.com\/fr\/?s={search_term_string}\"},\"query-input\":{\"@type\":\"PropertyValueSpecification\",\"valueRequired\":true,\"valueName\":\"search_term_string\"}}],\"inLanguage\":\"fr-FR\"},{\"@type\":\"Organization\",\"@id\":\"https:\/\/suite88.com\/fr\/#organization\",\"name\":\"Suite 88 Chocolatier\",\"alternateName\":\"Suite 88\",\"url\":\"https:\/\/suite88.com\/fr\/\",\"logo\":{\"@type\":\"ImageObject\",\"inLanguage\":\"fr-FR\",\"@id\":\"https:\/\/suite88.com\/fr\/#\/schema\/logo\/image\/\",\"url\":\"https:\/\/suite88.com\/wp-content\/uploads\/2021\/04\/Suite-88-logo.png\",\"contentUrl\":\"https:\/\/suite88.com\/wp-content\/uploads\/2021\/04\/Suite-88-logo.png\",\"width\":1536,\"height\":1496,\"caption\":\"Suite 88 Chocolatier\"},\"image\":{\"@id\":\"https:\/\/suite88.com\/fr\/#\/schema\/logo\/image\/\"},\"sameAs\":[\"https:\/\/www.facebook.com\/suite88\",\"https:\/\/www.instagram.com\/suite88\/\",\"https:\/\/www.pinterest.ca\/suite88\/\"]}]}<\/script>\n<meta property=\"product:price:amount\" content=\"5.50\" \/>\n<meta property=\"product:price:currency\" content=\"CAD\" \/>\n<meta property=\"og:availability\" content=\"instock\" \/>\n<meta property=\"product:availability\" content=\"instock\" \/>\n<meta property=\"product:retailer_item_id\" content=\"S88-B-MD\" \/>\n<meta property=\"product:condition\" content=\"new\" \/>\n<!-- \/ Yoast SEO Premium plugin. -->","yoast_head_json":{"title":"Tablette de chocolat noir au sucre d'\u00e9rable &#8226; suite88.com","description":"Un \u00e9quilibre parfait entre le doux-amer de notre chocolat noir classique \u00e0 72% et le sirop d'\u00e9rable cristallis\u00e9.","robots":{"index":"index","follow":"follow","max-snippet":"max-snippet:-1","max-image-preview":"max-image-preview:large","max-video-preview":"max-video-preview:-1"},"canonical":"https:\/\/suite88.com\/fr\/produit\/chocolat-noir-erable\/","og_locale":"fr_FR","og_type":"article","og_title":"Tablette de chocolat noir au sucre d'\u00e9rable","og_description":"Un \u00e9quilibre parfait entre le doux-amer de notre chocolat noir classique \u00e0 72% et le sirop d'\u00e9rable cristallis\u00e9.","og_url":"https:\/\/suite88.com\/fr\/produit\/chocolat-noir-erable\/","og_site_name":"suite88.com","article_publisher":"https:\/\/www.facebook.com\/suite88","article_modified_time":"2026-01-30T18:35:04+00:00","og_image":[{"width":1500,"height":1500,"url":"https:\/\/suite88.com\/wp-content\/uploads\/2020\/02\/maple-dark-bar-new-label.png","type":"image\/png"}],"twitter_card":"summary_large_image","twitter_misc":{"Prix":"&#36;5,50","Disponibilit\u00e9":"En stock"},"schema":{"@context":"https:\/\/schema.org","@graph":[{"@type":"WebPage","@id":"https:\/\/suite88.com\/fr\/produit\/chocolat-noir-erable\/","url":"https:\/\/suite88.com\/fr\/produit\/chocolat-noir-erable\/","name":"Tablette de chocolat noir au sucre d'\u00e9rable &#8226; suite88.com","isPartOf":{"@id":"https:\/\/suite88.com\/fr\/#website"},"primaryImageOfPage":{"@id":"https:\/\/suite88.com\/fr\/produit\/chocolat-noir-erable\/#primaryimage"},"image":{"@id":"https:\/\/suite88.com\/fr\/produit\/chocolat-noir-erable\/#primaryimage"},"thumbnailUrl":"https:\/\/suite88.com\/wp-content\/uploads\/2020\/02\/maple-dark-bar-new-label.png","datePublished":"2020-02-07T03:01:09+00:00","dateModified":"2026-01-30T18:35:04+00:00","description":"Un \u00e9quilibre parfait entre le doux-amer de notre chocolat noir classique \u00e0 72% et le sirop d'\u00e9rable cristallis\u00e9.","breadcrumb":{"@id":"https:\/\/suite88.com\/fr\/produit\/chocolat-noir-erable\/#breadcrumb"},"inLanguage":"fr-FR","potentialAction":[{"@type":"ReadAction","target":["https:\/\/suite88.com\/fr\/produit\/chocolat-noir-erable\/"]}]},{"@type":"ImageObject","inLanguage":"fr-FR","@id":"https:\/\/suite88.com\/fr\/produit\/chocolat-noir-erable\/#primaryimage","url":"https:\/\/suite88.com\/wp-content\/uploads\/2020\/02\/maple-dark-bar-new-label.png","contentUrl":"https:\/\/suite88.com\/wp-content\/uploads\/2020\/02\/maple-dark-bar-new-label.png","width":1500,"height":1500,"caption":"Tablette de chocolat noir au sucre d'\u00e9rable"},{"@type":"BreadcrumbList","@id":"https:\/\/suite88.com\/fr\/produit\/chocolat-noir-erable\/#breadcrumb","itemListElement":[{"@type":"ListItem","position":1,"name":"Home","item":"https:\/\/suite88.com\/fr\/"},{"@type":"ListItem","position":2,"name":"Boutique","item":"https:\/\/suite88.com\/fr\/boutique\/"},{"@type":"ListItem","position":3,"name":"tablettes","item":"https:\/\/suite88.com\/fr\/categorie-produit\/tablettes\/"},{"@type":"ListItem","position":4,"name":"Tablette de chocolat noir au sucre d&#8217;\u00e9rable"}]},{"@type":"WebSite","@id":"https:\/\/suite88.com\/fr\/#website","url":"https:\/\/suite88.com\/fr\/","name":"Suite 88 Chocolatier","description":"Fine Belgian chocolate","publisher":{"@id":"https:\/\/suite88.com\/fr\/#organization"},"potentialAction":[{"@type":"SearchAction","target":{"@type":"EntryPoint","urlTemplate":"https:\/\/suite88.com\/fr\/?s={search_term_string}"},"query-input":{"@type":"PropertyValueSpecification","valueRequired":true,"valueName":"search_term_string"}}],"inLanguage":"fr-FR"},{"@type":"Organization","@id":"https:\/\/suite88.com\/fr\/#organization","name":"Suite 88 Chocolatier","alternateName":"Suite 88","url":"https:\/\/suite88.com\/fr\/","logo":{"@type":"ImageObject","inLanguage":"fr-FR","@id":"https:\/\/suite88.com\/fr\/#\/schema\/logo\/image\/","url":"https:\/\/suite88.com\/wp-content\/uploads\/2021\/04\/Suite-88-logo.png","contentUrl":"https:\/\/suite88.com\/wp-content\/uploads\/2021\/04\/Suite-88-logo.png","width":1536,"height":1496,"caption":"Suite 88 Chocolatier"},"image":{"@id":"https:\/\/suite88.com\/fr\/#\/schema\/logo\/image\/"},"sameAs":["https:\/\/www.facebook.com\/suite88","https:\/\/www.instagram.com\/suite88\/","https:\/\/www.pinterest.ca\/suite88\/"]}]},"product_price_amount":"5.50","product_price_currency":"CAD","og_availability":"instock","product_availability":"instock","product_retailer_item_id":"S88-B-MD","product_condition":"new"},"_links":{"self":[{"href":"https:\/\/suite88.com\/fr\/wp-json\/wp\/v2\/product\/685","targetHints":{"allow":["GET"]}}],"collection":[{"href":"https:\/\/suite88.com\/fr\/wp-json\/wp\/v2\/product"}],"about":[{"href":"https:\/\/suite88.com\/fr\/wp-json\/wp\/v2\/types\/product"}],"replies":[{"embeddable":true,"href":"https:\/\/suite88.com\/fr\/wp-json\/wp\/v2\/comments?post=685"}],"wp:featuredmedia":[{"embeddable":true,"href":"https:\/\/suite88.com\/fr\/wp-json\/wp\/v2\/media\/4986"}],"wp:attachment":[{"href":"https:\/\/suite88.com\/fr\/wp-json\/wp\/v2\/media?parent=685"}],"wp:term":[{"taxonomy":"product_brand","embeddable":true,"href":"https:\/\/suite88.com\/fr\/wp-json\/wp\/v2\/product_brand?post=685"},{"taxonomy":"product_cat","embeddable":true,"href":"https:\/\/suite88.com\/fr\/wp-json\/wp\/v2\/product_cat?post=685"},{"taxonomy":"product_tag","embeddable":true,"href":"https:\/\/suite88.com\/fr\/wp-json\/wp\/v2\/product_tag?post=685"}],"curies":[{"name":"wp","href":"https:\/\/api.w.org\/{rel}","templated":true}]}}