{"id":721,"date":"2020-02-09T22:46:41","date_gmt":"2020-02-09T22:46:42","guid":{"rendered":"http:\/\/acvdevelopment.com\/?post_type=product&#038;p=721"},"modified":"2021-05-06T01:48:59","modified_gmt":"2021-05-06T01:48:59","slug":"tortues-amandes-noir","status":"publish","type":"product","link":"https:\/\/suite88.com\/fr\/produit\/tortues-amandes-noir\/","title":{"rendered":"Tortues aux Amandes au Chocolat Noir &#8211; Collection de Favoris"},"content":{"rendered":"","protected":false},"excerpt":{"rendered":"<p>Ces tortues aux amandes au chocolat noir combinent le croquant des amandes doublement grill\u00e9es, le caramel cr\u00e9meux et le chocolat belge \u00e0 72%.<\/p>\n<p>&nbsp;<\/p>\n","protected":false},"featured_media":4627,"comment_status":"closed","ping_status":"closed","template":"","meta":[],"product_brand":[],"product_cat":[113],"product_tag":[90,107,106],"class_list":{"0":"post-721","1":"product","2":"type-product","3":"status-publish","4":"has-post-thumbnail","6":"product_cat-favoris","7":"product_tag-chocolat","8":"product_tag-favoris","9":"product_tag-tortues","11":"first","12":"instock","13":"taxable","14":"shipping-taxable","15":"purchasable","16":"product-type-simple"},"yoast_head":"<!-- This site is optimized with the Yoast SEO Premium plugin v27.3 (Yoast SEO v27.3) - https:\/\/yoast.com\/product\/yoast-seo-premium-wordpress\/ -->\n<title>Tortues aux Amandes au Chocolat Noir - Collection de Favoris &#8226; suite88.com<\/title>\n<meta name=\"description\" content=\"Ces tortues aux amandes au chocolat noir combinent le croquant des amandes doublement grill\u00e9es, le caramel cr\u00e9meux et le chocolat belge \u00e0 72%.\" \/>\n<meta name=\"robots\" content=\"index, follow, max-snippet:-1, max-image-preview:large, max-video-preview:-1\" \/>\n<link rel=\"canonical\" href=\"https:\/\/suite88.com\/fr\/produit\/tortues-amandes-noir\/\" \/>\n<meta property=\"og:locale\" content=\"fr_FR\" \/>\n<meta property=\"og:type\" content=\"article\" \/>\n<meta property=\"og:title\" content=\"Tortues aux Amandes au Chocolat Noir - Collection de Favoris\" \/>\n<meta property=\"og:description\" content=\"Ces tortues aux amandes au chocolat noir combinent le croquant des amandes doublement grill\u00e9es, le caramel cr\u00e9meux et le chocolat belge \u00e0 72%.\" \/>\n<meta property=\"og:url\" content=\"https:\/\/suite88.com\/fr\/produit\/tortues-amandes-noir\/\" \/>\n<meta property=\"og:site_name\" content=\"suite88.com\" \/>\n<meta property=\"article:publisher\" content=\"https:\/\/www.facebook.com\/suite88\" \/>\n<meta property=\"article:modified_time\" content=\"2021-05-06T01:48:59+00:00\" \/>\n<meta property=\"og:image\" content=\"https:\/\/i2.wp.com\/suite88.com\/wp-content\/uploads\/2020\/02\/dark-turtles-2.jpg?fit=800%2C800&ssl=1\" \/>\n\t<meta property=\"og:image:width\" content=\"800\" \/>\n\t<meta property=\"og:image:height\" content=\"800\" \/>\n\t<meta property=\"og:image:type\" content=\"image\/jpeg\" \/>\n<meta name=\"twitter:card\" content=\"summary_large_image\" \/>\n<meta name=\"twitter:label1\" content=\"Prix\" \/>\n\t<meta name=\"twitter:data1\" content=\"&#036;6,00\" \/>\n\t<meta name=\"twitter:label2\" content=\"Disponibilit\u00e9\" \/>\n\t<meta name=\"twitter:data2\" content=\"En stock\" \/>\n<script type=\"application\/ld+json\" class=\"yoast-schema-graph\">{\"@context\":\"https:\\\/\\\/schema.org\",\"@graph\":[{\"@type\":\"WebPage\",\"@id\":\"https:\\\/\\\/suite88.com\\\/fr\\\/produit\\\/tortues-amandes-noir\\\/\",\"url\":\"https:\\\/\\\/suite88.com\\\/fr\\\/produit\\\/tortues-amandes-noir\\\/\",\"name\":\"Tortues aux Amandes au Chocolat Noir - Collection de Favoris &#8226; suite88.com\",\"isPartOf\":{\"@id\":\"https:\\\/\\\/suite88.com\\\/fr\\\/#website\"},\"primaryImageOfPage\":{\"@id\":\"https:\\\/\\\/suite88.com\\\/fr\\\/produit\\\/tortues-amandes-noir\\\/#primaryimage\"},\"image\":{\"@id\":\"https:\\\/\\\/suite88.com\\\/fr\\\/produit\\\/tortues-amandes-noir\\\/#primaryimage\"},\"thumbnailUrl\":\"https:\\\/\\\/suite88.com\\\/wp-content\\\/uploads\\\/2020\\\/02\\\/dark-turtles-2.jpg\",\"datePublished\":\"2020-02-09T22:46:42+00:00\",\"dateModified\":\"2021-05-06T01:48:59+00:00\",\"description\":\"Ces tortues aux amandes au chocolat noir combinent le croquant des amandes doublement grill\u00e9es, le caramel cr\u00e9meux et le chocolat belge \u00e0 72%.\",\"breadcrumb\":{\"@id\":\"https:\\\/\\\/suite88.com\\\/fr\\\/produit\\\/tortues-amandes-noir\\\/#breadcrumb\"},\"inLanguage\":\"fr-FR\",\"potentialAction\":[{\"@type\":\"ReadAction\",\"target\":[\"https:\\\/\\\/suite88.com\\\/fr\\\/produit\\\/tortues-amandes-noir\\\/\"]}]},{\"@type\":\"ImageObject\",\"inLanguage\":\"fr-FR\",\"@id\":\"https:\\\/\\\/suite88.com\\\/fr\\\/produit\\\/tortues-amandes-noir\\\/#primaryimage\",\"url\":\"https:\\\/\\\/suite88.com\\\/wp-content\\\/uploads\\\/2020\\\/02\\\/dark-turtles-2.jpg\",\"contentUrl\":\"https:\\\/\\\/suite88.com\\\/wp-content\\\/uploads\\\/2020\\\/02\\\/dark-turtles-2.jpg\",\"width\":800,\"height\":800,\"caption\":\"tortues d'amandes chocolate noir\"},{\"@type\":\"BreadcrumbList\",\"@id\":\"https:\\\/\\\/suite88.com\\\/fr\\\/produit\\\/tortues-amandes-noir\\\/#breadcrumb\",\"itemListElement\":[{\"@type\":\"ListItem\",\"position\":1,\"name\":\"Home\",\"item\":\"https:\\\/\\\/suite88.com\\\/fr\\\/\"},{\"@type\":\"ListItem\",\"position\":2,\"name\":\"Boutique\",\"item\":\"https:\\\/\\\/suite88.com\\\/fr\\\/boutique\\\/\"},{\"@type\":\"ListItem\",\"position\":3,\"name\":\"favoris\",\"item\":\"https:\\\/\\\/suite88.com\\\/fr\\\/categorie-produit\\\/favoris\\\/\"},{\"@type\":\"ListItem\",\"position\":4,\"name\":\"Tortues aux Amandes au Chocolat Noir &#8211; Collection de Favoris\"}]},{\"@type\":\"WebSite\",\"@id\":\"https:\\\/\\\/suite88.com\\\/fr\\\/#website\",\"url\":\"https:\\\/\\\/suite88.com\\\/fr\\\/\",\"name\":\"Suite 88 Chocolatier\",\"description\":\"Fine Belgian chocolate\",\"publisher\":{\"@id\":\"https:\\\/\\\/suite88.com\\\/fr\\\/#organization\"},\"potentialAction\":[{\"@type\":\"SearchAction\",\"target\":{\"@type\":\"EntryPoint\",\"urlTemplate\":\"https:\\\/\\\/suite88.com\\\/fr\\\/?s={search_term_string}\"},\"query-input\":{\"@type\":\"PropertyValueSpecification\",\"valueRequired\":true,\"valueName\":\"search_term_string\"}}],\"inLanguage\":\"fr-FR\"},{\"@type\":\"Organization\",\"@id\":\"https:\\\/\\\/suite88.com\\\/fr\\\/#organization\",\"name\":\"Suite 88 Chocolatier\",\"alternateName\":\"Suite 88\",\"url\":\"https:\\\/\\\/suite88.com\\\/fr\\\/\",\"logo\":{\"@type\":\"ImageObject\",\"inLanguage\":\"fr-FR\",\"@id\":\"https:\\\/\\\/suite88.com\\\/fr\\\/#\\\/schema\\\/logo\\\/image\\\/\",\"url\":\"https:\\\/\\\/suite88.com\\\/wp-content\\\/uploads\\\/2021\\\/04\\\/Suite-88-logo.png\",\"contentUrl\":\"https:\\\/\\\/suite88.com\\\/wp-content\\\/uploads\\\/2021\\\/04\\\/Suite-88-logo.png\",\"width\":1536,\"height\":1496,\"caption\":\"Suite 88 Chocolatier\"},\"image\":{\"@id\":\"https:\\\/\\\/suite88.com\\\/fr\\\/#\\\/schema\\\/logo\\\/image\\\/\"},\"sameAs\":[\"https:\\\/\\\/www.facebook.com\\\/suite88\",\"https:\\\/\\\/www.instagram.com\\\/suite88\\\/\",\"https:\\\/\\\/www.pinterest.ca\\\/suite88\\\/\"]}]}<\/script>\n<meta property=\"product:price:amount\" content=\"6.00\" \/>\n<meta property=\"product:price:currency\" content=\"CAD\" \/>\n<meta property=\"og:availability\" content=\"instock\" \/>\n<meta property=\"product:availability\" content=\"instock\" \/>\n<meta property=\"product:retailer_item_id\" content=\"S88-DT-F\" \/>\n<meta property=\"product:condition\" content=\"new\" \/>\n<!-- \/ Yoast SEO Premium plugin. -->","yoast_head_json":{"title":"Tortues aux Amandes au Chocolat Noir - Collection de Favoris &#8226; suite88.com","description":"Ces tortues aux amandes au chocolat noir combinent le croquant des amandes doublement grill\u00e9es, le caramel cr\u00e9meux et le chocolat belge \u00e0 72%.","robots":{"index":"index","follow":"follow","max-snippet":"max-snippet:-1","max-image-preview":"max-image-preview:large","max-video-preview":"max-video-preview:-1"},"canonical":"https:\/\/suite88.com\/fr\/produit\/tortues-amandes-noir\/","og_locale":"fr_FR","og_type":"article","og_title":"Tortues aux Amandes au Chocolat Noir - Collection de Favoris","og_description":"Ces tortues aux amandes au chocolat noir combinent le croquant des amandes doublement grill\u00e9es, le caramel cr\u00e9meux et le chocolat belge \u00e0 72%.","og_url":"https:\/\/suite88.com\/fr\/produit\/tortues-amandes-noir\/","og_site_name":"suite88.com","article_publisher":"https:\/\/www.facebook.com\/suite88","article_modified_time":"2021-05-06T01:48:59+00:00","og_image":[{"width":800,"height":800,"url":"https:\/\/i2.wp.com\/suite88.com\/wp-content\/uploads\/2020\/02\/dark-turtles-2.jpg?fit=800%2C800&ssl=1","type":"image\/jpeg"}],"twitter_card":"summary_large_image","twitter_misc":{"Prix":"&#36;6,00","Disponibilit\u00e9":"En stock"},"schema":{"@context":"https:\/\/schema.org","@graph":[{"@type":"WebPage","@id":"https:\/\/suite88.com\/fr\/produit\/tortues-amandes-noir\/","url":"https:\/\/suite88.com\/fr\/produit\/tortues-amandes-noir\/","name":"Tortues aux Amandes au Chocolat Noir - Collection de Favoris &#8226; suite88.com","isPartOf":{"@id":"https:\/\/suite88.com\/fr\/#website"},"primaryImageOfPage":{"@id":"https:\/\/suite88.com\/fr\/produit\/tortues-amandes-noir\/#primaryimage"},"image":{"@id":"https:\/\/suite88.com\/fr\/produit\/tortues-amandes-noir\/#primaryimage"},"thumbnailUrl":"https:\/\/suite88.com\/wp-content\/uploads\/2020\/02\/dark-turtles-2.jpg","datePublished":"2020-02-09T22:46:42+00:00","dateModified":"2021-05-06T01:48:59+00:00","description":"Ces tortues aux amandes au chocolat noir combinent le croquant des amandes doublement grill\u00e9es, le caramel cr\u00e9meux et le chocolat belge \u00e0 72%.","breadcrumb":{"@id":"https:\/\/suite88.com\/fr\/produit\/tortues-amandes-noir\/#breadcrumb"},"inLanguage":"fr-FR","potentialAction":[{"@type":"ReadAction","target":["https:\/\/suite88.com\/fr\/produit\/tortues-amandes-noir\/"]}]},{"@type":"ImageObject","inLanguage":"fr-FR","@id":"https:\/\/suite88.com\/fr\/produit\/tortues-amandes-noir\/#primaryimage","url":"https:\/\/suite88.com\/wp-content\/uploads\/2020\/02\/dark-turtles-2.jpg","contentUrl":"https:\/\/suite88.com\/wp-content\/uploads\/2020\/02\/dark-turtles-2.jpg","width":800,"height":800,"caption":"tortues d'amandes chocolate noir"},{"@type":"BreadcrumbList","@id":"https:\/\/suite88.com\/fr\/produit\/tortues-amandes-noir\/#breadcrumb","itemListElement":[{"@type":"ListItem","position":1,"name":"Home","item":"https:\/\/suite88.com\/fr\/"},{"@type":"ListItem","position":2,"name":"Boutique","item":"https:\/\/suite88.com\/fr\/boutique\/"},{"@type":"ListItem","position":3,"name":"favoris","item":"https:\/\/suite88.com\/fr\/categorie-produit\/favoris\/"},{"@type":"ListItem","position":4,"name":"Tortues aux Amandes au Chocolat Noir &#8211; Collection de Favoris"}]},{"@type":"WebSite","@id":"https:\/\/suite88.com\/fr\/#website","url":"https:\/\/suite88.com\/fr\/","name":"Suite 88 Chocolatier","description":"Fine Belgian chocolate","publisher":{"@id":"https:\/\/suite88.com\/fr\/#organization"},"potentialAction":[{"@type":"SearchAction","target":{"@type":"EntryPoint","urlTemplate":"https:\/\/suite88.com\/fr\/?s={search_term_string}"},"query-input":{"@type":"PropertyValueSpecification","valueRequired":true,"valueName":"search_term_string"}}],"inLanguage":"fr-FR"},{"@type":"Organization","@id":"https:\/\/suite88.com\/fr\/#organization","name":"Suite 88 Chocolatier","alternateName":"Suite 88","url":"https:\/\/suite88.com\/fr\/","logo":{"@type":"ImageObject","inLanguage":"fr-FR","@id":"https:\/\/suite88.com\/fr\/#\/schema\/logo\/image\/","url":"https:\/\/suite88.com\/wp-content\/uploads\/2021\/04\/Suite-88-logo.png","contentUrl":"https:\/\/suite88.com\/wp-content\/uploads\/2021\/04\/Suite-88-logo.png","width":1536,"height":1496,"caption":"Suite 88 Chocolatier"},"image":{"@id":"https:\/\/suite88.com\/fr\/#\/schema\/logo\/image\/"},"sameAs":["https:\/\/www.facebook.com\/suite88","https:\/\/www.instagram.com\/suite88\/","https:\/\/www.pinterest.ca\/suite88\/"]}]},"product_price_amount":"6.00","product_price_currency":"CAD","og_availability":"instock","product_availability":"instock","product_retailer_item_id":"S88-DT-F","product_condition":"new"},"_links":{"self":[{"href":"https:\/\/suite88.com\/fr\/wp-json\/wp\/v2\/product\/721","targetHints":{"allow":["GET"]}}],"collection":[{"href":"https:\/\/suite88.com\/fr\/wp-json\/wp\/v2\/product"}],"about":[{"href":"https:\/\/suite88.com\/fr\/wp-json\/wp\/v2\/types\/product"}],"replies":[{"embeddable":true,"href":"https:\/\/suite88.com\/fr\/wp-json\/wp\/v2\/comments?post=721"}],"wp:featuredmedia":[{"embeddable":true,"href":"https:\/\/suite88.com\/fr\/wp-json\/wp\/v2\/media\/4627"}],"wp:attachment":[{"href":"https:\/\/suite88.com\/fr\/wp-json\/wp\/v2\/media?parent=721"}],"wp:term":[{"taxonomy":"product_brand","embeddable":true,"href":"https:\/\/suite88.com\/fr\/wp-json\/wp\/v2\/product_brand?post=721"},{"taxonomy":"product_cat","embeddable":true,"href":"https:\/\/suite88.com\/fr\/wp-json\/wp\/v2\/product_cat?post=721"},{"taxonomy":"product_tag","embeddable":true,"href":"https:\/\/suite88.com\/fr\/wp-json\/wp\/v2\/product_tag?post=721"}],"curies":[{"name":"wp","href":"https:\/\/api.w.org\/{rel}","templated":true}]}}